{"id":1179,"date":"2004-12-31T00:21:48","date_gmt":"2004-12-30T23:21:48","guid":{"rendered":"http:\/\/bezjacka.art.pl\/strona\/?page_id=1179"},"modified":"2013-08-26T14:30:27","modified_gmt":"2013-08-26T12:30:27","slug":"alfabet-bez-jacka","status":"publish","type":"page","link":"http:\/\/bezjacka.art.pl\/strona\/alfabet-bez-jacka\/","title":{"rendered":"Alfabet &#8220;Bez Jacka&#8221;"},"content":{"rendered":"<p style=\"text-align: justify;\"><a href=\"http:\/\/bezjacka.art.pl\/strona\/wp-content\/uploads\/2004\/12\/alpha.jpg\"><img data-attachment-id=\"3023\" data-permalink=\"http:\/\/bezjacka.art.pl\/strona\/alfabet-bez-jacka\/alpha\/\" data-orig-file=\"http:\/\/bezjacka.art.pl\/strona\/wp-content\/uploads\/2004\/12\/alpha.jpg\" data-orig-size=\"400,300\" data-comments-opened=\"1\" data-image-meta=\"{&quot;aperture&quot;:&quot;0&quot;,&quot;credit&quot;:&quot;&quot;,&quot;camera&quot;:&quot;&quot;,&quot;caption&quot;:&quot;&quot;,&quot;created_timestamp&quot;:&quot;0&quot;,&quot;copyright&quot;:&quot;&quot;,&quot;focal_length&quot;:&quot;0&quot;,&quot;iso&quot;:&quot;0&quot;,&quot;shutter_speed&quot;:&quot;0&quot;,&quot;title&quot;:&quot;&quot;}\" data-image-title=\"alpha\" data-image-description=\"\" data-image-caption=\"\" data-medium-file=\"http:\/\/bezjacka.art.pl\/strona\/wp-content\/uploads\/2004\/12\/alpha-250x187.jpg\" data-large-file=\"http:\/\/bezjacka.art.pl\/strona\/wp-content\/uploads\/2004\/12\/alpha.jpg\" loading=\"lazy\" width=\"400\" height=\"300\" class=\"alignright size-full wp-image-3023\" alt=\"alpha\" src=\"http:\/\/bezjacka.art.pl\/strona\/wp-content\/uploads\/2004\/12\/alpha.jpg\" srcset=\"http:\/\/bezjacka.art.pl\/strona\/wp-content\/uploads\/2004\/12\/alpha.jpg 400w, http:\/\/bezjacka.art.pl\/strona\/wp-content\/uploads\/2004\/12\/alpha-250x187.jpg 250w, http:\/\/bezjacka.art.pl\/strona\/wp-content\/uploads\/2004\/12\/alpha-125x93.jpg 125w, http:\/\/bezjacka.art.pl\/strona\/wp-content\/uploads\/2004\/12\/alpha-220x165.jpg 220w\" sizes=\"(max-width: 400px) 100vw, 400px\" \/><\/a>Chcia\u0142em uzupe\u0142ni\u0107 alfabet o ludzi i miejsca istotne. W jaki\u015b spos\u00f3b usystematyzowa\u0107 o ile da si\u0119 skatalogowa\u0107 emocje, uczucia i w og\u00f3le \u017cycie. Poniewa\u017c nie chcia\u0142bym kogo\u015b wa\u017cnego dla nas pomin\u0105\u0107 a mo\u017ce kto\u015b nie \u017cyczy sobie obecno\u015bci na tej li\u015bcie, wiele te\u017c dat nie pami\u0119tam (zdj\u0119\u0107 i pami\u0105tek nie posiadam) albo nie dok\u0142adnie pami\u0119tam (czas zaciera daty), dlatego piszcie, poprawiajcie mnie, wielu te\u017c ludzi i miejsc jeszcze nie zamie\u015bci\u0142em bo nie pami\u0119tam. Ka\u017cda z tych os\u00f3b kr\u00f3tkim lub d\u0142u\u017cszym zdankiem b\u0119dzie opisana i uszczeg\u00f3\u0142owiona dlatego piszcie i uzupe\u0142niajcie &#8211; mail jest w <a title=\"kontakt\" href=\"http:\/\/bezjacka.art.pl\/strona\/kontakt\/\">kontaktach<\/a>.<\/p>\n<p style=\"text-align: right;\"><em>Jaros\u0142aw Horacy Chrz\u0105stek<\/em><\/p>\n<h4>Byli i obecni cz\u0142onkowie Bez Jacka<\/h4>\n<p><strong><a href=\"http:\/\/bezjacka.art.pl\/strona\/o-moim-duzym-przyjacielu\/ \">Jacek Stefa\u0144ski<\/a><\/strong> (od zawsze do 9.08.1983) &#8211; flet, \u015bpiew<br \/>\n<strong><a href=\"http:\/\/bezjacka.art.pl\/strona\/zamiast-wstepu\/\">Jan Stefa\u0144ski<\/a><\/strong> (od zawsze do 14.02.1996) &#8211; gitara solowa, \u015bpiew<br \/>\n<strong><a href=\"http:\/\/bezjacka.art.pl\/strona\/zbyszek-maria-stefanski\/ \">Zbigniew Maria Stefa\u0144ski<\/a><\/strong> &#8211; (od zawsze) &#8211; gitara, \u015bpiew, lider<br \/>\n<strong><a href=\"http:\/\/bezjacka.art.pl\/strona\/max\/\">Maksymilian &#8220;Max&#8221; Zi\u0119tek<\/a><\/strong> (&#8230;&#8230;.) &#8211; gitara, \u015bpiew<br \/>\n<strong><a href=\"http:\/\/bezjacka.art.pl\/strona\/jaroslaw-horacy-chrzastek\/\">Jaros\u0142aw Horacy Chrz\u0105stek<\/a><\/strong> (od zawsze) &#8211; flet, \u015bpiew<br \/>\n<strong><a href=\" http:\/\/bezjacka.art.pl\/strona\/olek-grotowski\/\">Aleksander Grotowski<\/a><\/strong> (od&#8230;. do 10.05.2007) &#8211; gitara basowa, gitara<br \/>\n<strong><a href=\"http:\/\/bezjacka.art.pl\/strona\/wojtek-sokolowski\/ \">Wojtek Soko\u0142owski<\/a><\/strong> (od maja 2006) &#8211; gitara basowa<br \/>\n<strong><a href=\"http:\/\/bezjacka.art.pl\/strona\/mariusz-wilke\/ \">Mariusz Wilke<\/a><\/strong> (od lipca 2007) &#8211; gitara<br \/>\n<strong>Krzysztof &#8220;Lumbago&#8221; G\u00f3rski<\/strong> (&#8230;&#8230;.) &#8211; gitara, \u015bpiew<br \/>\n<strong>Ernest \u0141\u0119towski<\/strong> (&#8230;&#8230;.) &#8211; menad\u017cer<br \/>\n<strong>Stefan B\u0142aszczy\u0144ski<\/strong> (&#8230;&#8230;.) &#8211; flet<br \/>\n<strong>Marek &#8220;Remik&#8221; Remiszewski<\/strong> (&#8230;&#8230;.) &#8211; menad\u017cer<br \/>\n<strong>Dariusz &#8220;Ga\u0142a&#8221; Domaga\u0142a<\/strong> (&#8230;&#8230;.) &#8211; menad\u017cer<br \/>\n<strong>Wojtek Czemplik<\/strong> (&#8230;&#8230;.) &#8211; skrzypce<br \/>\n<strong>Henryk Witczak<\/strong> (&#8230;&#8230;.) &#8211; menad\u017cer<br \/>\n<strong>Marek Majewski<\/strong> (&#8230;&#8230;.) &#8211; gitara basowa<br \/>\n<strong>Waldek Wi\u015bniewski<\/strong> (&#8230;&#8230;.) &#8211; instrumenty klawiszowe<br \/>\n<strong>Grzegorz Klecha<\/strong> (&#8230;&#8230;.) &#8211; skrzypce<br \/>\n<strong><a href=\"http:\/\/bezjacka.art.pl\/strona\/bartek-szulakiewicz\/\">Bartek Szu\u0142akiewicz<\/a><\/strong> (&#8230;&#8230;.) &#8211; instrumenty klawiszowe<br \/>\n<strong>Jacek Wolski<\/strong> (&#8230;&#8230;.) &#8211; gitara<br \/>\n<strong><a href=\"http:\/\/bezjacka.art.pl\/strona\/tomasz-chrzastek\/\">Tomasz Chrz\u0105stek<\/a><\/strong> &#8211; honorowy cz\u0142onek grupy Bez Jacka<\/p>\n<h4>Przyjaciele Bez Jacka<\/h4>\n<p><strong>Lidia \u017byborska z rodzin\u0105<\/strong><br \/>\n<strong>Alicja \u017byborska<\/strong><br \/>\n<strong>Asia \u017byborska<\/strong><br \/>\n<strong><a href=\"http:\/\/bezjacka.art.pl\/strona\/michal-zelechower\/\">Micha\u0142 \u017belechower<\/a><\/strong><br \/>\n<strong>Adrian<\/strong><br \/>\n<strong>Wojtek &#8220;Szejkin&#8221; Michalski<\/strong><br \/>\n<strong>Piotr Pa\u0142ka<\/strong> i ch\u00f3r <strong>&#8220;Voce Angeli&#8221;<\/strong><br \/>\n<strong>O. Mateusz Boche\u0144ski<\/strong> karmelita bosy &#8211; kapelan grupy Bez Jacka<br \/>\n<strong><a href=\"http:\/\/bezjacka.art.pl\/strona\/martyna\/\">Martyna Kaleta-Kupiecka<\/a><\/strong><br \/>\n<strong><a href=\"http:\/\/bezjacka.art.pl\/strona\/glowaccy\/\">Gosia, Andrzej, Joanna, Marta G\u0142owaccy<\/a><\/strong><\/p>\n<h4>Kluby i miejsca dla nas wa\u017cne<\/h4>\n<p><strong>Klub Student\u00f3w &#8220;\u017bak&#8221;<\/strong> &#8211; Gda\u0144sk<br \/>\n<strong>Studenckie Radio &#8220;\u017bak&#8221;<\/strong> &#8211; \u0141\u00f3d\u017a<br \/>\n<strong>Cicib\u00f3r<\/strong> &#8211; Pozna\u0144<br \/>\n<strong>Klub Akademi Rolniczej &#8220;Buda&#8221;<\/strong> &#8211; Krak\u00f3w<br \/>\n<strong>Anto\u0142ek<\/strong> &#8211; Olsztyn<br \/>\n<strong>Kortowo<\/strong> &#8211; Olsztyn<br \/>\n<strong>Bazuna<\/strong> &#8211; Festiwal<br \/>\n<strong>G\u00f3ral Son<\/strong>g<br \/>\n<strong>Szklarska Por\u0119ba<\/strong><br \/>\n<strong>Michalino<\/strong> k.Gda\u0144ska<\/p>\n","protected":false},"excerpt":{"rendered":"<div class=\"entry-summary\">\nChcia\u0142em uzupe\u0142ni\u0107 alfabet o ludzi i miejsca istotne. W jaki\u015b spos\u00f3b usystematyzowa\u0107&hellip;\n<\/div>\n<div class=\"link-more\"><a href=\"http:\/\/bezjacka.art.pl\/strona\/alfabet-bez-jacka\/\" class=\"more-link\">Czytaj dalej<span class=\"screen-reader-text\"> &ldquo;Alfabet &#8220;Bez Jacka&#8221;&rdquo;<\/span>&hellip;<\/a><\/div>\n","protected":false},"author":1,"featured_media":0,"parent":0,"menu_order":0,"comment_status":"open","ping_status":"open","template":"","meta":{"spay_email":""},"jetpack_shortlink":"https:\/\/wp.me\/P4OIY8-j1","jetpack-related-posts":[{"id":780,"url":"http:\/\/bezjacka.art.pl\/strona\/historia\/","url_meta":{"origin":1179,"position":0},"title":"Historia","date":"1 listopada 2012","format":false,"excerpt":"Histori\u0119 tw\u00f3rzmy razem Jak ju\u017c wspomnia\u0142em na tej stronie, w trakcie przygotowywania materia\u0142\u00f3w do p\u0142yty \"Jasiu\", u\u015bwiadomi\u0142em sobie, \u017ce przez 30 lat naszego grania nie zbierali\u015bmy \u017cadnych materia\u0142\u00f3w, zdj\u0119\u0107, pami\u0105tek, wycink\u00f3w prasowych i nagra\u0144. Rozmawiaj\u0105c ze znajomymi na temat p\u0142yty \"Jasiu\", us\u0142ysza\u0142em przepi\u0119kne wspomnienia, anegdoty, historie i historyjki. Dlatego te\u017c\u2026","rel":"","context":"Similar post","img":{"alt_text":"","src":"https:\/\/i2.wp.com\/bezjacka.art.pl\/strona\/wp-content\/uploads\/2012\/11\/tlo_bj_niebo.jpg?resize=350%2C200","width":350,"height":200},"classes":[]},{"id":4024,"url":"http:\/\/bezjacka.art.pl\/strona\/od-zespolu\/","url_meta":{"origin":1179,"position":1},"title":"Od zespo\u0142u","date":"9 kwietnia 2017","format":false,"excerpt":"Witamy Was na naszej w\u0142asnej stronie. Wcze\u015bniej tworzyli nasze strony r\u00f3\u017cni dobrzy ludzie, kt\u00f3rym chcieli\u015bmy bardzo podzi\u0119kowa\u0107. Z r\u00f3\u017cnych przyczyn strony te nie by\u0142y doka\u0144czane, brakowa\u0142o podstawowych informacji i tak naprawd\u0119 nie mieli\u015bmy wi\u0119kszego wp\u0142ywu na to, co si\u0119 tam dzieje. By\u0142y to strony \"o nas\" a nie nasze. My\u015bl\u0119,\u2026","rel":"","context":"Similar post","img":{"alt_text":"","src":"https:\/\/i0.wp.com\/bezjacka.art.pl\/strona\/wp-content\/uploads\/2012\/11\/baner_Lesmian.jpg?resize=350%2C200","width":350,"height":200},"classes":[]},{"id":778,"url":"http:\/\/bezjacka.art.pl\/strona\/o-nas\/","url_meta":{"origin":1179,"position":2},"title":"O nas","date":"1 listopada 2012","format":false,"excerpt":"W zwi\u0105zku z wieloma listami i pro\u015bbami, szczeg\u00f3lnie os\u00f3b m\u0142odych, kt\u00f3re znaj\u0105 nasze piosenki a nie by\u0142y na naszych koncertach i nas nie znaj\u0105, chcieli\u015bmy napisa\u0107 kilka s\u0142\u00f3w o dzisiejszym zespole Bez Jacka. Spe\u0142niaj\u0105c przy okazji \u017cyczenie tych, kt\u00f3rzy m\u00f3wi\u0105, \u017ce piszemy o historii i przesz\u0142o\u015bci zespo\u0142u a nie o\u2026","rel":"","context":"Similar post","img":{"alt_text":"","src":"https:\/\/i2.wp.com\/bezjacka.art.pl\/strona\/wp-content\/uploads\/2017\/04\/bj_tlo_12.jpg?resize=350%2C200","width":350,"height":200},"classes":[]},{"id":1670,"url":"http:\/\/bezjacka.art.pl\/strona\/bez-jacka-z-chorem-i-orkiestra\/","url_meta":{"origin":1179,"position":3},"title":"Bez Jacka z ch\u00f3rem i orkiestr\u0105","date":"4 sierpnia 2013","format":false,"excerpt":"Bez Jacka z ch\u00f3rem Voce Angeli i Krakowsk\u0105 Orkiestra Kameraln\u0105. wydawca: DALMAFON premiera: 14 Sierpnia 2009 O ile nie wydarzy si\u0119 jaki\u015b kataklizm, na \"Bieszczadzkich Anio\u0142ach\" uka\u017ce si\u0119 nasza najnowsza p\u0142yta. Na p\u0142ycie przedstawiamy nagrania dokonane w czasie koncertu w Nowej Hucie. Podczas tego koncertu zagrali\u015bmy wsp\u00f3lnie z ch\u00f3rem Voce\u2026","rel":"","context":"Similar post","img":{"alt_text":"","src":"","width":0,"height":0},"classes":[]},{"id":2775,"url":"http:\/\/bezjacka.art.pl\/strona\/linki\/","url_meta":{"origin":1179,"position":4},"title":"Linki","date":"6 sierpnia 2013","format":false,"excerpt":"Zaprzyja\u017anieni z nami wykonawcy Czerwony Tulipan\u00a0- lubimy ich wszystkich, pozdrawiamy www.czerwonytulipan.olsztyn.pl Wolna Grupa Bukowina\u00a0- przyja\u017animy si\u0119 z nimi od zawsze http:\/\/www.wolnagrupabukowina.pl\/ Adam Ziemianin\u00a0- fantastyczny poeta, \u015bwietny kompan www.ziemianin.art.pl Raz Dwa Trzy\u00a0- bardzo ich cenimy i s\u0142uchamy www.zespolrazdwatrzy.pl SDM\u00a0- nasi przyjaciele, kawa\u0142 wsp\u00f3lnej historii http:\/\/sdm-myszkowski.com\/ S\u0142odki Ca\u0142us od Buby\u00a0- nasi krajanie,\u2026","rel":"","context":"Similar post","img":{"alt_text":"","src":"https:\/\/i0.wp.com\/bezjacka.art.pl\/strona\/wp-content\/uploads\/2017\/04\/bj_tlo_08.jpg?resize=350%2C200","width":350,"height":200},"classes":[]},{"id":1573,"url":"http:\/\/bezjacka.art.pl\/strona\/jaroslaw-horacy-chrzastek\/","url_meta":{"origin":1179,"position":5},"title":"Jaros\u0142aw Horacy Chrz\u0105stek","date":"3 stycznia 2005","format":false,"excerpt":"fot. Patrycja Naumczyk Lekcje gry na flecie Od jakiego\u015b czasu mam ucznia, kt\u00f3rego ucz\u0119 gry na flecie. Sprawia mi to wielk\u0105 rado\u015b\u0107. Sam zaczynam si\u0119 wiele uczy\u0107, analizuj\u0105c gr\u0119 innych, przygotowuj\u0105c si\u0119, pisz\u0105c dla niego wprawki i etiudy. Znam wielu ludzi, kt\u00f3rzy uwa\u017caj\u0105 si\u0119 za moich uczni\u00f3w. Moja kole\u017canka po\u2026","rel":"","context":"Similar post","img":{"alt_text":"","src":"https:\/\/i2.wp.com\/bezjacka.art.pl\/strona\/wp-content\/uploads\/2005\/01\/Horacy_2017-632x421.jpg?resize=350%2C200","width":350,"height":200},"classes":[]}],"jetpack_sharing_enabled":true,"_links":{"self":[{"href":"http:\/\/bezjacka.art.pl\/strona\/wp-json\/wp\/v2\/pages\/1179"}],"collection":[{"href":"http:\/\/bezjacka.art.pl\/strona\/wp-json\/wp\/v2\/pages"}],"about":[{"href":"http:\/\/bezjacka.art.pl\/strona\/wp-json\/wp\/v2\/types\/page"}],"author":[{"embeddable":true,"href":"http:\/\/bezjacka.art.pl\/strona\/wp-json\/wp\/v2\/users\/1"}],"replies":[{"embeddable":true,"href":"http:\/\/bezjacka.art.pl\/strona\/wp-json\/wp\/v2\/comments?post=1179"}],"version-history":[{"count":13,"href":"http:\/\/bezjacka.art.pl\/strona\/wp-json\/wp\/v2\/pages\/1179\/revisions"}],"predecessor-version":[{"id":3277,"href":"http:\/\/bezjacka.art.pl\/strona\/wp-json\/wp\/v2\/pages\/1179\/revisions\/3277"}],"wp:attachment":[{"href":"http:\/\/bezjacka.art.pl\/strona\/wp-json\/wp\/v2\/media?parent=1179"}],"curies":[{"name":"wp","href":"https:\/\/api.w.org\/{rel}","templated":true}]}}