{"id":1420,"date":"2013-08-03T01:16:46","date_gmt":"2013-08-02T23:16:46","guid":{"rendered":"http:\/\/bezjacka.art.pl\/strona\/?page_id=1420"},"modified":"2017-09-14T22:56:41","modified_gmt":"2017-09-14T20:56:41","slug":"archiwum-bj","status":"publish","type":"page","link":"http:\/\/bezjacka.art.pl\/strona\/archiwum-bj\/","title":{"rendered":"Archiwum Bez Jacka"},"content":{"rendered":"<p><a href=\"http:\/\/bezjacka.art.pl\/strona\/wp-content\/uploads\/2004\/12\/archive.jpg\"><img data-attachment-id=\"3020\" data-permalink=\"http:\/\/bezjacka.art.pl\/strona\/alfabet-bez-jacka\/archive\/\" data-orig-file=\"http:\/\/bezjacka.art.pl\/strona\/wp-content\/uploads\/2004\/12\/archive.jpg\" data-orig-size=\"400,231\" data-comments-opened=\"1\" data-image-meta=\"{&quot;aperture&quot;:&quot;0&quot;,&quot;credit&quot;:&quot;&quot;,&quot;camera&quot;:&quot;&quot;,&quot;caption&quot;:&quot;&quot;,&quot;created_timestamp&quot;:&quot;0&quot;,&quot;copyright&quot;:&quot;&quot;,&quot;focal_length&quot;:&quot;0&quot;,&quot;iso&quot;:&quot;0&quot;,&quot;shutter_speed&quot;:&quot;0&quot;,&quot;title&quot;:&quot;&quot;}\" data-image-title=\"archive\" data-image-description=\"\" data-image-caption=\"\" data-medium-file=\"http:\/\/bezjacka.art.pl\/strona\/wp-content\/uploads\/2004\/12\/archive-250x144.jpg\" data-large-file=\"http:\/\/bezjacka.art.pl\/strona\/wp-content\/uploads\/2004\/12\/archive.jpg\" loading=\"lazy\" width=\"400\" height=\"231\" src=\"http:\/\/bezjacka.art.pl\/strona\/wp-content\/uploads\/2004\/12\/archive.jpg\" alt=\"archive\" class=\"alignright size-full wp-image-3020\" srcset=\"http:\/\/bezjacka.art.pl\/strona\/wp-content\/uploads\/2004\/12\/archive.jpg 400w, http:\/\/bezjacka.art.pl\/strona\/wp-content\/uploads\/2004\/12\/archive-250x144.jpg 250w, http:\/\/bezjacka.art.pl\/strona\/wp-content\/uploads\/2004\/12\/archive-125x72.jpg 125w, http:\/\/bezjacka.art.pl\/strona\/wp-content\/uploads\/2004\/12\/archive-220x127.jpg 220w\" sizes=\"(max-width: 400px) 100vw, 400px\" \/><\/a>Witamy w naszym archiwum. Na tej stronie b\u0119dziemy publikowa\u0107 przer\u00f3\u017cne materia\u0142y dotycz\u0105ce grupy Bez Jacka. Cz\u0119sto s\u0105 to &#8220;produkcje&#8221;, na kt\u00f3re trafiamy przypadkiem: nadsy\u0142aj\u0105 je nasi przyjaciele, znajduj\u0105 si\u0119 r\u00f3\u017cnych stronach internetowych, blogach, forach, etc.<\/p>\n<p>Ca\u0142o\u015b\u0107 zosta\u0142a podzielona na trzy grupy: <a href=\"http:\/\/bezjacka.art.pl\/strona\/tag\/napisali-o-nas\/\">teksty<\/a>, <a href=\"http:\/\/bezjacka.art.pl\/strona\/tag\/audio\/\">pliki d\u017awi\u0119kowe<\/a> i <a href=\"http:\/\/bezjacka.art.pl\/strona\/category\/film\/\">materia\u0142y video<\/a>. Osobn\u0105 (najwi\u0119ksz\u0105) kategori\u0105 jest Galeria fotografii.<\/p>\n<p>Je\u015bli natraficie na takie unikalne materia\u0142y, to prosimy o ich nadsy\u0142anie. Dane adresowe w stopce lub zak\u0142adce <a href=\"http:\/\/bezjacka.art.pl\/strona\/kontakt\/\">kontakt<\/a>.<\/p>\n<p>Dobrej zabawy z naszymi archiwaliami!<\/p>\n","protected":false},"excerpt":{"rendered":"<div class=\"entry-summary\">\nWitamy w naszym archiwum. Na tej stronie b\u0119dziemy publikowa\u0107 przer\u00f3\u017cne materia\u0142y dotycz\u0105ce&hellip;\n<\/div>\n<div class=\"link-more\"><a href=\"http:\/\/bezjacka.art.pl\/strona\/archiwum-bj\/\" class=\"more-link\">Czytaj dalej<span class=\"screen-reader-text\"> &ldquo;Archiwum Bez Jacka&rdquo;<\/span>&hellip;<\/a><\/div>\n","protected":false},"author":1,"featured_media":0,"parent":0,"menu_order":0,"comment_status":"open","ping_status":"closed","template":"","meta":{"spay_email":""},"jetpack_shortlink":"https:\/\/wp.me\/P4OIY8-mU","jetpack-related-posts":[{"id":780,"url":"http:\/\/bezjacka.art.pl\/strona\/historia\/","url_meta":{"origin":1420,"position":0},"title":"Historia","date":"1 listopada 2012","format":false,"excerpt":"Histori\u0119 tw\u00f3rzmy razem Jak ju\u017c wspomnia\u0142em na tej stronie, w trakcie przygotowywania materia\u0142\u00f3w do p\u0142yty \"Jasiu\", u\u015bwiadomi\u0142em sobie, \u017ce przez 30 lat naszego grania nie zbierali\u015bmy \u017cadnych materia\u0142\u00f3w, zdj\u0119\u0107, pami\u0105tek, wycink\u00f3w prasowych i nagra\u0144. Rozmawiaj\u0105c ze znajomymi na temat p\u0142yty \"Jasiu\", us\u0142ysza\u0142em przepi\u0119kne wspomnienia, anegdoty, historie i historyjki. Dlatego te\u017c\u2026","rel":"","context":"Similar post","img":{"alt_text":"","src":"https:\/\/i2.wp.com\/bezjacka.art.pl\/strona\/wp-content\/uploads\/2012\/11\/tlo_bj_niebo.jpg?resize=350%2C200","width":350,"height":200},"classes":[]},{"id":776,"url":"http:\/\/bezjacka.art.pl\/strona\/kontakt\/","url_meta":{"origin":1420,"position":1},"title":"Kontakt","date":"1 listopada 2012","format":false,"excerpt":"","rel":"","context":"Similar post","img":{"alt_text":"","src":"https:\/\/i1.wp.com\/bezjacka.art.pl\/strona\/wp-content\/uploads\/2017\/04\/bj_tlo.jpg?resize=350%2C200","width":350,"height":200},"classes":[]},{"id":1179,"url":"http:\/\/bezjacka.art.pl\/strona\/alfabet-bez-jacka\/","url_meta":{"origin":1420,"position":2},"title":"Alfabet &#8220;Bez Jacka&#8221;","date":"31 grudnia 2004","format":false,"excerpt":"Chcia\u0142em uzupe\u0142ni\u0107 alfabet o ludzi i miejsca istotne. W jaki\u015b spos\u00f3b usystematyzowa\u0107 o ile da si\u0119 skatalogowa\u0107 emocje, uczucia i w og\u00f3le \u017cycie. Poniewa\u017c nie chcia\u0142bym kogo\u015b wa\u017cnego dla nas pomin\u0105\u0107 a mo\u017ce kto\u015b nie \u017cyczy sobie obecno\u015bci na tej li\u015bcie, wiele te\u017c dat nie pami\u0119tam (zdj\u0119\u0107 i pami\u0105tek nie\u2026","rel":"","context":"Similar post","img":{"alt_text":"","src":"","width":0,"height":0},"classes":[]},{"id":4,"url":"http:\/\/bezjacka.art.pl\/strona\/service\/","url_meta":{"origin":1420,"position":3},"title":"Service","date":"31 pa\u017adziernika 2012","format":false,"excerpt":"W tym miejscu powstaje z odnowiona strona grupy BEZ JACKA. Zapraszamy wkr\u00f3tce.","rel":"","context":"Similar post","img":{"alt_text":"","src":"","width":0,"height":0},"classes":[]},{"id":961,"url":"http:\/\/bezjacka.art.pl\/strona\/zatancz-ze-mna-na-polanie\/","url_meta":{"origin":1420,"position":4},"title":"BEZ JACKA &#8211; &#8220;Zata\u0144cz ze mn\u0105 na polanie&#8221;","date":"28 lipca 2013","format":false,"excerpt":"wydawca: DALMAFON premiera: grudzie\u0144 2000 Pierwsza oficjalna p\u0142yta grupy. Jest to koncert jaki odby\u0142 si\u0119 w \u0142\u00f3dzkiej piwnicy artystycznej \"Przechowalnia\". Znakomicie zmiksowany wysokiej jako\u015bci materia\u0142 ukazuje wsp\u00f3\u0142czesne brzmienie zespo\u0142u, kt\u00f3rego korzenie si\u0119gaj\u0105 lat siedemdziesi\u0105tych. W tym czasie przez zesp\u00f3\u0142 przewin\u0119\u0142o si\u0119 wielu znanych i wy\u015bmienitych muzyk\u00f3w wp\u0142ywaj\u0105cych na brzmienie \"Bez\u2026","rel":"","context":"With 1 comment","img":{"alt_text":"","src":"","width":0,"height":0},"classes":[]},{"id":4024,"url":"http:\/\/bezjacka.art.pl\/strona\/od-zespolu\/","url_meta":{"origin":1420,"position":5},"title":"Od zespo\u0142u","date":"9 kwietnia 2017","format":false,"excerpt":"Witamy Was na naszej w\u0142asnej stronie. Wcze\u015bniej tworzyli nasze strony r\u00f3\u017cni dobrzy ludzie, kt\u00f3rym chcieli\u015bmy bardzo podzi\u0119kowa\u0107. Z r\u00f3\u017cnych przyczyn strony te nie by\u0142y doka\u0144czane, brakowa\u0142o podstawowych informacji i tak naprawd\u0119 nie mieli\u015bmy wi\u0119kszego wp\u0142ywu na to, co si\u0119 tam dzieje. By\u0142y to strony \"o nas\" a nie nasze. My\u015bl\u0119,\u2026","rel":"","context":"Similar post","img":{"alt_text":"","src":"https:\/\/i0.wp.com\/bezjacka.art.pl\/strona\/wp-content\/uploads\/2012\/11\/baner_Lesmian.jpg?resize=350%2C200","width":350,"height":200},"classes":[]}],"jetpack_sharing_enabled":true,"_links":{"self":[{"href":"http:\/\/bezjacka.art.pl\/strona\/wp-json\/wp\/v2\/pages\/1420"}],"collection":[{"href":"http:\/\/bezjacka.art.pl\/strona\/wp-json\/wp\/v2\/pages"}],"about":[{"href":"http:\/\/bezjacka.art.pl\/strona\/wp-json\/wp\/v2\/types\/page"}],"author":[{"embeddable":true,"href":"http:\/\/bezjacka.art.pl\/strona\/wp-json\/wp\/v2\/users\/1"}],"replies":[{"embeddable":true,"href":"http:\/\/bezjacka.art.pl\/strona\/wp-json\/wp\/v2\/comments?post=1420"}],"version-history":[{"count":8,"href":"http:\/\/bezjacka.art.pl\/strona\/wp-json\/wp\/v2\/pages\/1420\/revisions"}],"predecessor-version":[{"id":3269,"href":"http:\/\/bezjacka.art.pl\/strona\/wp-json\/wp\/v2\/pages\/1420\/revisions\/3269"}],"wp:attachment":[{"href":"http:\/\/bezjacka.art.pl\/strona\/wp-json\/wp\/v2\/media?parent=1420"}],"curies":[{"name":"wp","href":"https:\/\/api.w.org\/{rel}","templated":true}]}}