{"id":1499,"date":"2004-12-31T17:33:31","date_gmt":"2004-12-31T16:33:31","guid":{"rendered":"http:\/\/bezjacka.art.pl\/strona\/?page_id=1499"},"modified":"2017-04-10T10:32:32","modified_gmt":"2017-04-10T08:32:32","slug":"zbyszek-maria-stefanski","status":"publish","type":"page","link":"http:\/\/bezjacka.art.pl\/strona\/zbyszek-maria-stefanski\/","title":{"rendered":"Zbigniew Maria Stefa\u0144ski"},"content":{"rendered":"<p><img data-attachment-id=\"4092\" data-permalink=\"http:\/\/bezjacka.art.pl\/strona\/zbyszek-maria-stefanski\/zbys_2017\/\" data-orig-file=\"http:\/\/bezjacka.art.pl\/strona\/wp-content\/uploads\/2004\/12\/Zby\u015b_2017.jpg\" data-orig-size=\"800,800\" data-comments-opened=\"0\" data-image-meta=\"{&quot;aperture&quot;:&quot;0&quot;,&quot;credit&quot;:&quot;&quot;,&quot;camera&quot;:&quot;&quot;,&quot;caption&quot;:&quot;&quot;,&quot;created_timestamp&quot;:&quot;0&quot;,&quot;copyright&quot;:&quot;&quot;,&quot;focal_length&quot;:&quot;0&quot;,&quot;iso&quot;:&quot;0&quot;,&quot;shutter_speed&quot;:&quot;0&quot;,&quot;title&quot;:&quot;&quot;,&quot;orientation&quot;:&quot;1&quot;}\" data-image-title=\"Zby\u015b_2017\" data-image-description=\"\" data-image-caption=\"\" data-medium-file=\"http:\/\/bezjacka.art.pl\/strona\/wp-content\/uploads\/2004\/12\/Zby\u015b_2017-632x632.jpg\" data-large-file=\"http:\/\/bezjacka.art.pl\/strona\/wp-content\/uploads\/2004\/12\/Zby\u015b_2017.jpg\" loading=\"lazy\" class=\"aligncenter size-medium wp-image-4092\" src=\"http:\/\/bezjacka.art.pl\/strona\/wp-content\/uploads\/2004\/12\/Zby\u015b_2017-632x632.jpg\" alt=\"\" width=\"632\" height=\"632\" srcset=\"http:\/\/bezjacka.art.pl\/strona\/wp-content\/uploads\/2004\/12\/Zby\u015b_2017-632x632.jpg 632w, http:\/\/bezjacka.art.pl\/strona\/wp-content\/uploads\/2004\/12\/Zby\u015b_2017-768x768.jpg 768w, http:\/\/bezjacka.art.pl\/strona\/wp-content\/uploads\/2004\/12\/Zby\u015b_2017.jpg 800w\" sizes=\"(max-width: 632px) 100vw, 632px\" \/><\/p>\n<p style=\"text-align: right;\"><sup>fot. Krzysztof Grabowski<\/sup><\/p>\n<h4>Kwestionariusz Prousta<\/h4>\n<p><strong>G\u0142\u00f3wna cecha mojego charakteru<\/strong> &#8211; ufno\u015b\u0107 ludziom<br \/>\n<strong>Cechy, kt\u00f3rych szukam u m\u0119\u017cczyzny<\/strong> &#8211; odpowiedzialno\u015b\u0107<br \/>\n<strong>Cechy, kt\u00f3rych szukam u kobiety<\/strong> &#8211; ciep\u0142o, zrozumienie<br \/>\n<strong>Co ceni\u0119 najbardziej u przyjaci\u00f3\u0142<\/strong> &#8211; solidarno\u015b\u0107 i szczero\u015b\u0107<br \/>\n<strong>Moja g\u0142\u00f3wna wada<\/strong> &#8211; lenistwo i na\u0142ogi<br \/>\n<strong>Moje ulubione zaj\u0119cie<\/strong> &#8211; rozmy\u015bla\u0107 w samotno\u015bci<br \/>\n<strong>Moje marzenie o szcz\u0119\u015bciu<\/strong>&#8211; \u015bwi\u0119ty spok\u00f3j<br \/>\n<strong>Co wzbudza we mnie obsesyjny l\u0119k<\/strong> &#8211; nie mam<br \/>\n<strong>Co by\u0142oby dla mnie najwi\u0119kszym nieszcz\u0119\u015bciem<\/strong> &#8211; nie mog\u0119 sobie czego\u015b takiego wyobrazi\u0107<br \/>\n<strong>Kim (lub czym) chcia\u0142bym by\u0107, gdybym nie by\u0142 tym, kim jestem<\/strong> &#8211; archeologiem<br \/>\n<strong>Kiedy k\u0142ami\u0119 <\/strong>&#8211; to si\u0119 denerwuj\u0119<br \/>\n<strong>S\u0142owa kt\u00f3re nadu\u017cywam<\/strong> &#8211; przepraszam<br \/>\n<strong>Ulubieni bohaterowie literaccy<\/strong> &#8211; Ma\u0142y Ksi\u0105\u017ce, Mistrz z B\u0142uchakowa, Axel Munthe<br \/>\n<strong>Ulubieni bohaterowie \u017cycia codziennego<\/strong> &#8211; wszyscy napotkani<br \/>\n<strong>Czego nie cierpi\u0119 ponad wszystko<\/strong> &#8211; ob\u0142udy i g\u0142upoty<br \/>\n<strong>Dar natury, kt\u00f3ry chcia\u0142bym posiada\u0107<\/strong> &#8211; w\u0142osy<br \/>\n<strong>Jak chcia\u0142bym umrze\u0107<\/strong> &#8211; bezbole\u015bnie<br \/>\n<strong>Obecny stan mojego umys\u0142u<\/strong> &#8211; jasny<br \/>\n<strong>B\u0142\u0119dy, kt\u00f3re naj\u0142atwiej wybaczam <\/strong>&#8211; jestem w stanie prawie wszystko wybaczy\u0107<br \/>\n<strong>Moja dewiza<\/strong> &#8211; szanowa\u0107 ludzi wbrew pozorom<\/p>\n<h5>O Horacym:<\/h5>\n<p>Horacego lubi\u0119 za to, \u017ce jestem go pewny. Muzycznie uzupe\u0142niamy si\u0119. Niechc\u0105cy wygrywa d\u017awi\u0119ki takie, jak bym chcia\u0142, chocia\u017c nie trenujemy. Poza tym jest moim chyba jedynym przyjacielem.<\/p>\n<h5>O Wojtku:<\/h5>\n<p>Wierz\u0119, \u017ce kto\u015b patrzy na nas z g\u00f3ry i dyskretnie nam pomaga. To, \u017ce spotkali\u015bmy si\u0119 po latach, zupe\u0142nie niechc\u0105cy jest na to dowodem. Wojtek Soko\u0142owski wni\u00f3s\u0142 do naszego zespo\u0142u co\u015b, co trudno nazwa\u0107, a jest bezcenne. Lepsza muzyka, lepsze obcowanie. Z nim gra si\u0119 tak, jakby gra\u0142o si\u0119 i by\u0142o z nim zawsze. Jest najbardziej pracowitym muzykiem naszej kapeli. Pyta mnie na pr\u00f3bie: &#8220;Zbysiu, czy taki bas mo\u017ce by\u0107?&#8221;, a ja: &#8220;innego sobie nie wyobra\u017cam&#8221;. Wszystko co pi\u0119kne wynika z dobra i uczciwo\u015bci cz\u0142owieka, a takim jest Wojtek Solo\u0142owski. Poza tym spe\u0142ni\u0142em tak jakby my\u015bl Jasia Stefa\u0144skiego, kt\u00f3ry wiele lat temu powiedzia\u0142: &#8220;Wojtek, to graj z nami&#8221;. Wtedy by\u0142o mo\u017ce za wcze\u015bnie, ale dzisiaj zdecydowanie nadszed\u0142 w\u0142a\u015bnie ten czas.<\/p>\n<h5>O Tomku:<\/h5>\n<p>Tomek Chrz\u0105stek jest dla mnie dowodem , \u017ce ludzie mog\u0105 by\u0107 sobie bliscy bez wzgl\u0119du na to, ile czasu ze sob\u0105 sp\u0119dzili i ile rozm\u00f3w powa\u017cnych przeprowadzili. Podobna wra\u017cliwo\u015b\u0107 i zapatrzenie, gdzie\u015b tam, brata ludzi. To, \u017ce nasza strona internetowa jest taka pi\u0119kna (przynajmniej dla mnie), jest wy\u0142\u0105cznie zas\u0142ug\u0105 Tomka. Nie chodzi tu tylko o niew\u0105tpliwy profesjonalizm, ale w\u0142a\u015bnie o to Co\u015b, bez czego z pewno\u015bci\u0105 by\u0142oby to niemo\u017cliwe. Dzi\u0119kuj\u0119 Tomku, pomagasz mi mocniej wierzy\u0107, \u017ce &#8220;Ludzi dobrej woli jest wi\u0119cej&#8221;.<\/p>\n","protected":false},"excerpt":{"rendered":"<div class=\"entry-summary\">\nfot. Krzysztof Grabowski Kwestionariusz Prousta G\u0142\u00f3wna cecha mojego charakteru &#8211; ufno\u015b\u0107 ludziom&hellip;\n<\/div>\n<div class=\"link-more\"><a href=\"http:\/\/bezjacka.art.pl\/strona\/zbyszek-maria-stefanski\/\" class=\"more-link\">Czytaj dalej<span class=\"screen-reader-text\"> &ldquo;Zbigniew Maria Stefa\u0144ski&rdquo;<\/span>&hellip;<\/a><\/div>\n","protected":false},"author":1,"featured_media":0,"parent":0,"menu_order":0,"comment_status":"open","ping_status":"open","template":"","meta":{"spay_email":""},"jetpack_shortlink":"https:\/\/wp.me\/P4OIY8-ob","jetpack-related-posts":[{"id":1581,"url":"http:\/\/bezjacka.art.pl\/strona\/mariusz-wilke\/","url_meta":{"origin":1499,"position":0},"title":"Mariusz Wilke","date":"3 sierpnia 2013","format":false,"excerpt":"fot. Patrycja Naumczyk Kwestionariusz Prousta G\u0142\u00f3wna cecha mojego charakteru - optymizm Cechy, kt\u00f3rych szukam u m\u0119\u017cczyzny - odpowiedzialno\u015b\u0107 i spok\u00f3j Cechy, kt\u00f3rych szukam u kobiety - zaufanie i przyja\u017a\u0144 Co ceni\u0119 najbardziej u przyjaci\u00f3\u0142 - dobry humor Moja g\u0142\u00f3wna wada - nie\u015bmia\u0142o\u015b\u0107 Moje ulubione zaj\u0119cie - granie i nagrywanie Moje\u2026","rel":"","context":"Similar post","img":{"alt_text":"","src":"https:\/\/i0.wp.com\/bezjacka.art.pl\/strona\/wp-content\/uploads\/2013\/08\/Mario_2017-632x419.jpg?resize=350%2C200","width":350,"height":200},"classes":[]},{"id":1584,"url":"http:\/\/bezjacka.art.pl\/strona\/tomasz-chrzastek\/","url_meta":{"origin":1499,"position":1},"title":"Tomek Chrz\u0105stek &#8211; honorowy cz\u0142onek zespo\u0142u","date":"3 sierpnia 2013","format":false,"excerpt":"Kwestionariusz Prousta G\u0142\u00f3wna cecha mojego charakteru - niezdecydowanie Cechy, kt\u00f3rych szukam u m\u0119\u017cczyzny - inteligencji, chrakteru Cechy, kt\u00f3rych szukam u kobiety - kobieco\u015bci - cokolwiek to znaczy Co ceni\u0119 najbardziej u przyjaci\u00f3\u0142 - to, \u017ce s\u0105 Moja g\u0142\u00f3wna wada - s\u0142aba silna wola Moje ulubione zaj\u0119cie - tw\u00f3rcze nicnierobienie Moje\u2026","rel":"","context":"Similar post","img":{"alt_text":"","src":"https:\/\/i1.wp.com\/bezjacka.art.pl\/strona\/wp-content\/uploads\/2013\/08\/Tomek_2017-632x474.jpg?resize=350%2C200","width":350,"height":200},"classes":[]},{"id":1579,"url":"http:\/\/bezjacka.art.pl\/strona\/wojtek-sokolowski\/","url_meta":{"origin":1499,"position":2},"title":"Wojtek Soko\u0142owski","date":"3 sierpnia 2013","format":false,"excerpt":"fot. Patrycja Naumczyk Kwestionariusz Prousta G\u0142\u00f3wna cecha mojego charakteru - optymizm i wiara w dobro innych Cechy, kt\u00f3rych szukam u m\u0119\u017cczyzny - odpowiedzialno\u015b\u0107, m\u0105dro\u015b\u0107 \u017cyciowa Cechy, kt\u00f3rych szukam u kobiety - delikatno\u015b\u0107, nami\u0119tno\u015b\u0107 i to co\u015b, co tak trudno nam m\u0119\u017cczyzn\u0105 okre\u015bli\u0107 Co ceni\u0119 najbardziej u przyjaci\u00f3\u0142 - lojalno\u015b\u0107, szczero\u015b\u0107\u2026","rel":"","context":"Similar post","img":{"alt_text":"","src":"https:\/\/i0.wp.com\/bezjacka.art.pl\/strona\/wp-content\/uploads\/2013\/08\/Wojtek_2017-632x422.jpg?resize=350%2C200","width":350,"height":200},"classes":[]},{"id":1573,"url":"http:\/\/bezjacka.art.pl\/strona\/jaroslaw-horacy-chrzastek\/","url_meta":{"origin":1499,"position":3},"title":"Jaros\u0142aw Horacy Chrz\u0105stek","date":"3 stycznia 2005","format":false,"excerpt":"fot. Patrycja Naumczyk Lekcje gry na flecie Od jakiego\u015b czasu mam ucznia, kt\u00f3rego ucz\u0119 gry na flecie. Sprawia mi to wielk\u0105 rado\u015b\u0107. Sam zaczynam si\u0119 wiele uczy\u0107, analizuj\u0105c gr\u0119 innych, przygotowuj\u0105c si\u0119, pisz\u0105c dla niego wprawki i etiudy. Znam wielu ludzi, kt\u00f3rzy uwa\u017caj\u0105 si\u0119 za moich uczni\u00f3w. Moja kole\u017canka po\u2026","rel":"","context":"Similar post","img":{"alt_text":"","src":"https:\/\/i2.wp.com\/bezjacka.art.pl\/strona\/wp-content\/uploads\/2005\/01\/Horacy_2017-632x421.jpg?resize=350%2C200","width":350,"height":200},"classes":[]},{"id":4024,"url":"http:\/\/bezjacka.art.pl\/strona\/od-zespolu\/","url_meta":{"origin":1499,"position":4},"title":"Od zespo\u0142u","date":"9 kwietnia 2017","format":false,"excerpt":"Witamy Was na naszej w\u0142asnej stronie. Wcze\u015bniej tworzyli nasze strony r\u00f3\u017cni dobrzy ludzie, kt\u00f3rym chcieli\u015bmy bardzo podzi\u0119kowa\u0107. Z r\u00f3\u017cnych przyczyn strony te nie by\u0142y doka\u0144czane, brakowa\u0142o podstawowych informacji i tak naprawd\u0119 nie mieli\u015bmy wi\u0119kszego wp\u0142ywu na to, co si\u0119 tam dzieje. By\u0142y to strony \"o nas\" a nie nasze. My\u015bl\u0119,\u2026","rel":"","context":"Similar post","img":{"alt_text":"","src":"https:\/\/i0.wp.com\/bezjacka.art.pl\/strona\/wp-content\/uploads\/2012\/11\/baner_Lesmian.jpg?resize=350%2C200","width":350,"height":200},"classes":[]},{"id":1179,"url":"http:\/\/bezjacka.art.pl\/strona\/alfabet-bez-jacka\/","url_meta":{"origin":1499,"position":5},"title":"Alfabet &#8220;Bez Jacka&#8221;","date":"31 grudnia 2004","format":false,"excerpt":"Chcia\u0142em uzupe\u0142ni\u0107 alfabet o ludzi i miejsca istotne. W jaki\u015b spos\u00f3b usystematyzowa\u0107 o ile da si\u0119 skatalogowa\u0107 emocje, uczucia i w og\u00f3le \u017cycie. Poniewa\u017c nie chcia\u0142bym kogo\u015b wa\u017cnego dla nas pomin\u0105\u0107 a mo\u017ce kto\u015b nie \u017cyczy sobie obecno\u015bci na tej li\u015bcie, wiele te\u017c dat nie pami\u0119tam (zdj\u0119\u0107 i pami\u0105tek nie\u2026","rel":"","context":"Similar post","img":{"alt_text":"","src":"","width":0,"height":0},"classes":[]}],"jetpack_sharing_enabled":true,"_links":{"self":[{"href":"http:\/\/bezjacka.art.pl\/strona\/wp-json\/wp\/v2\/pages\/1499"}],"collection":[{"href":"http:\/\/bezjacka.art.pl\/strona\/wp-json\/wp\/v2\/pages"}],"about":[{"href":"http:\/\/bezjacka.art.pl\/strona\/wp-json\/wp\/v2\/types\/page"}],"author":[{"embeddable":true,"href":"http:\/\/bezjacka.art.pl\/strona\/wp-json\/wp\/v2\/users\/1"}],"replies":[{"embeddable":true,"href":"http:\/\/bezjacka.art.pl\/strona\/wp-json\/wp\/v2\/comments?post=1499"}],"version-history":[{"count":7,"href":"http:\/\/bezjacka.art.pl\/strona\/wp-json\/wp\/v2\/pages\/1499\/revisions"}],"predecessor-version":[{"id":4197,"href":"http:\/\/bezjacka.art.pl\/strona\/wp-json\/wp\/v2\/pages\/1499\/revisions\/4197"}],"wp:attachment":[{"href":"http:\/\/bezjacka.art.pl\/strona\/wp-json\/wp\/v2\/media?parent=1499"}],"curies":[{"name":"wp","href":"https:\/\/api.w.org\/{rel}","templated":true}]}}