{"id":1573,"date":"2005-01-03T22:32:17","date_gmt":"2005-01-03T21:32:17","guid":{"rendered":"http:\/\/bezjacka.art.pl\/strona\/?page_id=1573"},"modified":"2017-04-10T10:35:00","modified_gmt":"2017-04-10T08:35:00","slug":"jaroslaw-horacy-chrzastek","status":"publish","type":"page","link":"http:\/\/bezjacka.art.pl\/strona\/jaroslaw-horacy-chrzastek\/","title":{"rendered":"Jaros\u0142aw Horacy Chrz\u0105stek"},"content":{"rendered":"<p><img data-attachment-id=\"4094\" data-permalink=\"http:\/\/bezjacka.art.pl\/strona\/jaroslaw-horacy-chrzastek\/horacy_2017\/\" data-orig-file=\"http:\/\/bezjacka.art.pl\/strona\/wp-content\/uploads\/2005\/01\/Horacy_2017.jpg\" data-orig-size=\"798,532\" data-comments-opened=\"0\" data-image-meta=\"{&quot;aperture&quot;:&quot;0&quot;,&quot;credit&quot;:&quot;&quot;,&quot;camera&quot;:&quot;&quot;,&quot;caption&quot;:&quot;&quot;,&quot;created_timestamp&quot;:&quot;0&quot;,&quot;copyright&quot;:&quot;&quot;,&quot;focal_length&quot;:&quot;0&quot;,&quot;iso&quot;:&quot;0&quot;,&quot;shutter_speed&quot;:&quot;0&quot;,&quot;title&quot;:&quot;&quot;,&quot;orientation&quot;:&quot;1&quot;}\" data-image-title=\"Horacy_2017\" data-image-description=\"\" data-image-caption=\"\" data-medium-file=\"http:\/\/bezjacka.art.pl\/strona\/wp-content\/uploads\/2005\/01\/Horacy_2017-632x421.jpg\" data-large-file=\"http:\/\/bezjacka.art.pl\/strona\/wp-content\/uploads\/2005\/01\/Horacy_2017.jpg\" loading=\"lazy\" src=\"http:\/\/bezjacka.art.pl\/strona\/wp-content\/uploads\/2005\/01\/Horacy_2017-632x421.jpg\" alt=\"\" width=\"632\" height=\"421\" class=\"aligncenter size-medium wp-image-4094\" srcset=\"http:\/\/bezjacka.art.pl\/strona\/wp-content\/uploads\/2005\/01\/Horacy_2017-632x421.jpg 632w, http:\/\/bezjacka.art.pl\/strona\/wp-content\/uploads\/2005\/01\/Horacy_2017-768x512.jpg 768w, http:\/\/bezjacka.art.pl\/strona\/wp-content\/uploads\/2005\/01\/Horacy_2017.jpg 798w\" sizes=\"(max-width: 632px) 100vw, 632px\" \/><\/p>\n<p style=\"text-align: right;\"><sup>fot. Patrycja Naumczyk<\/sup><\/p>\n<h4>Lekcje gry na flecie<\/h4>\n<p>Od jakiego\u015b czasu mam ucznia, kt\u00f3rego ucz\u0119 gry na flecie. Sprawia mi to wielk\u0105 rado\u015b\u0107. Sam zaczynam si\u0119 wiele uczy\u0107, analizuj\u0105c gr\u0119 innych, przygotowuj\u0105c si\u0119, pisz\u0105c dla niego wprawki i etiudy. Znam wielu ludzi, kt\u00f3rzy uwa\u017caj\u0105 si\u0119 za moich uczni\u00f3w. Moja kole\u017canka po Akademii Muzycznej przyzna\u0142a si\u0119, \u017ce nie umie improwizowa\u0107, ba nie umie gra\u0107 bez nut. Dlatego postanowi\u0142em dzieli\u0107 si\u0119 swoj\u0105 wiedz\u0105, do\u015bwiadczeniem i umiej\u0119tno\u015bciami na ile potrafi\u0119.<\/p>\n<p><strong>Udzielam lekcji gry na flecie poprzecznym \/ka\u017cdy stopie\u0144 zaawansowania\/ Gda\u0144sk, tel: 605 205 804<\/strong><\/p>\n<p style=\"text-align: right;\"><em>Horacy<\/em><\/p>\n<h4>Kwestionariusz Prousta<\/h4>\n<p><strong>G\u0142\u00f3wna cecha mojego charakteru<\/strong> &#8211; naiwno\u015b\u0107, a \u0142adnie m\u00f3wi\u0105c zbytnia ufno\u015b\u0107 ludziom<br \/>\n<strong>Cechy, kt\u00f3rych szukam u m\u0119\u017cczyzny<\/strong> &#8211; zasady, m\u0105dro\u015b\u0107<br \/>\n<strong>Cechy, kt\u00f3rych szukam u kobiety<\/strong> &#8211; delikatno\u015b\u0107, wra\u017cliwo\u015b\u0107, inteligencja<br \/>\n<strong>Co ceni\u0119 najbardziej u przyjaci\u00f3\u0142<\/strong> &#8211; lojalno\u015b\u0107, uczciwo\u015b\u0107<br \/>\n<strong>Moja g\u0142\u00f3wna wada<\/strong> &#8211; naiwno\u015b\u0107<br \/>\n<strong>Moje ulubione zaj\u0119cie<\/strong> &#8211; czytanie, pisanie, rodzina<br \/>\n<strong>Moje marzenie o szcz\u0119\u015bciu<\/strong>&#8211; dobre \u017cycie<br \/>\n<strong>Co wzbudza we mnie obsesyjny l\u0119k<\/strong> &#8211; choroba, samotno\u015b\u0107<br \/>\n<strong>Co by\u0142oby dla mnie najwi\u0119kszym nieszcz\u0119\u015bciem<\/strong> &#8211; brak rodziny i przyjaci\u00f3\u0142<br \/>\n<strong>Kim (lub czym) chcia\u0142bym by\u0107, gdybym nie by\u0142 tym, kim jestem<\/strong> &#8211; pisarzem, malarzem, aktorem, adwokatem, kap\u0142anem<br \/>\n<strong>Kiedy k\u0142ami\u0119<\/strong> &#8211; staram si\u0119 nie k\u0142ama\u0107<br \/>\n<strong>S\u0142owa kt\u00f3re nadu\u017cywam<\/strong> -nie wiem<br \/>\n<strong>Ulubieni bohaterowie literaccy<\/strong> &#8211; mam ich wielu, nie b\u0119d\u0119 oryginalny ale lubi\u0119 jak zwyci\u0119\u017ca dobro\u0107, prawo\u015b\u0107, mi\u0142o\u015b\u0107 i przyja\u017a\u0144<br \/>\n<strong>Ulubieni bohaterowie \u017cycia codziennego<\/strong> &#8211; ludzie dobrzy dnia codziennego<br \/>\n<strong>Czego nie cierpi\u0119 ponad wszystko<\/strong> &#8211; chamstwa, pija\u0144stwa<br \/>\n<strong>Dar natury, kt\u00f3ry chcia\u0142bym posiada\u0107<\/strong> &#8211; zdrowie, d\u0142ugowieczno\u015b\u0107<br \/>\n<strong>Jak chcia\u0142bym umrze\u0107<\/strong> &#8211; ze staro\u015bci, w poczuciu dobrze prze\u017cytego \u017cycia<br \/>\n<strong>Obecny stan mojego umys\u0142u <\/strong>&#8211; ci\u0105gle doskonale<br \/>\n<strong>B\u0142\u0119dy, kt\u00f3re naj\u0142atwiej wybaczam<\/strong> &#8211; wszystkie o ile prowadz\u0105 do poprawy<br \/>\n<strong>Moja dewiza<\/strong> &#8211; pomagaj a przynajmniej nie przeszkadzaj<\/p>\n<h5>O Zbyszku:<\/h5>\n<p>To wielki niewykorzystany talent, na w\u0142asna pro\u015bb\u0119. Wielka inteligencja i wra\u017cliwo\u015b\u0107. Przesadna nie\u015bmia\u0142o\u015b\u0107. Najtrudniejszy z braci. Anio\u0142 i szatan w jednym i nie wiem czego wi\u0119cej. Natychmiast niszczy to co zbuduje. Jeste\u015bmy rodzin\u0105 i w sensie dos\u0142ownym i w przeno\u015bni. Znamy, gramy i przyja\u017animy si\u0119 ju\u017c trzydzie\u015bci lat.<\/p>\n<h5>O Wojtku:<\/h5>\n<p>M\u0142ody (por\u00f3wnuj\u0105c z naszymi rocznikami), energiczny, konkretny, pracowity, ch\u0142onny, otwarty na nowo\u015bci i zmiany. Wni\u00f3s\u0142 wiele werwy, zmobilizowa\u0142 nas do pr\u00f3b i robienia nowych rzeczy.<\/p>\n","protected":false},"excerpt":{"rendered":"<div class=\"entry-summary\">\nfot. Patrycja Naumczyk Lekcje gry na flecie Od jakiego\u015b czasu mam ucznia,&hellip;\n<\/div>\n<div class=\"link-more\"><a href=\"http:\/\/bezjacka.art.pl\/strona\/jaroslaw-horacy-chrzastek\/\" class=\"more-link\">Czytaj dalej<span class=\"screen-reader-text\"> &ldquo;Jaros\u0142aw Horacy Chrz\u0105stek&rdquo;<\/span>&hellip;<\/a><\/div>\n","protected":false},"author":1,"featured_media":0,"parent":0,"menu_order":0,"comment_status":"open","ping_status":"open","template":"","meta":{"spay_email":""},"jetpack_shortlink":"https:\/\/wp.me\/P4OIY8-pn","jetpack-related-posts":[{"id":1675,"url":"http:\/\/bezjacka.art.pl\/strona\/ot-tak-po-prostu-tom-1\/","url_meta":{"origin":1573,"position":0},"title":"Ot tak, po prostu&#8230; tom. 1","date":"4 sierpnia 2013","format":false,"excerpt":"wydawca: DALMAFON premiera: 28 Czerwca 2008 Dok\u0142adnie po dw\u00f3ch latach, kiedy to do\u015b\u0107 nieoczekiwanie na tej samej Bazunie w Elblagu, na swoim jubileuszowym koncercie zesp\u00f3\u0142S\u0142odki Ca\u0142us od Bubyspontanicznie zaprosi\u0142 do za\u015bpiewania kilku piosenek naszego lidera Zbyszka Stefa\u0144skiego - wychodzi wsp\u00f3lna p\u0142yta. W\u0142a\u015bciwie wychodzi pierwsza z dw\u00f3ch p\u0142yt, kt\u00f3re razem planujemy\u2026","rel":"","context":"Similar post","img":{"alt_text":"","src":"","width":0,"height":0},"classes":[]},{"id":1179,"url":"http:\/\/bezjacka.art.pl\/strona\/alfabet-bez-jacka\/","url_meta":{"origin":1573,"position":1},"title":"Alfabet &#8220;Bez Jacka&#8221;","date":"31 grudnia 2004","format":false,"excerpt":"Chcia\u0142em uzupe\u0142ni\u0107 alfabet o ludzi i miejsca istotne. W jaki\u015b spos\u00f3b usystematyzowa\u0107 o ile da si\u0119 skatalogowa\u0107 emocje, uczucia i w og\u00f3le \u017cycie. Poniewa\u017c nie chcia\u0142bym kogo\u015b wa\u017cnego dla nas pomin\u0105\u0107 a mo\u017ce kto\u015b nie \u017cyczy sobie obecno\u015bci na tej li\u015bcie, wiele te\u017c dat nie pami\u0119tam (zdj\u0119\u0107 i pami\u0105tek nie\u2026","rel":"","context":"Similar post","img":{"alt_text":"","src":"","width":0,"height":0},"classes":[]},{"id":1670,"url":"http:\/\/bezjacka.art.pl\/strona\/bez-jacka-z-chorem-i-orkiestra\/","url_meta":{"origin":1573,"position":2},"title":"Bez Jacka z ch\u00f3rem i orkiestr\u0105","date":"4 sierpnia 2013","format":false,"excerpt":"Bez Jacka z ch\u00f3rem Voce Angeli i Krakowsk\u0105 Orkiestra Kameraln\u0105. wydawca: DALMAFON premiera: 14 Sierpnia 2009 O ile nie wydarzy si\u0119 jaki\u015b kataklizm, na \"Bieszczadzkich Anio\u0142ach\" uka\u017ce si\u0119 nasza najnowsza p\u0142yta. Na p\u0142ycie przedstawiamy nagrania dokonane w czasie koncertu w Nowej Hucie. Podczas tego koncertu zagrali\u015bmy wsp\u00f3lnie z ch\u00f3rem Voce\u2026","rel":"","context":"Similar post","img":{"alt_text":"","src":"","width":0,"height":0},"classes":[]},{"id":961,"url":"http:\/\/bezjacka.art.pl\/strona\/zatancz-ze-mna-na-polanie\/","url_meta":{"origin":1573,"position":3},"title":"BEZ JACKA &#8211; &#8220;Zata\u0144cz ze mn\u0105 na polanie&#8221;","date":"28 lipca 2013","format":false,"excerpt":"wydawca: DALMAFON premiera: grudzie\u0144 2000 Pierwsza oficjalna p\u0142yta grupy. Jest to koncert jaki odby\u0142 si\u0119 w \u0142\u00f3dzkiej piwnicy artystycznej \"Przechowalnia\". Znakomicie zmiksowany wysokiej jako\u015bci materia\u0142 ukazuje wsp\u00f3\u0142czesne brzmienie zespo\u0142u, kt\u00f3rego korzenie si\u0119gaj\u0105 lat siedemdziesi\u0105tych. W tym czasie przez zesp\u00f3\u0142 przewin\u0119\u0142o si\u0119 wielu znanych i wy\u015bmienitych muzyk\u00f3w wp\u0142ywaj\u0105cych na brzmienie \"Bez\u2026","rel":"","context":"With 1 comment","img":{"alt_text":"","src":"","width":0,"height":0},"classes":[]},{"id":4024,"url":"http:\/\/bezjacka.art.pl\/strona\/od-zespolu\/","url_meta":{"origin":1573,"position":4},"title":"Od zespo\u0142u","date":"9 kwietnia 2017","format":false,"excerpt":"Witamy Was na naszej w\u0142asnej stronie. Wcze\u015bniej tworzyli nasze strony r\u00f3\u017cni dobrzy ludzie, kt\u00f3rym chcieli\u015bmy bardzo podzi\u0119kowa\u0107. Z r\u00f3\u017cnych przyczyn strony te nie by\u0142y doka\u0144czane, brakowa\u0142o podstawowych informacji i tak naprawd\u0119 nie mieli\u015bmy wi\u0119kszego wp\u0142ywu na to, co si\u0119 tam dzieje. By\u0142y to strony \"o nas\" a nie nasze. My\u015bl\u0119,\u2026","rel":"","context":"Similar post","img":{"alt_text":"","src":"https:\/\/i0.wp.com\/bezjacka.art.pl\/strona\/wp-content\/uploads\/2012\/11\/baner_Lesmian.jpg?resize=350%2C200","width":350,"height":200},"classes":[]},{"id":1499,"url":"http:\/\/bezjacka.art.pl\/strona\/zbyszek-maria-stefanski\/","url_meta":{"origin":1573,"position":5},"title":"Zbigniew Maria Stefa\u0144ski","date":"31 grudnia 2004","format":false,"excerpt":"fot. Krzysztof Grabowski Kwestionariusz Prousta G\u0142\u00f3wna cecha mojego charakteru - ufno\u015b\u0107 ludziom Cechy, kt\u00f3rych szukam u m\u0119\u017cczyzny - odpowiedzialno\u015b\u0107 Cechy, kt\u00f3rych szukam u kobiety - ciep\u0142o, zrozumienie Co ceni\u0119 najbardziej u przyjaci\u00f3\u0142 - solidarno\u015b\u0107 i szczero\u015b\u0107 Moja g\u0142\u00f3wna wada - lenistwo i na\u0142ogi Moje ulubione zaj\u0119cie - rozmy\u015bla\u0107 w samotno\u015bci\u2026","rel":"","context":"Similar post","img":{"alt_text":"","src":"https:\/\/i0.wp.com\/bezjacka.art.pl\/strona\/wp-content\/uploads\/2004\/12\/Zby\u00c5\u009b_2017-632x632.jpg?resize=350%2C200","width":350,"height":200},"classes":[]}],"jetpack_sharing_enabled":true,"_links":{"self":[{"href":"http:\/\/bezjacka.art.pl\/strona\/wp-json\/wp\/v2\/pages\/1573"}],"collection":[{"href":"http:\/\/bezjacka.art.pl\/strona\/wp-json\/wp\/v2\/pages"}],"about":[{"href":"http:\/\/bezjacka.art.pl\/strona\/wp-json\/wp\/v2\/types\/page"}],"author":[{"embeddable":true,"href":"http:\/\/bezjacka.art.pl\/strona\/wp-json\/wp\/v2\/users\/1"}],"replies":[{"embeddable":true,"href":"http:\/\/bezjacka.art.pl\/strona\/wp-json\/wp\/v2\/comments?post=1573"}],"version-history":[{"count":7,"href":"http:\/\/bezjacka.art.pl\/strona\/wp-json\/wp\/v2\/pages\/1573\/revisions"}],"predecessor-version":[{"id":4198,"href":"http:\/\/bezjacka.art.pl\/strona\/wp-json\/wp\/v2\/pages\/1573\/revisions\/4198"}],"wp:attachment":[{"href":"http:\/\/bezjacka.art.pl\/strona\/wp-json\/wp\/v2\/media?parent=1573"}],"curies":[{"name":"wp","href":"https:\/\/api.w.org\/{rel}","templated":true}]}}