{"id":1581,"date":"2013-08-03T23:33:44","date_gmt":"2013-08-03T21:33:44","guid":{"rendered":"http:\/\/bezjacka.art.pl\/strona\/?page_id=1581"},"modified":"2017-04-10T10:36:46","modified_gmt":"2017-04-10T08:36:46","slug":"mariusz-wilke","status":"publish","type":"page","link":"http:\/\/bezjacka.art.pl\/strona\/mariusz-wilke\/","title":{"rendered":"Mariusz Wilke"},"content":{"rendered":"<p><img data-attachment-id=\"4099\" data-permalink=\"http:\/\/bezjacka.art.pl\/strona\/mariusz-wilke\/mario_2017\/\" data-orig-file=\"http:\/\/bezjacka.art.pl\/strona\/wp-content\/uploads\/2013\/08\/Mario_2017.jpg\" data-orig-size=\"795,527\" data-comments-opened=\"0\" data-image-meta=\"{&quot;aperture&quot;:&quot;0&quot;,&quot;credit&quot;:&quot;&quot;,&quot;camera&quot;:&quot;&quot;,&quot;caption&quot;:&quot;&quot;,&quot;created_timestamp&quot;:&quot;0&quot;,&quot;copyright&quot;:&quot;&quot;,&quot;focal_length&quot;:&quot;0&quot;,&quot;iso&quot;:&quot;0&quot;,&quot;shutter_speed&quot;:&quot;0&quot;,&quot;title&quot;:&quot;&quot;,&quot;orientation&quot;:&quot;1&quot;}\" data-image-title=\"Mario_2017\" data-image-description=\"\" data-image-caption=\"\" data-medium-file=\"http:\/\/bezjacka.art.pl\/strona\/wp-content\/uploads\/2013\/08\/Mario_2017-632x419.jpg\" data-large-file=\"http:\/\/bezjacka.art.pl\/strona\/wp-content\/uploads\/2013\/08\/Mario_2017.jpg\" loading=\"lazy\" src=\"http:\/\/bezjacka.art.pl\/strona\/wp-content\/uploads\/2013\/08\/Mario_2017-632x419.jpg\" alt=\"\" width=\"632\" height=\"419\" class=\"aligncenter size-medium wp-image-4099\" srcset=\"http:\/\/bezjacka.art.pl\/strona\/wp-content\/uploads\/2013\/08\/Mario_2017-632x419.jpg 632w, http:\/\/bezjacka.art.pl\/strona\/wp-content\/uploads\/2013\/08\/Mario_2017-768x509.jpg 768w, http:\/\/bezjacka.art.pl\/strona\/wp-content\/uploads\/2013\/08\/Mario_2017.jpg 795w\" sizes=\"(max-width: 632px) 100vw, 632px\" \/><\/p>\n<p style=\"text-align: right;\"><sup>fot. Patrycja Naumczyk<\/sup><\/p>\n<h4>Kwestionariusz Prousta<\/h4>\n<p><strong>G\u0142\u00f3wna cecha mojego charakteru <\/strong>&#8211; optymizm<br \/>\n<strong>Cechy, kt\u00f3rych szukam u m\u0119\u017cczyzny<\/strong> &#8211; odpowiedzialno\u015b\u0107 i spok\u00f3j<br \/>\n<strong>Cechy, kt\u00f3rych szukam u kobiety<\/strong> &#8211; zaufanie i przyja\u017a\u0144<br \/>\n<strong>Co ceni\u0119 najbardziej u przyjaci\u00f3\u0142 <\/strong>&#8211; dobry humor<br \/>\n<strong>Moja g\u0142\u00f3wna wada<\/strong> &#8211; nie\u015bmia\u0142o\u015b\u0107<br \/>\n<strong>Moje ulubione zaj\u0119cie<\/strong> &#8211; granie i nagrywanie<br \/>\n<strong>Moje marzenie o szcz\u0119\u015bciu<\/strong> &#8211; nie musie\u0107<br \/>\n<strong>Co wzbudza we mnie obsesyjny l\u0119k<\/strong> &#8211; ci\u0119\u017cka choroba<br \/>\n<strong>Co by\u0142oby dla mnie najwi\u0119kszym nieszcz\u0119\u015bciem<\/strong> &#8211; \u015bmier\u0107 najbli\u017cszych<br \/>\n<strong>Kim (lub czym) chcia\u0142bym by\u0107, gdybym nie by\u0142 tym, kim jestem<\/strong> &#8211; le\u015bnikiem<br \/>\n<strong>Kiedy k\u0142ami\u0119<\/strong> &#8211; wtedy, gdy nie chc\u0119 kogo\u015b zrani\u0107<br \/>\n<strong>S\u0142owa kt\u00f3re nadu\u017cywam<\/strong> -damy rad\u0119<br \/>\n<strong>Ulubieni bohaterowie literaccy<\/strong> &#8211; Wokulski, Ptasiek<br \/>\n<strong>Ulubieni bohaterowie \u017cycia codziennego<\/strong> &#8211; kierowcy<br \/>\n<strong>Czego nie cierpi\u0119 ponad wszystko<\/strong> &#8211; fa\u0142szu<br \/>\n<strong>Dar natury, kt\u00f3ry chcia\u0142bym posiada\u0107<\/strong> &#8211; dobra pami\u0119\u0107<br \/>\n<strong>Jak chcia\u0142bym umrze\u0107<\/strong> &#8211; nagle<br \/>\n<strong>Obecny stan mojego umys\u0142u<\/strong> &#8211; lekki niepok\u00f3j<br \/>\n<strong>B\u0142\u0119dy, kt\u00f3re naj\u0142atwiej wybaczam<\/strong> &#8211; niezwi\u0105zane z moimi uczuciami<br \/>\n<strong>Moja dewiza<\/strong> &#8211; tylko spok\u00f3j i u\u015bmiech nas uratuje<\/p>\n","protected":false},"excerpt":{"rendered":"<div class=\"entry-summary\">\nfot. Patrycja Naumczyk Kwestionariusz Prousta G\u0142\u00f3wna cecha mojego charakteru &#8211; optymizm Cechy,&hellip;\n<\/div>\n<div class=\"link-more\"><a href=\"http:\/\/bezjacka.art.pl\/strona\/mariusz-wilke\/\" class=\"more-link\">Czytaj dalej<span class=\"screen-reader-text\"> &ldquo;Mariusz Wilke&rdquo;<\/span>&hellip;<\/a><\/div>\n","protected":false},"author":1,"featured_media":0,"parent":0,"menu_order":0,"comment_status":"open","ping_status":"open","template":"","meta":{"spay_email":""},"jetpack_shortlink":"https:\/\/wp.me\/P4OIY8-pv","jetpack-related-posts":[{"id":1584,"url":"http:\/\/bezjacka.art.pl\/strona\/tomasz-chrzastek\/","url_meta":{"origin":1581,"position":0},"title":"Tomek Chrz\u0105stek &#8211; honorowy cz\u0142onek zespo\u0142u","date":"3 sierpnia 2013","format":false,"excerpt":"Kwestionariusz Prousta G\u0142\u00f3wna cecha mojego charakteru - niezdecydowanie Cechy, kt\u00f3rych szukam u m\u0119\u017cczyzny - inteligencji, chrakteru Cechy, kt\u00f3rych szukam u kobiety - kobieco\u015bci - cokolwiek to znaczy Co ceni\u0119 najbardziej u przyjaci\u00f3\u0142 - to, \u017ce s\u0105 Moja g\u0142\u00f3wna wada - s\u0142aba silna wola Moje ulubione zaj\u0119cie - tw\u00f3rcze nicnierobienie Moje\u2026","rel":"","context":"Similar post","img":{"alt_text":"","src":"https:\/\/i1.wp.com\/bezjacka.art.pl\/strona\/wp-content\/uploads\/2013\/08\/Tomek_2017-632x474.jpg?resize=350%2C200","width":350,"height":200},"classes":[]},{"id":1579,"url":"http:\/\/bezjacka.art.pl\/strona\/wojtek-sokolowski\/","url_meta":{"origin":1581,"position":1},"title":"Wojtek Soko\u0142owski","date":"3 sierpnia 2013","format":false,"excerpt":"fot. Patrycja Naumczyk Kwestionariusz Prousta G\u0142\u00f3wna cecha mojego charakteru - optymizm i wiara w dobro innych Cechy, kt\u00f3rych szukam u m\u0119\u017cczyzny - odpowiedzialno\u015b\u0107, m\u0105dro\u015b\u0107 \u017cyciowa Cechy, kt\u00f3rych szukam u kobiety - delikatno\u015b\u0107, nami\u0119tno\u015b\u0107 i to co\u015b, co tak trudno nam m\u0119\u017cczyzn\u0105 okre\u015bli\u0107 Co ceni\u0119 najbardziej u przyjaci\u00f3\u0142 - lojalno\u015b\u0107, szczero\u015b\u0107\u2026","rel":"","context":"Similar post","img":{"alt_text":"","src":"https:\/\/i0.wp.com\/bezjacka.art.pl\/strona\/wp-content\/uploads\/2013\/08\/Wojtek_2017-632x422.jpg?resize=350%2C200","width":350,"height":200},"classes":[]},{"id":1499,"url":"http:\/\/bezjacka.art.pl\/strona\/zbyszek-maria-stefanski\/","url_meta":{"origin":1581,"position":2},"title":"Zbigniew Maria Stefa\u0144ski","date":"31 grudnia 2004","format":false,"excerpt":"fot. Krzysztof Grabowski Kwestionariusz Prousta G\u0142\u00f3wna cecha mojego charakteru - ufno\u015b\u0107 ludziom Cechy, kt\u00f3rych szukam u m\u0119\u017cczyzny - odpowiedzialno\u015b\u0107 Cechy, kt\u00f3rych szukam u kobiety - ciep\u0142o, zrozumienie Co ceni\u0119 najbardziej u przyjaci\u00f3\u0142 - solidarno\u015b\u0107 i szczero\u015b\u0107 Moja g\u0142\u00f3wna wada - lenistwo i na\u0142ogi Moje ulubione zaj\u0119cie - rozmy\u015bla\u0107 w samotno\u015bci\u2026","rel":"","context":"Similar post","img":{"alt_text":"","src":"https:\/\/i0.wp.com\/bezjacka.art.pl\/strona\/wp-content\/uploads\/2004\/12\/Zby\u00c5\u009b_2017-632x632.jpg?resize=350%2C200","width":350,"height":200},"classes":[]},{"id":1573,"url":"http:\/\/bezjacka.art.pl\/strona\/jaroslaw-horacy-chrzastek\/","url_meta":{"origin":1581,"position":3},"title":"Jaros\u0142aw Horacy Chrz\u0105stek","date":"3 stycznia 2005","format":false,"excerpt":"fot. Patrycja Naumczyk Lekcje gry na flecie Od jakiego\u015b czasu mam ucznia, kt\u00f3rego ucz\u0119 gry na flecie. Sprawia mi to wielk\u0105 rado\u015b\u0107. Sam zaczynam si\u0119 wiele uczy\u0107, analizuj\u0105c gr\u0119 innych, przygotowuj\u0105c si\u0119, pisz\u0105c dla niego wprawki i etiudy. Znam wielu ludzi, kt\u00f3rzy uwa\u017caj\u0105 si\u0119 za moich uczni\u00f3w. Moja kole\u017canka po\u2026","rel":"","context":"Similar post","img":{"alt_text":"","src":"https:\/\/i2.wp.com\/bezjacka.art.pl\/strona\/wp-content\/uploads\/2005\/01\/Horacy_2017-632x421.jpg?resize=350%2C200","width":350,"height":200},"classes":[]},{"id":4024,"url":"http:\/\/bezjacka.art.pl\/strona\/od-zespolu\/","url_meta":{"origin":1581,"position":4},"title":"Od zespo\u0142u","date":"9 kwietnia 2017","format":false,"excerpt":"Witamy Was na naszej w\u0142asnej stronie. Wcze\u015bniej tworzyli nasze strony r\u00f3\u017cni dobrzy ludzie, kt\u00f3rym chcieli\u015bmy bardzo podzi\u0119kowa\u0107. Z r\u00f3\u017cnych przyczyn strony te nie by\u0142y doka\u0144czane, brakowa\u0142o podstawowych informacji i tak naprawd\u0119 nie mieli\u015bmy wi\u0119kszego wp\u0142ywu na to, co si\u0119 tam dzieje. By\u0142y to strony \"o nas\" a nie nasze. My\u015bl\u0119,\u2026","rel":"","context":"Similar post","img":{"alt_text":"","src":"https:\/\/i0.wp.com\/bezjacka.art.pl\/strona\/wp-content\/uploads\/2012\/11\/baner_Lesmian.jpg?resize=350%2C200","width":350,"height":200},"classes":[]},{"id":1179,"url":"http:\/\/bezjacka.art.pl\/strona\/alfabet-bez-jacka\/","url_meta":{"origin":1581,"position":5},"title":"Alfabet &#8220;Bez Jacka&#8221;","date":"31 grudnia 2004","format":false,"excerpt":"Chcia\u0142em uzupe\u0142ni\u0107 alfabet o ludzi i miejsca istotne. W jaki\u015b spos\u00f3b usystematyzowa\u0107 o ile da si\u0119 skatalogowa\u0107 emocje, uczucia i w og\u00f3le \u017cycie. Poniewa\u017c nie chcia\u0142bym kogo\u015b wa\u017cnego dla nas pomin\u0105\u0107 a mo\u017ce kto\u015b nie \u017cyczy sobie obecno\u015bci na tej li\u015bcie, wiele te\u017c dat nie pami\u0119tam (zdj\u0119\u0107 i pami\u0105tek nie\u2026","rel":"","context":"Similar post","img":{"alt_text":"","src":"","width":0,"height":0},"classes":[]}],"jetpack_sharing_enabled":true,"_links":{"self":[{"href":"http:\/\/bezjacka.art.pl\/strona\/wp-json\/wp\/v2\/pages\/1581"}],"collection":[{"href":"http:\/\/bezjacka.art.pl\/strona\/wp-json\/wp\/v2\/pages"}],"about":[{"href":"http:\/\/bezjacka.art.pl\/strona\/wp-json\/wp\/v2\/types\/page"}],"author":[{"embeddable":true,"href":"http:\/\/bezjacka.art.pl\/strona\/wp-json\/wp\/v2\/users\/1"}],"replies":[{"embeddable":true,"href":"http:\/\/bezjacka.art.pl\/strona\/wp-json\/wp\/v2\/comments?post=1581"}],"version-history":[{"count":4,"href":"http:\/\/bezjacka.art.pl\/strona\/wp-json\/wp\/v2\/pages\/1581\/revisions"}],"predecessor-version":[{"id":4200,"href":"http:\/\/bezjacka.art.pl\/strona\/wp-json\/wp\/v2\/pages\/1581\/revisions\/4200"}],"wp:attachment":[{"href":"http:\/\/bezjacka.art.pl\/strona\/wp-json\/wp\/v2\/media?parent=1581"}],"curies":[{"name":"wp","href":"https:\/\/api.w.org\/{rel}","templated":true}]}}