{"id":1615,"date":"2013-08-04T01:34:06","date_gmt":"2013-08-03T23:34:06","guid":{"rendered":"http:\/\/bezjacka.art.pl\/strona\/?page_id=1615"},"modified":"2020-08-27T16:14:04","modified_gmt":"2020-08-27T14:14:04","slug":"nasze-plyty","status":"publish","type":"page","link":"http:\/\/bezjacka.art.pl\/strona\/nasze-plyty\/","title":{"rendered":"Wydawnictwa"},"content":{"rendered":"<p>Ze wszystkich naszych wydawnictw tylko ostatnie p\u0142yty wydane przez wytw\u00f3rni\u0119 &#8220;Dalmafon&#8221; oraz przez nas samych s\u0105 legalne. Pozosta\u0142e p\u0142yty w zwi\u0105zku z wyga\u015bni\u0119ciem praw do ich rozpowszechniania, utraci\u0142y licencje i je\u017celi gdziekolwiek znajdziecie je Pa\u0144stwo w sprzeda\u017cy, to s\u0105 to wydania nielegalne czyli pirackie.<\/p>\n<p>Je\u017celi cho\u0107 troch\u0119 lubicie Pa\u0144stwo nas i nasz\u0105 muzyk\u0119, to nie kupujcie naszych p\u0142yt nielegalnie \u2013 my te\u017c chcieliby\u015bmy z czego\u015b \u017cy\u0107!<\/p>\n<div class=\"su-row\">\n<div class=\"su-column su-column-size-1-5\"><div class=\"su-column-inner su-u-clearfix su-u-trim\"><img data-attachment-id=\"4173\" data-permalink=\"http:\/\/bezjacka.art.pl\/strona\/nasze-plyty\/bj_2017_mini\/\" data-orig-file=\"http:\/\/bezjacka.art.pl\/strona\/wp-content\/uploads\/2017\/04\/BJ_2017_mini.jpg\" data-orig-size=\"125,125\" data-comments-opened=\"0\" data-image-meta=\"{&quot;aperture&quot;:&quot;0&quot;,&quot;credit&quot;:&quot;&quot;,&quot;camera&quot;:&quot;&quot;,&quot;caption&quot;:&quot;&quot;,&quot;created_timestamp&quot;:&quot;0&quot;,&quot;copyright&quot;:&quot;&quot;,&quot;focal_length&quot;:&quot;0&quot;,&quot;iso&quot;:&quot;0&quot;,&quot;shutter_speed&quot;:&quot;0&quot;,&quot;title&quot;:&quot;&quot;,&quot;orientation&quot;:&quot;1&quot;}\" data-image-title=\"BJ_2017_mini\" data-image-description=\"\" data-image-caption=\"\" data-medium-file=\"http:\/\/bezjacka.art.pl\/strona\/wp-content\/uploads\/2017\/04\/BJ_2017_mini.jpg\" data-large-file=\"http:\/\/bezjacka.art.pl\/strona\/wp-content\/uploads\/2017\/04\/BJ_2017_mini.jpg\" loading=\"lazy\" class=\"size-full wp-image-4173 alignleft\" src=\"http:\/\/bezjacka.art.pl\/strona\/wp-content\/uploads\/2017\/04\/BJ_2017_mini.jpg\" alt=\"\" width=\"125\" height=\"125\" \/> <\/div><\/div>\n<div class=\"su-column su-column-size-4-5\"><div class=\"su-column-inner su-u-clearfix su-u-trim\">2017 &#8211; <a href=\"http:\/\/bezjacka.art.pl\/strona\/bez-jacka-wierzac-w-sny\/\">Wierz\u0105c w sny<\/a> wyd. Grupa Bez Jacka <a href=\"http:\/\/bezjacka.art.pl\/strona\/kup-plyte\/\">Kup p\u0142yt\u0119<\/a><\/div><\/div>\n<\/div>\n<div class=\"su-row\">\n<div class=\"su-column su-column-size-1-5\"><div class=\"su-column-inner su-u-clearfix su-u-trim\"><a href=\"http:\/\/bezjacka.art.pl\/strona\/ot-tak-po-prostu-tom-2\/\"><img data-attachment-id=\"1612\" data-permalink=\"http:\/\/bezjacka.art.pl\/strona\/image-description\/\" data-orig-file=\"http:\/\/bezjacka.art.pl\/strona\/wp-content\/uploads\/2012\/11\/bezjacka6.jpg\" data-orig-size=\"232,208\" data-comments-opened=\"1\" data-image-meta=\"{&quot;aperture&quot;:&quot;0&quot;,&quot;credit&quot;:&quot;&quot;,&quot;camera&quot;:&quot;&quot;,&quot;caption&quot;:&quot;&quot;,&quot;created_timestamp&quot;:&quot;0&quot;,&quot;copyright&quot;:&quot;&quot;,&quot;focal_length&quot;:&quot;0&quot;,&quot;iso&quot;:&quot;0&quot;,&quot;shutter_speed&quot;:&quot;0&quot;,&quot;title&quot;:&quot;image description&quot;}\" data-image-title=\"Ot tak po prostu tom. 2\" data-image-description=\"\" data-image-caption=\"\" data-medium-file=\"http:\/\/bezjacka.art.pl\/strona\/wp-content\/uploads\/2012\/11\/bezjacka6.jpg\" data-large-file=\"http:\/\/bezjacka.art.pl\/strona\/wp-content\/uploads\/2012\/11\/bezjacka6.jpg\" loading=\"lazy\" width=\"125\" height=\"125\" class=\"alignleft size-thumbnail wp-image-1612\" src=\"http:\/\/bezjacka.art.pl\/strona\/wp-content\/uploads\/2012\/11\/bezjacka6-125x125.jpg\" alt=\"Ot tak po prostu tom. 2\" \/><\/a> <\/div><\/div>\n<div class=\"su-column su-column-size-4-5\"><div class=\"su-column-inner su-u-clearfix su-u-trim\">2010 &#8211; <a href=\"http:\/\/bezjacka.art.pl\/strona\/ot-tak-po-prostu-tom-2\/\">Ot tak, po prostu&#8230;, tom. 2<\/a> wyd. Dalmafon <a href=\"http:\/\/bezjacka.art.pl\/strona\/kup-plyte\/\">Kup p\u0142yt\u0119<\/a> <\/div><\/div>\n<\/div>\n<div class=\"su-row\">\n<div class=\"su-column su-column-size-1-5\"><div class=\"su-column-inner su-u-clearfix su-u-trim\">\n<a href=\"http:\/\/bezjacka.art.pl\/strona\/bez-jacka-z-chorem-i-orkiestra\/\"><img data-attachment-id=\"1611\" data-permalink=\"http:\/\/bezjacka.art.pl\/strona\/bezjacka5\/\" data-orig-file=\"http:\/\/bezjacka.art.pl\/strona\/wp-content\/uploads\/2012\/11\/bezjacka5.jpg\" data-orig-size=\"232,232\" data-comments-opened=\"1\" data-image-meta=\"{&quot;aperture&quot;:&quot;0&quot;,&quot;credit&quot;:&quot;&quot;,&quot;camera&quot;:&quot;&quot;,&quot;caption&quot;:&quot;&quot;,&quot;created_timestamp&quot;:&quot;0&quot;,&quot;copyright&quot;:&quot;&quot;,&quot;focal_length&quot;:&quot;0&quot;,&quot;iso&quot;:&quot;0&quot;,&quot;shutter_speed&quot;:&quot;0&quot;,&quot;title&quot;:&quot;&quot;}\" data-image-title=\"Bez Jacka z ch\u00f3rem iorkiestr\u0105\" data-image-description=\"\" data-image-caption=\"\" data-medium-file=\"http:\/\/bezjacka.art.pl\/strona\/wp-content\/uploads\/2012\/11\/bezjacka5.jpg\" data-large-file=\"http:\/\/bezjacka.art.pl\/strona\/wp-content\/uploads\/2012\/11\/bezjacka5.jpg\" loading=\"lazy\" width=\"125\" height=\"125\" class=\"alignleft size-thumbnail wp-image-1611\" src=\"http:\/\/bezjacka.art.pl\/strona\/wp-content\/uploads\/2012\/11\/bezjacka5-125x125.jpg\" alt=\"Bez Jacka z ch\u00f3rem iorkiestr\u0105\" srcset=\"http:\/\/bezjacka.art.pl\/strona\/wp-content\/uploads\/2012\/11\/bezjacka5-125x125.jpg 125w, http:\/\/bezjacka.art.pl\/strona\/wp-content\/uploads\/2012\/11\/bezjacka5-220x220.jpg 220w, http:\/\/bezjacka.art.pl\/strona\/wp-content\/uploads\/2012\/11\/bezjacka5.jpg 232w\" sizes=\"(max-width: 125px) 100vw, 125px\" \/><\/a> <\/div><\/div>\n<div class=\"su-column su-column-size-4-5\"><div class=\"su-column-inner su-u-clearfix su-u-trim\">2009 &#8211; <a href=\"http:\/\/bezjacka.art.pl\/strona\/bez-jacka-z-chorem-i-orkiestra\/\">Bez Jacka z ch\u00f3rem Voce Angeli<\/a> wyd. Dalmafon <a href=\"http:\/\/bezjacka.art.pl\/strona\/kup-plyte\/\">Kup p\u0142yt\u0119<\/a> <\/div><\/div>\n<\/div>\n<div class=\"su-row\">\n<div class=\"su-column su-column-size-1-5\"><div class=\"su-column-inner su-u-clearfix su-u-trim\"><a href=\"http:\/\/bezjacka.art.pl\/strona\/ot-tak-po-prostu-tom-1\/\"><img data-attachment-id=\"1610\" data-permalink=\"http:\/\/bezjacka.art.pl\/strona\/bezjacka4\/\" data-orig-file=\"http:\/\/bezjacka.art.pl\/strona\/wp-content\/uploads\/2012\/11\/bezjacka4.jpg\" data-orig-size=\"231,200\" data-comments-opened=\"1\" data-image-meta=\"{&quot;aperture&quot;:&quot;9&quot;,&quot;credit&quot;:&quot;&quot;,&quot;camera&quot;:&quot;Canon EOS 20D&quot;,&quot;caption&quot;:&quot;&quot;,&quot;created_timestamp&quot;:&quot;1207382618&quot;,&quot;copyright&quot;:&quot;&quot;,&quot;focal_length&quot;:&quot;17&quot;,&quot;iso&quot;:&quot;1600&quot;,&quot;shutter_speed&quot;:&quot;0.005&quot;,&quot;title&quot;:&quot;&quot;}\" data-image-title=\"Ot tak po prostu tom. 1\" data-image-description=\"\" data-image-caption=\"\" data-medium-file=\"http:\/\/bezjacka.art.pl\/strona\/wp-content\/uploads\/2012\/11\/bezjacka4.jpg\" data-large-file=\"http:\/\/bezjacka.art.pl\/strona\/wp-content\/uploads\/2012\/11\/bezjacka4.jpg\" loading=\"lazy\" width=\"125\" height=\"125\" class=\"alignleft size-thumbnail wp-image-1610\" src=\"http:\/\/bezjacka.art.pl\/strona\/wp-content\/uploads\/2012\/11\/bezjacka4-125x125.jpg\" alt=\"Ot tak po prostu tom. 1\" \/><\/a> <\/div><\/div>\n<div class=\"su-column su-column-size-4-5\"><div class=\"su-column-inner su-u-clearfix su-u-trim\">2008 &#8211; <a href=\"http:\/\/bezjacka.art.pl\/strona\/ot-tak-po-prostu-tom-1\/\">Ot tak, po prostu&#8230;, tom. 1<\/a> wyd. Dalmafon <a href=\"http:\/\/bezjacka.art.pl\/strona\/kup-plyte\/\">Kup p\u0142yt\u0119<\/a> <\/div><\/div>\n<\/div>\n<div class=\"su-row\">\n<div class=\"su-column su-column-size-1-5\"><div class=\"su-column-inner su-u-clearfix su-u-trim\"><a href=\"http:\/\/bezjacka.art.pl\/strona\/bez-jacka-jasiu\/\"><img data-attachment-id=\"1608\" data-permalink=\"http:\/\/bezjacka.art.pl\/strona\/bezjacka3-2\/\" data-orig-file=\"http:\/\/bezjacka.art.pl\/strona\/wp-content\/uploads\/2012\/11\/bezjacka31.jpg\" data-orig-size=\"229,200\" data-comments-opened=\"1\" data-image-meta=\"{&quot;aperture&quot;:&quot;0&quot;,&quot;credit&quot;:&quot;&quot;,&quot;camera&quot;:&quot;&quot;,&quot;caption&quot;:&quot;&quot;,&quot;created_timestamp&quot;:&quot;0&quot;,&quot;copyright&quot;:&quot;&quot;,&quot;focal_length&quot;:&quot;0&quot;,&quot;iso&quot;:&quot;0&quot;,&quot;shutter_speed&quot;:&quot;0&quot;,&quot;title&quot;:&quot;&quot;}\" data-image-title=\"Jasiu\" data-image-description=\"\" data-image-caption=\"\" data-medium-file=\"http:\/\/bezjacka.art.pl\/strona\/wp-content\/uploads\/2012\/11\/bezjacka31.jpg\" data-large-file=\"http:\/\/bezjacka.art.pl\/strona\/wp-content\/uploads\/2012\/11\/bezjacka31.jpg\" loading=\"lazy\" width=\"125\" height=\"125\" class=\"alignleft size-thumbnail wp-image-1608\" src=\"http:\/\/bezjacka.art.pl\/strona\/wp-content\/uploads\/2012\/11\/bezjacka31-125x125.jpg\" alt=\"Jasiu\" \/><\/a> <\/div><\/div>\n<div class=\"su-column su-column-size-4-5\"><div class=\"su-column-inner su-u-clearfix su-u-trim\">2004 &#8211; <a href=\"http:\/\/bezjacka.art.pl\/strona\/bez-jacka-jasiu\/\">Jasiu<\/a> wyd. Dalmafon <a href=\"http:\/\/bezjacka.art.pl\/strona\/kup-plyte\/\">Kup p\u0142yt\u0119<\/a> <\/div><\/div>\n<\/div>\n<div class=\"su-row\">\n<div class=\"su-column su-column-size-1-5\"><div class=\"su-column-inner su-u-clearfix su-u-trim\"><a href=\"http:\/\/bezjacka.art.pl\/strona\/bez-jacka-do-mroku-naglisz-mnie\/\"><img data-attachment-id=\"1606\" data-permalink=\"http:\/\/bezjacka.art.pl\/strona\/bezjacka2\/\" data-orig-file=\"http:\/\/bezjacka.art.pl\/strona\/wp-content\/uploads\/2012\/11\/bezjacka2.jpg\" data-orig-size=\"228,200\" data-comments-opened=\"1\" data-image-meta=\"{&quot;aperture&quot;:&quot;0&quot;,&quot;credit&quot;:&quot;&quot;,&quot;camera&quot;:&quot;&quot;,&quot;caption&quot;:&quot;&quot;,&quot;created_timestamp&quot;:&quot;0&quot;,&quot;copyright&quot;:&quot;&quot;,&quot;focal_length&quot;:&quot;0&quot;,&quot;iso&quot;:&quot;0&quot;,&quot;shutter_speed&quot;:&quot;0&quot;,&quot;title&quot;:&quot;&quot;}\" data-image-title=\"Do mroku naglisz mnie\" data-image-description=\"\" data-image-caption=\"\" data-medium-file=\"http:\/\/bezjacka.art.pl\/strona\/wp-content\/uploads\/2012\/11\/bezjacka2.jpg\" data-large-file=\"http:\/\/bezjacka.art.pl\/strona\/wp-content\/uploads\/2012\/11\/bezjacka2.jpg\" loading=\"lazy\" width=\"125\" height=\"125\" class=\"alignleft size-thumbnail wp-image-1606\" src=\"http:\/\/bezjacka.art.pl\/strona\/wp-content\/uploads\/2012\/11\/bezjacka2-125x125.jpg\" alt=\"Do mroku naglisz mnie\" \/><\/a> <\/div><\/div>\n<div class=\"su-column su-column-size-4-5\"><div class=\"su-column-inner su-u-clearfix su-u-trim\">2003 &#8211; <a href=\"http:\/\/bezjacka.art.pl\/strona\/bez-jacka-do-mroku-naglisz-mnie\/\">Do mroku naglisz mnie<\/a> wyd. Dalmafon <a href=\"http:\/\/bezjacka.art.pl\/strona\/kup-plyte\/\">Kup p\u0142yt\u0119<\/a> <\/div><\/div>\n<\/div>\n<div class=\"su-row\">\n<div class=\"su-column su-column-size-1-5\"><div class=\"su-column-inner su-u-clearfix su-u-trim\"><a href=\"http:\/\/bezjacka.art.pl\/strona\/zatancz-ze-mna-na-polanie\/\"><img data-attachment-id=\"1604\" data-permalink=\"http:\/\/bezjacka.art.pl\/strona\/bezjacka1-2\/\" data-orig-file=\"http:\/\/bezjacka.art.pl\/strona\/wp-content\/uploads\/2012\/11\/bezjacka1.jpg\" data-orig-size=\"232,200\" data-comments-opened=\"1\" data-image-meta=\"{&quot;aperture&quot;:&quot;0&quot;,&quot;credit&quot;:&quot;&quot;,&quot;camera&quot;:&quot;&quot;,&quot;caption&quot;:&quot;&quot;,&quot;created_timestamp&quot;:&quot;0&quot;,&quot;copyright&quot;:&quot;&quot;,&quot;focal_length&quot;:&quot;0&quot;,&quot;iso&quot;:&quot;0&quot;,&quot;shutter_speed&quot;:&quot;0&quot;,&quot;title&quot;:&quot;&quot;}\" data-image-title=\"Zata\u0144cz ze mn\u0105 na polanie\" data-image-description=\"\" data-image-caption=\"\" data-medium-file=\"http:\/\/bezjacka.art.pl\/strona\/wp-content\/uploads\/2012\/11\/bezjacka1.jpg\" data-large-file=\"http:\/\/bezjacka.art.pl\/strona\/wp-content\/uploads\/2012\/11\/bezjacka1.jpg\" loading=\"lazy\" width=\"125\" height=\"125\" class=\"alignleft size-thumbnail wp-image-1604\" src=\"http:\/\/bezjacka.art.pl\/strona\/wp-content\/uploads\/2012\/11\/bezjacka1-125x125.jpg\" alt=\"Zata\u0144cz ze mn\u0105 na polanie\" \/><\/a> <\/div><\/div>\n<div class=\"su-column su-column-size-4-5\"><div class=\"su-column-inner su-u-clearfix su-u-trim\">2000 &#8211; <a href=\"http:\/\/bezjacka.art.pl\/strona\/zatancz-ze-mna-na-polanie\/\">Zata\u0144cz ze mn\u0105 na polanie<\/a> wyd. Dalmafon <\/div><\/div>\n<\/div>\n<div class=\"su-row\">\n<div class=\"su-column su-column-size-1-5\"><div class=\"su-column-inner su-u-clearfix su-u-trim\"><a href=\"http:\/\/bezjacka.art.pl\/strona\/bez-jacka-zamazany-caly-swiat\/\"><img data-attachment-id=\"1605\" data-permalink=\"http:\/\/bezjacka.art.pl\/strona\/bezjacka02\/\" data-orig-file=\"http:\/\/bezjacka.art.pl\/strona\/wp-content\/uploads\/2012\/11\/bezjacka02.png\" data-orig-size=\"232,200\" data-comments-opened=\"1\" data-image-meta=\"{&quot;aperture&quot;:&quot;0&quot;,&quot;credit&quot;:&quot;&quot;,&quot;camera&quot;:&quot;&quot;,&quot;caption&quot;:&quot;&quot;,&quot;created_timestamp&quot;:&quot;0&quot;,&quot;copyright&quot;:&quot;&quot;,&quot;focal_length&quot;:&quot;0&quot;,&quot;iso&quot;:&quot;0&quot;,&quot;shutter_speed&quot;:&quot;0&quot;,&quot;title&quot;:&quot;&quot;}\" data-image-title=\"Zamazany ca\u0142y \u015bwiat\" data-image-description=\"\" data-image-caption=\"\" data-medium-file=\"http:\/\/bezjacka.art.pl\/strona\/wp-content\/uploads\/2012\/11\/bezjacka02.png\" data-large-file=\"http:\/\/bezjacka.art.pl\/strona\/wp-content\/uploads\/2012\/11\/bezjacka02.png\" loading=\"lazy\" width=\"125\" height=\"125\" class=\"alignleft size-thumbnail wp-image-1605\" src=\"http:\/\/bezjacka.art.pl\/strona\/wp-content\/uploads\/2012\/11\/bezjacka02-125x125.png\" alt=\"Zamazany ca\u0142y \u015bwiat\" \/><\/a> <\/div><\/div>\n<div class=\"su-column su-column-size-4-5\"><div class=\"su-column-inner su-u-clearfix su-u-trim\">1994 &#8211; <a href=\"http:\/\/bezjacka.art.pl\/strona\/bez-jacka-zamazany-caly-swiat\/\">Zamazany ca\u0142y \u015bwiat<\/a> wyd. Pomaton <\/div><\/div>\n<\/div>\n<div class=\"su-row\">\n<div class=\"su-column su-column-size-1-5\"><div class=\"su-column-inner su-u-clearfix su-u-trim\"><a href=\"http:\/\/bezjacka.art.pl\/strona\/bez-jacka-tartak-93-koncert-nocny\/\"><img data-attachment-id=\"1609\" data-permalink=\"http:\/\/bezjacka.art.pl\/strona\/bezjacka04\/\" data-orig-file=\"http:\/\/bezjacka.art.pl\/strona\/wp-content\/uploads\/2012\/11\/bezjacka04.png\" data-orig-size=\"232,200\" data-comments-opened=\"1\" data-image-meta=\"{&quot;aperture&quot;:&quot;0&quot;,&quot;credit&quot;:&quot;&quot;,&quot;camera&quot;:&quot;&quot;,&quot;caption&quot;:&quot;&quot;,&quot;created_timestamp&quot;:&quot;0&quot;,&quot;copyright&quot;:&quot;&quot;,&quot;focal_length&quot;:&quot;0&quot;,&quot;iso&quot;:&quot;0&quot;,&quot;shutter_speed&quot;:&quot;0&quot;,&quot;title&quot;:&quot;&quot;}\" data-image-title=\"Tartak 93\" data-image-description=\"\" data-image-caption=\"\" data-medium-file=\"http:\/\/bezjacka.art.pl\/strona\/wp-content\/uploads\/2012\/11\/bezjacka04.png\" data-large-file=\"http:\/\/bezjacka.art.pl\/strona\/wp-content\/uploads\/2012\/11\/bezjacka04.png\" loading=\"lazy\" width=\"125\" height=\"125\" class=\"alignleft size-thumbnail wp-image-1609\" src=\"http:\/\/bezjacka.art.pl\/strona\/wp-content\/uploads\/2012\/11\/bezjacka04-125x125.png\" alt=\"Tartak 93\" \/><\/a> <\/div><\/div>\n<div class=\"su-column su-column-size-4-5\"><div class=\"su-column-inner su-u-clearfix su-u-trim\">1993 &#8211; <a href=\"http:\/\/bezjacka.art.pl\/strona\/bez-jacka-tartak-93-koncert-nocny\/\">Tartak &#8211; 93 Bez Jacka<\/a> <\/div><\/div>\n<\/div>\n<div class=\"su-row\">\n<div class=\"su-column su-column-size-1-5\"><div class=\"su-column-inner su-u-clearfix su-u-trim\"><img data-attachment-id=\"1607\" data-permalink=\"http:\/\/bezjacka.art.pl\/strona\/bezjacka03\/\" data-orig-file=\"http:\/\/bezjacka.art.pl\/strona\/wp-content\/uploads\/2012\/11\/bezjacka03.jpg\" data-orig-size=\"202,202\" data-comments-opened=\"1\" data-image-meta=\"{&quot;aperture&quot;:&quot;0&quot;,&quot;credit&quot;:&quot;&quot;,&quot;camera&quot;:&quot;&quot;,&quot;caption&quot;:&quot;&quot;,&quot;created_timestamp&quot;:&quot;0&quot;,&quot;copyright&quot;:&quot;&quot;,&quot;focal_length&quot;:&quot;0&quot;,&quot;iso&quot;:&quot;0&quot;,&quot;shutter_speed&quot;:&quot;0&quot;,&quot;title&quot;:&quot;&quot;}\" data-image-title=\"Kol\u0119dy\" data-image-description=\"\" data-image-caption=\"\" data-medium-file=\"http:\/\/bezjacka.art.pl\/strona\/wp-content\/uploads\/2012\/11\/bezjacka03.jpg\" data-large-file=\"http:\/\/bezjacka.art.pl\/strona\/wp-content\/uploads\/2012\/11\/bezjacka03.jpg\" loading=\"lazy\" width=\"125\" height=\"125\" class=\"alignleft size-thumbnail wp-image-1607\" src=\"http:\/\/bezjacka.art.pl\/strona\/wp-content\/uploads\/2012\/11\/bezjacka03-125x125.jpg\" alt=\"Kol\u0119dy\" srcset=\"http:\/\/bezjacka.art.pl\/strona\/wp-content\/uploads\/2012\/11\/bezjacka03-125x125.jpg 125w, http:\/\/bezjacka.art.pl\/strona\/wp-content\/uploads\/2012\/11\/bezjacka03.jpg 202w\" sizes=\"(max-width: 125px) 100vw, 125px\" \/> <\/div><\/div>\n<div class=\"su-column su-column-size-4-5\"><div class=\"su-column-inner su-u-clearfix su-u-trim\">1991 &#8211; <a href=\"http:\/\/bezjacka.art.pl\/strona\/bez-jacka-koledy-tradycyjne\/\">Kol\u0119dy<\/a> <\/div><\/div>\n<\/div>\n<div class=\"su-row\">\n<div class=\"su-column su-column-size-1-5\"><div class=\"su-column-inner su-u-clearfix su-u-trim\"><img data-attachment-id=\"1603\" data-permalink=\"http:\/\/bezjacka.art.pl\/strona\/bezjacka01\/\" data-orig-file=\"http:\/\/bezjacka.art.pl\/strona\/wp-content\/uploads\/2012\/11\/bezjacka01.jpg\" data-orig-size=\"228,200\" data-comments-opened=\"1\" data-image-meta=\"{&quot;aperture&quot;:&quot;0&quot;,&quot;credit&quot;:&quot;&quot;,&quot;camera&quot;:&quot;&quot;,&quot;caption&quot;:&quot;&quot;,&quot;created_timestamp&quot;:&quot;0&quot;,&quot;copyright&quot;:&quot;&quot;,&quot;focal_length&quot;:&quot;0&quot;,&quot;iso&quot;:&quot;0&quot;,&quot;shutter_speed&quot;:&quot;0&quot;,&quot;title&quot;:&quot;&quot;}\" data-image-title=\"Czas zmartwychwstania\" data-image-description=\"\" data-image-caption=\"\" data-medium-file=\"http:\/\/bezjacka.art.pl\/strona\/wp-content\/uploads\/2012\/11\/bezjacka01.jpg\" data-large-file=\"http:\/\/bezjacka.art.pl\/strona\/wp-content\/uploads\/2012\/11\/bezjacka01.jpg\" loading=\"lazy\" width=\"125\" height=\"125\" class=\"alignleft size-thumbnail wp-image-1603\" src=\"http:\/\/bezjacka.art.pl\/strona\/wp-content\/uploads\/2012\/11\/bezjacka01-125x125.jpg\" alt=\"Czas zmartwychwstania\" \/><br \/>\n<\/div><\/div>\n<div class=\"su-column su-column-size-4-5\"><div class=\"su-column-inner su-u-clearfix su-u-trim\">1986 &#8211;<a href=\"http:\/\/bezjacka.art.pl\/strona\/bez-jacka-czas-zmartwychwstania\/\"> Czas Zmartwychwstania<\/a><br \/>\n<\/div><\/div>\n<\/div>\n<div class=\"su-row\">\n<div class=\"su-column su-column-size-1-5\"><div class=\"su-column-inner su-u-clearfix su-u-trim\"><img data-attachment-id=\"1613\" data-permalink=\"http:\/\/bezjacka.art.pl\/strona\/kant\/\" data-orig-file=\"http:\/\/bezjacka.art.pl\/strona\/wp-content\/uploads\/2012\/11\/kant.jpg\" data-orig-size=\"202,202\" data-comments-opened=\"1\" data-image-meta=\"{&quot;aperture&quot;:&quot;0&quot;,&quot;credit&quot;:&quot;&quot;,&quot;camera&quot;:&quot;&quot;,&quot;caption&quot;:&quot;&quot;,&quot;created_timestamp&quot;:&quot;0&quot;,&quot;copyright&quot;:&quot;&quot;,&quot;focal_length&quot;:&quot;0&quot;,&quot;iso&quot;:&quot;0&quot;,&quot;shutter_speed&quot;:&quot;0&quot;,&quot;title&quot;:&quot;&quot;}\" data-image-title=\"Kant\" data-image-description=\"\" data-image-caption=\"\" data-medium-file=\"http:\/\/bezjacka.art.pl\/strona\/wp-content\/uploads\/2012\/11\/kant.jpg\" data-large-file=\"http:\/\/bezjacka.art.pl\/strona\/wp-content\/uploads\/2012\/11\/kant.jpg\" loading=\"lazy\" width=\"125\" height=\"125\" class=\"alignleft size-thumbnail wp-image-1613\" src=\"http:\/\/bezjacka.art.pl\/strona\/wp-content\/uploads\/2012\/11\/kant-125x125.jpg\" alt=\"Kant\" srcset=\"http:\/\/bezjacka.art.pl\/strona\/wp-content\/uploads\/2012\/11\/kant-125x125.jpg 125w, http:\/\/bezjacka.art.pl\/strona\/wp-content\/uploads\/2012\/11\/kant.jpg 202w\" sizes=\"(max-width: 125px) 100vw, 125px\" \/> <\/div><\/div>\n<div class=\"su-column su-column-size-4-5\"><div class=\"su-column-inner su-u-clearfix su-u-trim\">1976 &#8211; <a href=\"http:\/\/bezjacka.art.pl\/strona\/kant-2\/\">KANT<\/a><br \/>\n<\/div><\/div>\n<\/div>\n","protected":false},"excerpt":{"rendered":"<div class=\"entry-summary\">\nZe wszystkich naszych wydawnictw tylko ostatnie p\u0142yty wydane przez wytw\u00f3rni\u0119 &#8220;Dalmafon&#8221; oraz&hellip;\n<\/div>\n<div class=\"link-more\"><a href=\"http:\/\/bezjacka.art.pl\/strona\/nasze-plyty\/\" class=\"more-link\">Czytaj dalej<span class=\"screen-reader-text\"> &ldquo;Wydawnictwa&rdquo;<\/span>&hellip;<\/a><\/div>\n","protected":false},"author":1,"featured_media":4183,"parent":0,"menu_order":0,"comment_status":"open","ping_status":"open","template":"","meta":{"spay_email":""},"jetpack_shortlink":"https:\/\/wp.me\/P4OIY8-q3","jetpack-related-posts":[{"id":4053,"url":"http:\/\/bezjacka.art.pl\/strona\/","url_meta":{"origin":1615,"position":0},"title":"Nowa p\u0142yta &#8211; &#8220;Wierz\u0105c w sny&#8221;","date":"9 kwietnia 2017","format":false,"excerpt":"Kochani, wreszcie po latach mo\u017cemy przedstawi\u0107 Wam nasz\u0105 now\u0105 p\u0142yt\u0119. Nosi ona tytu\u0142 \"Wierz\u0105c w sny\". Dobre sny i dobre marzenia, pragnienia spe\u0142niaj\u0105 si\u0119. Sam tego do\u015bwiadczy\u0142em, a ch\u0119\u0107 podzielenia si\u0119 tym z Wami spe\u0142nia si\u0119 wraz z wydaniem tej p\u0142yty. P\u0142yta nasza nagrana jest klasycznie, bez specjalnych efekt\u00f3w dodanych\u2026","rel":"","context":"Similar post","img":{"alt_text":"","src":"https:\/\/i0.wp.com\/bezjacka.art.pl\/strona\/wp-content\/uploads\/2017\/04\/zbig_plyta.png?resize=350%2C200","width":350,"height":200},"classes":[]},{"id":961,"url":"http:\/\/bezjacka.art.pl\/strona\/zatancz-ze-mna-na-polanie\/","url_meta":{"origin":1615,"position":1},"title":"BEZ JACKA &#8211; &#8220;Zata\u0144cz ze mn\u0105 na polanie&#8221;","date":"28 lipca 2013","format":false,"excerpt":"wydawca: DALMAFON premiera: grudzie\u0144 2000 Pierwsza oficjalna p\u0142yta grupy. Jest to koncert jaki odby\u0142 si\u0119 w \u0142\u00f3dzkiej piwnicy artystycznej \"Przechowalnia\". Znakomicie zmiksowany wysokiej jako\u015bci materia\u0142 ukazuje wsp\u00f3\u0142czesne brzmienie zespo\u0142u, kt\u00f3rego korzenie si\u0119gaj\u0105 lat siedemdziesi\u0105tych. W tym czasie przez zesp\u00f3\u0142 przewin\u0119\u0142o si\u0119 wielu znanych i wy\u015bmienitych muzyk\u00f3w wp\u0142ywaj\u0105cych na brzmienie \"Bez\u2026","rel":"","context":"With 1 comment","img":{"alt_text":"","src":"","width":0,"height":0},"classes":[]},{"id":4109,"url":"http:\/\/bezjacka.art.pl\/strona\/bez-jacka-wierzac-w-sny\/","url_meta":{"origin":1615,"position":2},"title":"Wierz\u0105c w sny","date":"9 kwietnia 2017","format":false,"excerpt":"wydawca: Grupa Bez Jacka \u00a0\u00a0 premiera: 10 kwietnia 2017 Kochani, wreszcie po latach mo\u017cemy przedstawi\u0107 Wam nasz\u0105 now\u0105 p\u0142yt\u0119. Nosi ona nazw\u0119 \"Wierz\u0105c w sny\". Dobre sny i dobre marzenia, pragnienia spe\u0142niaj\u0105 si\u0119. Sam tego do\u015bwiadczy\u0142em, a ch\u0119\u0107 podzielenia si\u0119 tym z Wami spe\u0142nia si\u0119 wraz z wydaniem tej p\u0142yty.\u2026","rel":"","context":"With 4 comments","img":{"alt_text":"","src":"https:\/\/i0.wp.com\/bezjacka.art.pl\/strona\/wp-content\/uploads\/2017\/03\/BJ_nowa.jpg?resize=350%2C200","width":350,"height":200},"classes":[]},{"id":1680,"url":"http:\/\/bezjacka.art.pl\/strona\/bez-jacka-do-mroku-naglisz-mnie\/","url_meta":{"origin":1615,"position":3},"title":"&#8220;Do mroku naglisz mnie&#8221;","date":"4 sierpnia 2013","format":false,"excerpt":"wydawca: DALMAFON premiera: czerwiec 2003 Materia\u0142 zawarty na kr\u0105\u017cku stanowi uzupe\u0142nienie pierwszej, wydanej trzy lata wcze\u015bniej p\u0142yty \"Zata\u0144cz ze mn\u0105 na polanie\". Materia\u0142 zarejestrowano 11 pa\u017cdziernika 2002 roku w \u0141odzi w \"Pa\u0142acyku na Siedleckiej\".","rel":"","context":"Similar post","img":{"alt_text":"","src":"","width":0,"height":0},"classes":[]},{"id":1663,"url":"http:\/\/bezjacka.art.pl\/strona\/ot-tak-po-prostu-tom-2\/","url_meta":{"origin":1615,"position":4},"title":"&#8220;Ot tak, po prostu&#8230;&#8221; tom. 2","date":"4 sierpnia 2013","format":false,"excerpt":"wydawca: DALMAFON premiera: 17 Wrze\u015bnia 2010 Ten projekt powsta\u0142 przypadkowo 4 lata temu na Bazunie podczas jubileuszowego koncertu S\u0142odkiego Ca\u0142usa od Buby. Zesp\u00f3\u0142 S\u0142odki Ca\u0142us zagra\u0142 piosenk\u0119 z repertuaru Bez Jacka, a za\u015bpiewa\u0142 j\u0105 Zbyszek Stefa\u0144ski, lider Bez Jacka. Spodoba\u0142o si\u0119 wszystkim i by\u0142o wiadomo, \u017ce na tym si\u0119 nie\u2026","rel":"","context":"Similar post","img":{"alt_text":"","src":"","width":0,"height":0},"classes":[]},{"id":1670,"url":"http:\/\/bezjacka.art.pl\/strona\/bez-jacka-z-chorem-i-orkiestra\/","url_meta":{"origin":1615,"position":5},"title":"Bez Jacka z ch\u00f3rem i orkiestr\u0105","date":"4 sierpnia 2013","format":false,"excerpt":"Bez Jacka z ch\u00f3rem Voce Angeli i Krakowsk\u0105 Orkiestra Kameraln\u0105. wydawca: DALMAFON premiera: 14 Sierpnia 2009 O ile nie wydarzy si\u0119 jaki\u015b kataklizm, na \"Bieszczadzkich Anio\u0142ach\" uka\u017ce si\u0119 nasza najnowsza p\u0142yta. Na p\u0142ycie przedstawiamy nagrania dokonane w czasie koncertu w Nowej Hucie. Podczas tego koncertu zagrali\u015bmy wsp\u00f3lnie z ch\u00f3rem Voce\u2026","rel":"","context":"Similar post","img":{"alt_text":"","src":"","width":0,"height":0},"classes":[]}],"jetpack_sharing_enabled":true,"_links":{"self":[{"href":"http:\/\/bezjacka.art.pl\/strona\/wp-json\/wp\/v2\/pages\/1615"}],"collection":[{"href":"http:\/\/bezjacka.art.pl\/strona\/wp-json\/wp\/v2\/pages"}],"about":[{"href":"http:\/\/bezjacka.art.pl\/strona\/wp-json\/wp\/v2\/types\/page"}],"author":[{"embeddable":true,"href":"http:\/\/bezjacka.art.pl\/strona\/wp-json\/wp\/v2\/users\/1"}],"replies":[{"embeddable":true,"href":"http:\/\/bezjacka.art.pl\/strona\/wp-json\/wp\/v2\/comments?post=1615"}],"version-history":[{"count":30,"href":"http:\/\/bezjacka.art.pl\/strona\/wp-json\/wp\/v2\/pages\/1615\/revisions"}],"predecessor-version":[{"id":4406,"href":"http:\/\/bezjacka.art.pl\/strona\/wp-json\/wp\/v2\/pages\/1615\/revisions\/4406"}],"wp:featuredmedia":[{"embeddable":true,"href":"http:\/\/bezjacka.art.pl\/strona\/wp-json\/wp\/v2\/media\/4183"}],"wp:attachment":[{"href":"http:\/\/bezjacka.art.pl\/strona\/wp-json\/wp\/v2\/media?parent=1615"}],"curies":[{"name":"wp","href":"https:\/\/api.w.org\/{rel}","templated":true}]}}