{"id":1663,"date":"2013-08-04T23:02:49","date_gmt":"2013-08-04T21:02:49","guid":{"rendered":"http:\/\/bezjacka.art.pl\/strona\/?page_id=1663"},"modified":"2017-04-09T19:57:20","modified_gmt":"2017-04-09T17:57:20","slug":"ot-tak-po-prostu-tom-2","status":"publish","type":"page","link":"http:\/\/bezjacka.art.pl\/strona\/ot-tak-po-prostu-tom-2\/","title":{"rendered":"&#8220;Ot tak, po prostu&#8230;&#8221; tom. 2"},"content":{"rendered":"<h4>wydawca: DALMAFON    premiera: 17 Wrze\u015bnia 2010<\/h4>\n<p>Ten projekt powsta\u0142 przypadkowo 4 lata temu na Bazunie podczas jubileuszowego koncertu S\u0142odkiego Ca\u0142usa od Buby. Zesp\u00f3\u0142 S\u0142odki Ca\u0142us zagra\u0142 piosenk\u0119 z repertuaru Bez Jacka, a za\u015bpiewa\u0142 j\u0105 Zbyszek Stefa\u0144ski, lider Bez Jacka. Spodoba\u0142o si\u0119 wszystkim i by\u0142o wiadomo, \u017ce na tym si\u0119 nie sko\u0144czy. Zespo\u0142y wesz\u0142y do studia nagraniowego i tak im si\u0119 dobrze gra\u0142o, \u017ce uzbiera\u0142o si\u0119 piosenek na ca\u0142\u0105 p\u0142yt\u0119 i jeszcze p\u00f3\u0142. I ca\u0142y czas nie mieli do\u015b\u0107. <\/p>\n<p>W ten spos\u00f3b w roku 2008 ukaza\u0142a si\u0119 p\u0142yta z dopiskiem tom 1. Tom 2 mia\u0142 si\u0119 ukaza\u0107 w bli\u017cej nieokre\u015blonej przysz\u0142o\u015bci. Od tamtego momentu wielokrotnie grywali razem na koncertach i nagrywali w studiu. I oto jest: &#8220;Ot tak po prostu, tom 2&#8221;. 17 wrze\u015bnia 2010 roku w \u0142\u00f3dzkim Teatrze Ma\u0142ym mia\u0142 miejsce koncert premierowy tej p\u0142yty. <\/p>\n<hr>\n<div class=\"su-row\">\n  <div class=\"su-column su-column-size-1-2\"><div class=\"su-column-inner su-u-clearfix su-u-trim\">\n<ol>\n<li>Motyw obsesyjny,<\/li>\n<li>Teraz ju\u017c wiem,<\/li>\n<li>Dziwna jesie\u0144,<\/li>\n<li>Blues (Ub\u00f3stwo),<\/li>\n<li>Asfaltowe \u0142\u0105ki,<\/li>\n<li>Piosenka o tobie,<\/li>\n<li>Otw\u00f3rz mi drzwi,<\/li>\n<li>Czekam nowego dnia,<\/li>\n<li>Mimochodem,<\/li>\n<li>Gdziekolwiek,<\/li>\n<\/ol>\n<p><strong>cena:<\/strong> 34,00 z\u0142<br \/>\n <\/div><\/div>\n  <div class=\"su-column su-column-size-1-2\"><div class=\"su-column-inner su-u-clearfix su-u-trim\">\n<img data-attachment-id=\"1612\" data-permalink=\"http:\/\/bezjacka.art.pl\/strona\/image-description\/\" data-orig-file=\"http:\/\/bezjacka.art.pl\/strona\/wp-content\/uploads\/2012\/11\/bezjacka6.jpg\" data-orig-size=\"232,208\" data-comments-opened=\"1\" data-image-meta=\"{&quot;aperture&quot;:&quot;0&quot;,&quot;credit&quot;:&quot;&quot;,&quot;camera&quot;:&quot;&quot;,&quot;caption&quot;:&quot;&quot;,&quot;created_timestamp&quot;:&quot;0&quot;,&quot;copyright&quot;:&quot;&quot;,&quot;focal_length&quot;:&quot;0&quot;,&quot;iso&quot;:&quot;0&quot;,&quot;shutter_speed&quot;:&quot;0&quot;,&quot;title&quot;:&quot;image description&quot;}\" data-image-title=\"Ot tak po prostu tom. 2\" data-image-description=\"\" data-image-caption=\"\" data-medium-file=\"http:\/\/bezjacka.art.pl\/strona\/wp-content\/uploads\/2012\/11\/bezjacka6.jpg\" data-large-file=\"http:\/\/bezjacka.art.pl\/strona\/wp-content\/uploads\/2012\/11\/bezjacka6.jpg\" loading=\"lazy\" width=\"232\" height=\"208\" src=\"http:\/\/bezjacka.art.pl\/strona\/wp-content\/uploads\/2012\/11\/bezjacka6.jpg\" alt=\"Ot tak po prostu tom. 2\" class=\"aligncenter size-full wp-image-1612\" srcset=\"http:\/\/bezjacka.art.pl\/strona\/wp-content\/uploads\/2012\/11\/bezjacka6.jpg 232w, http:\/\/bezjacka.art.pl\/strona\/wp-content\/uploads\/2012\/11\/bezjacka6-125x112.jpg 125w, http:\/\/bezjacka.art.pl\/strona\/wp-content\/uploads\/2012\/11\/bezjacka6-220x197.jpg 220w\" sizes=\"(max-width: 232px) 100vw, 232px\" \/><\/p>\n<p style=\"text-align: center;\">\n<a href=\"http:\/\/bezjacka.art.pl\/strona\/kup-plyte\/\" class=\"su-button su-button-style-stroked\" style=\"color:#FFFFFF;background-color:#457077;border-color:#385a60;border-radius:0px;-moz-border-radius:0px;-webkit-border-radius:0px\" target=\"_self\"><span style=\"color:#FFFFFF;padding:6px 18px;font-size:14px;line-height:21px;border-color:#7d9ba0;border-radius:0px;-moz-border-radius:0px;-webkit-border-radius:0px;text-shadow:none;-moz-text-shadow:none;-webkit-text-shadow:none\"><i class=\"sui sui-shopping-cart\" style=\"font-size:14px;color:#FFFFFF\"><\/i> KUP P\u0141YT\u0118<\/span><\/a>\n<\/p>\n<\/div><\/div>\n<\/div>\n","protected":false},"excerpt":{"rendered":"<div class=\"entry-summary\">\nwydawca: DALMAFON premiera: 17 Wrze\u015bnia 2010 Ten projekt powsta\u0142 przypadkowo 4 lata&hellip;\n<\/div>\n<div class=\"link-more\"><a href=\"http:\/\/bezjacka.art.pl\/strona\/ot-tak-po-prostu-tom-2\/\" class=\"more-link\">Czytaj dalej<span class=\"screen-reader-text\"> &ldquo;&#8220;Ot tak, po prostu&#8230;&#8221; tom. 2&rdquo;<\/span>&hellip;<\/a><\/div>\n","protected":false},"author":1,"featured_media":0,"parent":0,"menu_order":0,"comment_status":"open","ping_status":"open","template":"","meta":{"spay_email":""},"jetpack_shortlink":"https:\/\/wp.me\/P4OIY8-qP","jetpack-related-posts":[{"id":1675,"url":"http:\/\/bezjacka.art.pl\/strona\/ot-tak-po-prostu-tom-1\/","url_meta":{"origin":1663,"position":0},"title":"Ot tak, po prostu&#8230; tom. 1","date":"4 sierpnia 2013","format":false,"excerpt":"wydawca: DALMAFON premiera: 28 Czerwca 2008 Dok\u0142adnie po dw\u00f3ch latach, kiedy to do\u015b\u0107 nieoczekiwanie na tej samej Bazunie w Elblagu, na swoim jubileuszowym koncercie zesp\u00f3\u0142S\u0142odki Ca\u0142us od Bubyspontanicznie zaprosi\u0142 do za\u015bpiewania kilku piosenek naszego lidera Zbyszka Stefa\u0144skiego - wychodzi wsp\u00f3lna p\u0142yta. W\u0142a\u015bciwie wychodzi pierwsza z dw\u00f3ch p\u0142yt, kt\u00f3re razem planujemy\u2026","rel":"","context":"Similar post","img":{"alt_text":"","src":"","width":0,"height":0},"classes":[]},{"id":1615,"url":"http:\/\/bezjacka.art.pl\/strona\/nasze-plyty\/","url_meta":{"origin":1663,"position":1},"title":"Wydawnictwa","date":"4 sierpnia 2013","format":false,"excerpt":"Ze wszystkich naszych wydawnictw tylko ostatnie p\u0142yty wydane przez wytw\u00f3rni\u0119 \"Dalmafon\" oraz przez nas samych s\u0105 legalne. Pozosta\u0142e p\u0142yty w zwi\u0105zku z wyga\u015bni\u0119ciem praw do ich rozpowszechniania, utraci\u0142y licencje i je\u017celi gdziekolwiek znajdziecie je Pa\u0144stwo w sprzeda\u017cy, to s\u0105 to wydania nielegalne czyli pirackie. Je\u017celi cho\u0107 troch\u0119 lubicie Pa\u0144stwo nas\u2026","rel":"","context":"Similar post","img":{"alt_text":"","src":"https:\/\/i1.wp.com\/bezjacka.art.pl\/strona\/wp-content\/uploads\/2017\/04\/bj_tlo_09.jpg?resize=350%2C200","width":350,"height":200},"classes":[]},{"id":1670,"url":"http:\/\/bezjacka.art.pl\/strona\/bez-jacka-z-chorem-i-orkiestra\/","url_meta":{"origin":1663,"position":2},"title":"Bez Jacka z ch\u00f3rem i orkiestr\u0105","date":"4 sierpnia 2013","format":false,"excerpt":"Bez Jacka z ch\u00f3rem Voce Angeli i Krakowsk\u0105 Orkiestra Kameraln\u0105. wydawca: DALMAFON premiera: 14 Sierpnia 2009 O ile nie wydarzy si\u0119 jaki\u015b kataklizm, na \"Bieszczadzkich Anio\u0142ach\" uka\u017ce si\u0119 nasza najnowsza p\u0142yta. Na p\u0142ycie przedstawiamy nagrania dokonane w czasie koncertu w Nowej Hucie. Podczas tego koncertu zagrali\u015bmy wsp\u00f3lnie z ch\u00f3rem Voce\u2026","rel":"","context":"Similar post","img":{"alt_text":"","src":"","width":0,"height":0},"classes":[]},{"id":4109,"url":"http:\/\/bezjacka.art.pl\/strona\/bez-jacka-wierzac-w-sny\/","url_meta":{"origin":1663,"position":3},"title":"Wierz\u0105c w sny","date":"9 kwietnia 2017","format":false,"excerpt":"wydawca: Grupa Bez Jacka \u00a0\u00a0 premiera: 10 kwietnia 2017 Kochani, wreszcie po latach mo\u017cemy przedstawi\u0107 Wam nasz\u0105 now\u0105 p\u0142yt\u0119. Nosi ona nazw\u0119 \"Wierz\u0105c w sny\". Dobre sny i dobre marzenia, pragnienia spe\u0142niaj\u0105 si\u0119. Sam tego do\u015bwiadczy\u0142em, a ch\u0119\u0107 podzielenia si\u0119 tym z Wami spe\u0142nia si\u0119 wraz z wydaniem tej p\u0142yty.\u2026","rel":"","context":"With 4 comments","img":{"alt_text":"","src":"https:\/\/i0.wp.com\/bezjacka.art.pl\/strona\/wp-content\/uploads\/2017\/03\/BJ_nowa.jpg?resize=350%2C200","width":350,"height":200},"classes":[]},{"id":4024,"url":"http:\/\/bezjacka.art.pl\/strona\/od-zespolu\/","url_meta":{"origin":1663,"position":4},"title":"Od zespo\u0142u","date":"9 kwietnia 2017","format":false,"excerpt":"Witamy Was na naszej w\u0142asnej stronie. Wcze\u015bniej tworzyli nasze strony r\u00f3\u017cni dobrzy ludzie, kt\u00f3rym chcieli\u015bmy bardzo podzi\u0119kowa\u0107. Z r\u00f3\u017cnych przyczyn strony te nie by\u0142y doka\u0144czane, brakowa\u0142o podstawowych informacji i tak naprawd\u0119 nie mieli\u015bmy wi\u0119kszego wp\u0142ywu na to, co si\u0119 tam dzieje. By\u0142y to strony \"o nas\" a nie nasze. My\u015bl\u0119,\u2026","rel":"","context":"Similar post","img":{"alt_text":"","src":"https:\/\/i0.wp.com\/bezjacka.art.pl\/strona\/wp-content\/uploads\/2012\/11\/baner_Lesmian.jpg?resize=350%2C200","width":350,"height":200},"classes":[]},{"id":1694,"url":"http:\/\/bezjacka.art.pl\/strona\/bez-jacka-czas-zmartwychwstania\/","url_meta":{"origin":1663,"position":5},"title":"BEZ JACKA &#8211; &#8220;Czas zmartwychwstania&#8221;","date":"5 sierpnia 2013","format":false,"excerpt":"wydawca: JACEK Music premiera: 1986 Pierwsza p\u0142yta \"Bez Jacka\". Nagra\u0144 dokonano w lutym 1986 roku w studiu Akademickiego Radia \"Pomorze\" w Szczecinie. Wygas\u0142y prawa do rozpowszechniania tej kasety - nie kupuj, kaseta nielegalna - PIRAT!!!","rel":"","context":"Similar post","img":{"alt_text":"","src":"","width":0,"height":0},"classes":[]}],"jetpack_sharing_enabled":true,"_links":{"self":[{"href":"http:\/\/bezjacka.art.pl\/strona\/wp-json\/wp\/v2\/pages\/1663"}],"collection":[{"href":"http:\/\/bezjacka.art.pl\/strona\/wp-json\/wp\/v2\/pages"}],"about":[{"href":"http:\/\/bezjacka.art.pl\/strona\/wp-json\/wp\/v2\/types\/page"}],"author":[{"embeddable":true,"href":"http:\/\/bezjacka.art.pl\/strona\/wp-json\/wp\/v2\/users\/1"}],"replies":[{"embeddable":true,"href":"http:\/\/bezjacka.art.pl\/strona\/wp-json\/wp\/v2\/comments?post=1663"}],"version-history":[{"count":8,"href":"http:\/\/bezjacka.art.pl\/strona\/wp-json\/wp\/v2\/pages\/1663\/revisions"}],"predecessor-version":[{"id":4125,"href":"http:\/\/bezjacka.art.pl\/strona\/wp-json\/wp\/v2\/pages\/1663\/revisions\/4125"}],"wp:attachment":[{"href":"http:\/\/bezjacka.art.pl\/strona\/wp-json\/wp\/v2\/media?parent=1663"}],"curies":[{"name":"wp","href":"https:\/\/api.w.org\/{rel}","templated":true}]}}