{"id":1675,"date":"2013-08-04T23:35:02","date_gmt":"2013-08-04T21:35:02","guid":{"rendered":"http:\/\/bezjacka.art.pl\/strona\/?page_id=1675"},"modified":"2017-04-09T20:01:21","modified_gmt":"2017-04-09T18:01:21","slug":"ot-tak-po-prostu-tom-1","status":"publish","type":"page","link":"http:\/\/bezjacka.art.pl\/strona\/ot-tak-po-prostu-tom-1\/","title":{"rendered":"Ot tak, po prostu&#8230; tom. 1"},"content":{"rendered":"<h4>wydawca: DALMAFON premiera: 28 Czerwca 2008<\/h4>\n<p>Dok\u0142adnie po dw\u00f3ch latach, kiedy to do\u015b\u0107 nieoczekiwanie na tej samej Bazunie w Elblagu, na swoim jubileuszowym koncercie zesp\u00f3\u0142S\u0142odki Ca\u0142us od Bubyspontanicznie zaprosi\u0142 do za\u015bpiewania kilku piosenek naszego lidera Zbyszka Stefa\u0144skiego &#8211; wychodzi wsp\u00f3lna p\u0142yta.<\/p>\n<p>W\u0142a\u015bciwie wychodzi pierwsza z dw\u00f3ch p\u0142yt, kt\u00f3re razem planujemy wyda\u0107. Ot\u00f3\u017c po kilkunastu wsp\u00f3lnych koncertach z projektem &#8220;Ot tak, po prostu&#8230;&#8221;, weszli\u015bmy do studia i nagrali\u015bmy materia\u0142. Okaza\u0142o si\u0119, \u017ce jest piosenek troch\u0119 za du\u017co, jak na jedn\u0105 p\u0142yt\u0119. A poniewa\u017c nie wiemy ile jeszcze ten wsp\u00f3lny projekt b\u0119dzie trwa\u0142, a piosenki s\u0105 dobre, szkoda by\u0142o z czego\u015b rezygnowa\u0107. Dlatego dogramy kilka piosenek i wydamy drug\u0105 p\u0142yt\u0119.<\/p>\n<p>Musz\u0119 powiedzie\u0107, \u017ce koncerty ze SCoB wnosz\u0105 przynajmniej w moje \u017cycie muzyczne du\u017co rado\u015bci i spontaniczno\u015bci. Granie w du\u017cym sk\u0142adzie, w nieco innym brzmieniu ni\u017cBez Jacka, uczy gry zespo\u0142owej, innego traktowania w\u0142asnego instrumentu, a przede wszystkim to sympatyczni ch\u0142opcy, z kt\u00f3rymi mi\u0142o poprzebywa\u0107. Jak si\u0119 bawimy na koncertach i co z tego wysz\u0142o, ju\u017c nied\u0142ugo b\u0119dziecie mogli pos\u0142ucha\u0107.<\/p>\n<p style=\"text-align: right;\">Jaros\u0142aw Horacy Chrz\u0105stek<\/p>\n<hr>\n<div class=\"su-row\">\n  <div class=\"su-column su-column-size-1-2\"><div class=\"su-column-inner su-u-clearfix su-u-trim\">\n<ol>\n<li>Co jest wielkie a co ma\u0142e,<\/li>\n<li>\u015ani si\u0119 lasom las,<\/li>\n<li>W s\u0142o\u0144cu, <\/li>\n<li>Jab\u0142ka, <\/li>\n<li>Jask\u00f3\u0142ka, <\/li>\n<li>Przyjdzie taki dzie\u0144, <\/li>\n<li>Siebie popro\u015b,<\/li>\n<li>Saskia, <\/li>\n<li>Skaza\u0144cy, <\/li>\n<li>Czasu nie mam za nic <\/li>\n<\/ol>\n<p><strong>cena:<\/strong> 34,00 z\u0142<br \/>\n <\/div><\/div>\n  <div class=\"su-column su-column-size-1-2\"><div class=\"su-column-inner su-u-clearfix su-u-trim\">\n<img data-attachment-id=\"1610\" data-permalink=\"http:\/\/bezjacka.art.pl\/strona\/bezjacka4\/\" data-orig-file=\"http:\/\/bezjacka.art.pl\/strona\/wp-content\/uploads\/2012\/11\/bezjacka4.jpg\" data-orig-size=\"231,200\" data-comments-opened=\"1\" data-image-meta=\"{&quot;aperture&quot;:&quot;9&quot;,&quot;credit&quot;:&quot;&quot;,&quot;camera&quot;:&quot;Canon EOS 20D&quot;,&quot;caption&quot;:&quot;&quot;,&quot;created_timestamp&quot;:&quot;1207382618&quot;,&quot;copyright&quot;:&quot;&quot;,&quot;focal_length&quot;:&quot;17&quot;,&quot;iso&quot;:&quot;1600&quot;,&quot;shutter_speed&quot;:&quot;0.005&quot;,&quot;title&quot;:&quot;&quot;}\" data-image-title=\"Ot tak po prostu tom. 1\" data-image-description=\"\" data-image-caption=\"\" data-medium-file=\"http:\/\/bezjacka.art.pl\/strona\/wp-content\/uploads\/2012\/11\/bezjacka4.jpg\" data-large-file=\"http:\/\/bezjacka.art.pl\/strona\/wp-content\/uploads\/2012\/11\/bezjacka4.jpg\" loading=\"lazy\" width=\"231\" height=\"200\" src=\"http:\/\/bezjacka.art.pl\/strona\/wp-content\/uploads\/2012\/11\/bezjacka4.jpg\" alt=\"Ot tak po prostu tom. 1\" class=\"aligncenter size-full wp-image-1610\" srcset=\"http:\/\/bezjacka.art.pl\/strona\/wp-content\/uploads\/2012\/11\/bezjacka4.jpg 231w, http:\/\/bezjacka.art.pl\/strona\/wp-content\/uploads\/2012\/11\/bezjacka4-125x108.jpg 125w, http:\/\/bezjacka.art.pl\/strona\/wp-content\/uploads\/2012\/11\/bezjacka4-220x190.jpg 220w\" sizes=\"(max-width: 231px) 100vw, 231px\" \/><\/p>\n<p style=\"text-align: center;\">\n<a href=\"http:\/\/bezjacka.art.pl\/strona\/kup-plyte\/\" class=\"su-button su-button-style-stroked\" style=\"color:#FFFFFF;background-color:#457077;border-color:#385a60;border-radius:0px;-moz-border-radius:0px;-webkit-border-radius:0px\" target=\"_self\"><span style=\"color:#FFFFFF;padding:6px 18px;font-size:14px;line-height:21px;border-color:#7d9ba0;border-radius:0px;-moz-border-radius:0px;-webkit-border-radius:0px;text-shadow:none;-moz-text-shadow:none;-webkit-text-shadow:none\"><i class=\"sui sui-shopping-cart\" style=\"font-size:14px;color:#FFFFFF\"><\/i> KUP P\u0141YT\u0118<\/span><\/a>\n<\/p>\n<\/div><\/div>\n<\/div>\n","protected":false},"excerpt":{"rendered":"<div class=\"entry-summary\">\nwydawca: DALMAFON premiera: 28 Czerwca 2008 Dok\u0142adnie po dw\u00f3ch latach, kiedy to&hellip;\n<\/div>\n<div class=\"link-more\"><a href=\"http:\/\/bezjacka.art.pl\/strona\/ot-tak-po-prostu-tom-1\/\" class=\"more-link\">Czytaj dalej<span class=\"screen-reader-text\"> &ldquo;Ot tak, po prostu&#8230; tom. 1&rdquo;<\/span>&hellip;<\/a><\/div>\n","protected":false},"author":1,"featured_media":0,"parent":0,"menu_order":0,"comment_status":"open","ping_status":"open","template":"","meta":{"spay_email":""},"jetpack_shortlink":"https:\/\/wp.me\/P4OIY8-r1","jetpack-related-posts":[{"id":1663,"url":"http:\/\/bezjacka.art.pl\/strona\/ot-tak-po-prostu-tom-2\/","url_meta":{"origin":1675,"position":0},"title":"&#8220;Ot tak, po prostu&#8230;&#8221; tom. 2","date":"4 sierpnia 2013","format":false,"excerpt":"wydawca: DALMAFON premiera: 17 Wrze\u015bnia 2010 Ten projekt powsta\u0142 przypadkowo 4 lata temu na Bazunie podczas jubileuszowego koncertu S\u0142odkiego Ca\u0142usa od Buby. Zesp\u00f3\u0142 S\u0142odki Ca\u0142us zagra\u0142 piosenk\u0119 z repertuaru Bez Jacka, a za\u015bpiewa\u0142 j\u0105 Zbyszek Stefa\u0144ski, lider Bez Jacka. Spodoba\u0142o si\u0119 wszystkim i by\u0142o wiadomo, \u017ce na tym si\u0119 nie\u2026","rel":"","context":"Similar post","img":{"alt_text":"","src":"","width":0,"height":0},"classes":[]},{"id":1615,"url":"http:\/\/bezjacka.art.pl\/strona\/nasze-plyty\/","url_meta":{"origin":1675,"position":1},"title":"Wydawnictwa","date":"4 sierpnia 2013","format":false,"excerpt":"Ze wszystkich naszych wydawnictw tylko ostatnie p\u0142yty wydane przez wytw\u00f3rni\u0119 \"Dalmafon\" oraz przez nas samych s\u0105 legalne. Pozosta\u0142e p\u0142yty w zwi\u0105zku z wyga\u015bni\u0119ciem praw do ich rozpowszechniania, utraci\u0142y licencje i je\u017celi gdziekolwiek znajdziecie je Pa\u0144stwo w sprzeda\u017cy, to s\u0105 to wydania nielegalne czyli pirackie. Je\u017celi cho\u0107 troch\u0119 lubicie Pa\u0144stwo nas\u2026","rel":"","context":"Similar post","img":{"alt_text":"","src":"https:\/\/i1.wp.com\/bezjacka.art.pl\/strona\/wp-content\/uploads\/2017\/04\/bj_tlo_09.jpg?resize=350%2C200","width":350,"height":200},"classes":[]},{"id":4053,"url":"http:\/\/bezjacka.art.pl\/strona\/","url_meta":{"origin":1675,"position":2},"title":"Nowa p\u0142yta &#8211; &#8220;Wierz\u0105c w sny&#8221;","date":"9 kwietnia 2017","format":false,"excerpt":"Kochani, wreszcie po latach mo\u017cemy przedstawi\u0107 Wam nasz\u0105 now\u0105 p\u0142yt\u0119. Nosi ona tytu\u0142 \"Wierz\u0105c w sny\". Dobre sny i dobre marzenia, pragnienia spe\u0142niaj\u0105 si\u0119. Sam tego do\u015bwiadczy\u0142em, a ch\u0119\u0107 podzielenia si\u0119 tym z Wami spe\u0142nia si\u0119 wraz z wydaniem tej p\u0142yty. P\u0142yta nasza nagrana jest klasycznie, bez specjalnych efekt\u00f3w dodanych\u2026","rel":"","context":"Similar post","img":{"alt_text":"","src":"https:\/\/i0.wp.com\/bezjacka.art.pl\/strona\/wp-content\/uploads\/2017\/04\/zbig_plyta.png?resize=350%2C200","width":350,"height":200},"classes":[]},{"id":4109,"url":"http:\/\/bezjacka.art.pl\/strona\/bez-jacka-wierzac-w-sny\/","url_meta":{"origin":1675,"position":3},"title":"Wierz\u0105c w sny","date":"9 kwietnia 2017","format":false,"excerpt":"wydawca: Grupa Bez Jacka \u00a0\u00a0 premiera: 10 kwietnia 2017 Kochani, wreszcie po latach mo\u017cemy przedstawi\u0107 Wam nasz\u0105 now\u0105 p\u0142yt\u0119. Nosi ona nazw\u0119 \"Wierz\u0105c w sny\". Dobre sny i dobre marzenia, pragnienia spe\u0142niaj\u0105 si\u0119. Sam tego do\u015bwiadczy\u0142em, a ch\u0119\u0107 podzielenia si\u0119 tym z Wami spe\u0142nia si\u0119 wraz z wydaniem tej p\u0142yty.\u2026","rel":"","context":"With 4 comments","img":{"alt_text":"","src":"https:\/\/i0.wp.com\/bezjacka.art.pl\/strona\/wp-content\/uploads\/2017\/03\/BJ_nowa.jpg?resize=350%2C200","width":350,"height":200},"classes":[]},{"id":799,"url":"http:\/\/bezjacka.art.pl\/strona\/teksty\/","url_meta":{"origin":1675,"position":4},"title":"Teksty","date":"1 listopada 2012","format":false,"excerpt":"Poczytaj, pos\u0142uchaj, zagraj... Znajdziesz tutaj teksty naszych piosenek - jeszcze nie wszystkich, ale za to obok tych najstarszych znajdziesz te\u017c najnowsze (nierzadko premierowe). Wi\u0119kszo\u015bci tekst\u00f3w towarzyszy plik mp3 zawieraj\u0105cy fragment utworu. Pochodz\u0105 one przewa\u017cnie z p\u0142yt \"Zata\u0144cz ze mn\u0105 na polanie\", \"Do mroku naglisz mnie\" i \"Jasiu\". Z czasem ten\u2026","rel":"","context":"Similar post","img":{"alt_text":"","src":"https:\/\/i0.wp.com\/bezjacka.art.pl\/strona\/wp-content\/uploads\/2017\/04\/bj_tlo_11.jpg?resize=350%2C200","width":350,"height":200},"classes":[]},{"id":1670,"url":"http:\/\/bezjacka.art.pl\/strona\/bez-jacka-z-chorem-i-orkiestra\/","url_meta":{"origin":1675,"position":5},"title":"Bez Jacka z ch\u00f3rem i orkiestr\u0105","date":"4 sierpnia 2013","format":false,"excerpt":"Bez Jacka z ch\u00f3rem Voce Angeli i Krakowsk\u0105 Orkiestra Kameraln\u0105. wydawca: DALMAFON premiera: 14 Sierpnia 2009 O ile nie wydarzy si\u0119 jaki\u015b kataklizm, na \"Bieszczadzkich Anio\u0142ach\" uka\u017ce si\u0119 nasza najnowsza p\u0142yta. Na p\u0142ycie przedstawiamy nagrania dokonane w czasie koncertu w Nowej Hucie. Podczas tego koncertu zagrali\u015bmy wsp\u00f3lnie z ch\u00f3rem Voce\u2026","rel":"","context":"Similar post","img":{"alt_text":"","src":"","width":0,"height":0},"classes":[]}],"jetpack_sharing_enabled":true,"_links":{"self":[{"href":"http:\/\/bezjacka.art.pl\/strona\/wp-json\/wp\/v2\/pages\/1675"}],"collection":[{"href":"http:\/\/bezjacka.art.pl\/strona\/wp-json\/wp\/v2\/pages"}],"about":[{"href":"http:\/\/bezjacka.art.pl\/strona\/wp-json\/wp\/v2\/types\/page"}],"author":[{"embeddable":true,"href":"http:\/\/bezjacka.art.pl\/strona\/wp-json\/wp\/v2\/users\/1"}],"replies":[{"embeddable":true,"href":"http:\/\/bezjacka.art.pl\/strona\/wp-json\/wp\/v2\/comments?post=1675"}],"version-history":[{"count":3,"href":"http:\/\/bezjacka.art.pl\/strona\/wp-json\/wp\/v2\/pages\/1675\/revisions"}],"predecessor-version":[{"id":4127,"href":"http:\/\/bezjacka.art.pl\/strona\/wp-json\/wp\/v2\/pages\/1675\/revisions\/4127"}],"wp:attachment":[{"href":"http:\/\/bezjacka.art.pl\/strona\/wp-json\/wp\/v2\/media?parent=1675"}],"curies":[{"name":"wp","href":"https:\/\/api.w.org\/{rel}","templated":true}]}}