{"id":1680,"date":"2013-08-04T23:49:58","date_gmt":"2013-08-04T21:49:58","guid":{"rendered":"http:\/\/bezjacka.art.pl\/strona\/?page_id=1680"},"modified":"2017-04-09T20:05:35","modified_gmt":"2017-04-09T18:05:35","slug":"bez-jacka-do-mroku-naglisz-mnie","status":"publish","type":"page","link":"http:\/\/bezjacka.art.pl\/strona\/bez-jacka-do-mroku-naglisz-mnie\/","title":{"rendered":"&#8220;Do mroku naglisz mnie&#8221;"},"content":{"rendered":"<h4>wydawca: DALMAFON    premiera: czerwiec 2003<\/h4>\n<p>Materia\u0142 zawarty na kr\u0105\u017cku stanowi uzupe\u0142nienie pierwszej, wydanej trzy lata wcze\u015bniej p\u0142yty <a href=\"http:\/\/bezjacka.art.pl\/strona\/zatancz-ze-mna-na-polanie\/\">&#8220;Zata\u0144cz ze mn\u0105 na polanie&#8221;<\/a>. Materia\u0142 zarejestrowano 11 pa\u017cdziernika 2002 roku w \u0141odzi w &#8220;Pa\u0142acyku na Siedleckiej&#8221;.<\/p>\n<hr>\n<div class=\"su-row\">\n  <div class=\"su-column su-column-size-1-2\"><div class=\"su-column-inner su-u-clearfix su-u-trim\">\n<ol>\n<li>Po go\u015bci\u0144cu &#8211; 2.57<\/li>\n<li>Na przydro\u017cnym kamieniu &#8211; 3.16<\/li>\n<li>W malinowym chru\u015bniaku &#8211; 4.30<\/li>\n<li>Erotyk &#8211; 4.25<\/li>\n<li>Tej kt\u00f3ra do mnie &#8211; 3.08<\/li>\n<li>Wiedza &#8211; 2.02<\/li>\n<li>Cz\u0142owieczek &#8211; 2.45<\/li>\n<li>Zielona nadzieja &#8211; 2.34<\/li>\n<li>Poci\u0105g &#8211; 2.53<\/li>\n<li>\u015anisz mi si\u0119 obco &#8211; 3.28<\/li>\n<li>Pastora\u0142ka &#8211; 4.10<\/li>\n<li>Brz\u00f3zka &#8211; 3.41<\/li>\n<li>Co jest wielkie &#8211; 2.40<\/li>\n<li>Ba\u0142wanek &#8211; 2.57<\/li>\n<li>W s\u0142o\u0144cu &#8211; 2.41<\/li>\n<li>Mimochodem &#8211; 3.23<\/li>\n<li>Cichutko pomale\u0144ku &#8211; 3.59<\/li>\n<li>Atlantyda &#8211; 3.35<\/li>\n<\/ol>\n<p><strong>cena:<\/strong> 34,00 z\u0142<br \/>\n <\/div><\/div>\n  <div class=\"su-column su-column-size-1-2\"><div class=\"su-column-inner su-u-clearfix su-u-trim\">\n<img data-attachment-id=\"1606\" data-permalink=\"http:\/\/bezjacka.art.pl\/strona\/bezjacka2\/\" data-orig-file=\"http:\/\/bezjacka.art.pl\/strona\/wp-content\/uploads\/2012\/11\/bezjacka2.jpg\" data-orig-size=\"228,200\" data-comments-opened=\"1\" data-image-meta=\"{&quot;aperture&quot;:&quot;0&quot;,&quot;credit&quot;:&quot;&quot;,&quot;camera&quot;:&quot;&quot;,&quot;caption&quot;:&quot;&quot;,&quot;created_timestamp&quot;:&quot;0&quot;,&quot;copyright&quot;:&quot;&quot;,&quot;focal_length&quot;:&quot;0&quot;,&quot;iso&quot;:&quot;0&quot;,&quot;shutter_speed&quot;:&quot;0&quot;,&quot;title&quot;:&quot;&quot;}\" data-image-title=\"Do mroku naglisz mnie\" data-image-description=\"\" data-image-caption=\"\" data-medium-file=\"http:\/\/bezjacka.art.pl\/strona\/wp-content\/uploads\/2012\/11\/bezjacka2.jpg\" data-large-file=\"http:\/\/bezjacka.art.pl\/strona\/wp-content\/uploads\/2012\/11\/bezjacka2.jpg\" loading=\"lazy\" width=\"228\" height=\"200\" src=\"http:\/\/bezjacka.art.pl\/strona\/wp-content\/uploads\/2012\/11\/bezjacka2.jpg\" alt=\"Do mroku naglisz mnie\" class=\"aligncenter size-full wp-image-1606\" srcset=\"http:\/\/bezjacka.art.pl\/strona\/wp-content\/uploads\/2012\/11\/bezjacka2.jpg 228w, http:\/\/bezjacka.art.pl\/strona\/wp-content\/uploads\/2012\/11\/bezjacka2-125x109.jpg 125w, http:\/\/bezjacka.art.pl\/strona\/wp-content\/uploads\/2012\/11\/bezjacka2-220x192.jpg 220w\" sizes=\"(max-width: 228px) 100vw, 228px\" \/><\/p>\n<p style=\"text-align: center;\">\n<a href=\"http:\/\/bezjacka.art.pl\/strona\/kup-plyte\/\" class=\"su-button su-button-style-stroked\" style=\"color:#FFFFFF;background-color:#457077;border-color:#385a60;border-radius:0px;-moz-border-radius:0px;-webkit-border-radius:0px\" target=\"_self\"><span style=\"color:#FFFFFF;padding:6px 18px;font-size:14px;line-height:21px;border-color:#7d9ba0;border-radius:0px;-moz-border-radius:0px;-webkit-border-radius:0px;text-shadow:none;-moz-text-shadow:none;-webkit-text-shadow:none\"><i class=\"sui sui-shopping-cart\" style=\"font-size:14px;color:#FFFFFF\"><\/i> KUP P\u0141YT\u0118<\/span><\/a>\n<\/p>\n<\/div><\/div>\n<\/div>\n","protected":false},"excerpt":{"rendered":"<div class=\"entry-summary\">\nwydawca: DALMAFON premiera: czerwiec 2003 Materia\u0142 zawarty na kr\u0105\u017cku stanowi uzupe\u0142nienie pierwszej,&hellip;\n<\/div>\n<div class=\"link-more\"><a href=\"http:\/\/bezjacka.art.pl\/strona\/bez-jacka-do-mroku-naglisz-mnie\/\" class=\"more-link\">Czytaj dalej<span class=\"screen-reader-text\"> &ldquo;&#8220;Do mroku naglisz mnie&#8221;&rdquo;<\/span>&hellip;<\/a><\/div>\n","protected":false},"author":1,"featured_media":0,"parent":0,"menu_order":0,"comment_status":"open","ping_status":"open","template":"","meta":{"spay_email":""},"jetpack_shortlink":"https:\/\/wp.me\/P4OIY8-r6","jetpack-related-posts":[{"id":1677,"url":"http:\/\/bezjacka.art.pl\/strona\/bez-jacka-jasiu\/","url_meta":{"origin":1680,"position":0},"title":"BEZ JACKA &#8211; &#8220;Jasiu&#8221;","date":"4 sierpnia 2013","format":false,"excerpt":"wydawca: DALMAFON premiera: 13 Marca 2004 Ostatni zarejestrowany koncert z udzia\u0142em Jana Stefa\u0144skiego zmar\u0142ego przedwcze\u015bnie 14 lutego 1996 roku. Jasiu, by\u0142 dusz\u0105 towarzystwa, koncerty z jego udzia\u0142em mia\u0142y sw\u00f3j niepowtarzalny klimat, poprzez subtelne sol\u00f3wki gitarowe oraz dowcipy opowiadane mi\u0119dzy piosenkami. Ostatni koncert z Jasiem Stefa\u0144skim odby\u0142 si\u0119 25 stycznia 1996\u2026","rel":"","context":"Similar post","img":{"alt_text":"","src":"","width":0,"height":0},"classes":[]},{"id":1615,"url":"http:\/\/bezjacka.art.pl\/strona\/nasze-plyty\/","url_meta":{"origin":1680,"position":1},"title":"Wydawnictwa","date":"4 sierpnia 2013","format":false,"excerpt":"Ze wszystkich naszych wydawnictw tylko ostatnie p\u0142yty wydane przez wytw\u00f3rni\u0119 \"Dalmafon\" oraz przez nas samych s\u0105 legalne. Pozosta\u0142e p\u0142yty w zwi\u0105zku z wyga\u015bni\u0119ciem praw do ich rozpowszechniania, utraci\u0142y licencje i je\u017celi gdziekolwiek znajdziecie je Pa\u0144stwo w sprzeda\u017cy, to s\u0105 to wydania nielegalne czyli pirackie. Je\u017celi cho\u0107 troch\u0119 lubicie Pa\u0144stwo nas\u2026","rel":"","context":"Similar post","img":{"alt_text":"","src":"https:\/\/i1.wp.com\/bezjacka.art.pl\/strona\/wp-content\/uploads\/2017\/04\/bj_tlo_09.jpg?resize=350%2C200","width":350,"height":200},"classes":[]},{"id":4053,"url":"http:\/\/bezjacka.art.pl\/strona\/","url_meta":{"origin":1680,"position":2},"title":"Nowa p\u0142yta &#8211; &#8220;Wierz\u0105c w sny&#8221;","date":"9 kwietnia 2017","format":false,"excerpt":"Kochani, wreszcie po latach mo\u017cemy przedstawi\u0107 Wam nasz\u0105 now\u0105 p\u0142yt\u0119. Nosi ona tytu\u0142 \"Wierz\u0105c w sny\". Dobre sny i dobre marzenia, pragnienia spe\u0142niaj\u0105 si\u0119. Sam tego do\u015bwiadczy\u0142em, a ch\u0119\u0107 podzielenia si\u0119 tym z Wami spe\u0142nia si\u0119 wraz z wydaniem tej p\u0142yty. P\u0142yta nasza nagrana jest klasycznie, bez specjalnych efekt\u00f3w dodanych\u2026","rel":"","context":"Similar post","img":{"alt_text":"","src":"https:\/\/i0.wp.com\/bezjacka.art.pl\/strona\/wp-content\/uploads\/2017\/04\/zbig_plyta.png?resize=350%2C200","width":350,"height":200},"classes":[]},{"id":1692,"url":"http:\/\/bezjacka.art.pl\/strona\/bez-jacka-koledy-tradycyjne\/","url_meta":{"origin":1680,"position":3},"title":"BEZ JACKA &#8211; &#8220;Kol\u0119dy tradycyjne&#8221;","date":"5 sierpnia 2013","format":false,"excerpt":"Nagra\u0144 dokonano w Studenckim Studiu Radiowym EGIDA w Katowicach w 1991 roku. Wygas\u0142y prawa do rozpowszechniania tej kasety - nie kupuj, kaseta nielegalna - PIRAT!!!","rel":"","context":"Similar post","img":{"alt_text":"","src":"","width":0,"height":0},"classes":[]},{"id":1682,"url":"http:\/\/bezjacka.art.pl\/strona\/bez-jacka-zamazany-caly-swiat\/","url_meta":{"origin":1680,"position":4},"title":"BEZ JACKA &#8211; &#8220;Zamazany ca\u0142y \u015bwiat&#8221;","date":"4 sierpnia 2013","format":false,"excerpt":"wydawca: POMATON premiera: 1994 Wydawnictwo to ukaza\u0142o si\u0119 w ramach serii \"Przeboje Tramp\u00f3w\". Wygas\u0142y prawa do rozpowszechniania tej kasety - nie kupuj, kaseta nielegalna - PIRAT!!!","rel":"","context":"Similar post","img":{"alt_text":"","src":"","width":0,"height":0},"classes":[]},{"id":1694,"url":"http:\/\/bezjacka.art.pl\/strona\/bez-jacka-czas-zmartwychwstania\/","url_meta":{"origin":1680,"position":5},"title":"BEZ JACKA &#8211; &#8220;Czas zmartwychwstania&#8221;","date":"5 sierpnia 2013","format":false,"excerpt":"wydawca: JACEK Music premiera: 1986 Pierwsza p\u0142yta \"Bez Jacka\". Nagra\u0144 dokonano w lutym 1986 roku w studiu Akademickiego Radia \"Pomorze\" w Szczecinie. Wygas\u0142y prawa do rozpowszechniania tej kasety - nie kupuj, kaseta nielegalna - PIRAT!!!","rel":"","context":"Similar post","img":{"alt_text":"","src":"","width":0,"height":0},"classes":[]}],"jetpack_sharing_enabled":true,"_links":{"self":[{"href":"http:\/\/bezjacka.art.pl\/strona\/wp-json\/wp\/v2\/pages\/1680"}],"collection":[{"href":"http:\/\/bezjacka.art.pl\/strona\/wp-json\/wp\/v2\/pages"}],"about":[{"href":"http:\/\/bezjacka.art.pl\/strona\/wp-json\/wp\/v2\/types\/page"}],"author":[{"embeddable":true,"href":"http:\/\/bezjacka.art.pl\/strona\/wp-json\/wp\/v2\/users\/1"}],"replies":[{"embeddable":true,"href":"http:\/\/bezjacka.art.pl\/strona\/wp-json\/wp\/v2\/comments?post=1680"}],"version-history":[{"count":2,"href":"http:\/\/bezjacka.art.pl\/strona\/wp-json\/wp\/v2\/pages\/1680\/revisions"}],"predecessor-version":[{"id":4130,"href":"http:\/\/bezjacka.art.pl\/strona\/wp-json\/wp\/v2\/pages\/1680\/revisions\/4130"}],"wp:attachment":[{"href":"http:\/\/bezjacka.art.pl\/strona\/wp-json\/wp\/v2\/media?parent=1680"}],"curies":[{"name":"wp","href":"https:\/\/api.w.org\/{rel}","templated":true}]}}