{"id":1682,"date":"2013-08-04T23:54:13","date_gmt":"2013-08-04T21:54:13","guid":{"rendered":"http:\/\/bezjacka.art.pl\/strona\/?page_id=1682"},"modified":"2017-04-09T20:47:12","modified_gmt":"2017-04-09T18:47:12","slug":"bez-jacka-zamazany-caly-swiat","status":"publish","type":"page","link":"http:\/\/bezjacka.art.pl\/strona\/bez-jacka-zamazany-caly-swiat\/","title":{"rendered":"BEZ JACKA &#8211; &#8220;Zamazany ca\u0142y \u015bwiat&#8221;"},"content":{"rendered":"<h4>wydawca: POMATON premiera: 1994<\/h4>\n<p>Wydawnictwo to ukaza\u0142o si\u0119 w ramach serii &#8220;Przeboje Tramp\u00f3w&#8221;.<\/p>\n<hr>\n<div class=\"su-row\">\n  <div class=\"su-column su-column-size-1-2\"><div class=\"su-column-inner su-u-clearfix su-u-trim\">\n<ol>\n<li>W czas zmartwychwstania<\/li>\n<li>Polanka<\/li>\n<li>W malinowym chru\u015bniaku<\/li>\n<li>Idiota (Po go\u015bci\u0144cu)<\/li>\n<li>Zwiewno\u015b\u0107<\/li>\n<li>Zamazany ca\u0142y \u015bwiat<\/li>\n<li>Jej twarz (Madonna)<\/li>\n<li>Wiewi\u00f3rka<\/li>\n<li>Na przydro\u017cnym kamieniu<\/li>\n<li>Wiedza<\/li>\n<li>Biedny kto\u015b smutny nikt<\/li>\n<li>\u015ani si\u0119 lasom las<\/li>\n<\/ol>\n<p> <\/div><\/div>\n  <div class=\"su-column su-column-size-1-2\"><div class=\"su-column-inner su-u-clearfix su-u-trim\">\n<img data-attachment-id=\"1605\" data-permalink=\"http:\/\/bezjacka.art.pl\/strona\/bezjacka02\/\" data-orig-file=\"http:\/\/bezjacka.art.pl\/strona\/wp-content\/uploads\/2012\/11\/bezjacka02.png\" data-orig-size=\"232,200\" data-comments-opened=\"1\" data-image-meta=\"{&quot;aperture&quot;:&quot;0&quot;,&quot;credit&quot;:&quot;&quot;,&quot;camera&quot;:&quot;&quot;,&quot;caption&quot;:&quot;&quot;,&quot;created_timestamp&quot;:&quot;0&quot;,&quot;copyright&quot;:&quot;&quot;,&quot;focal_length&quot;:&quot;0&quot;,&quot;iso&quot;:&quot;0&quot;,&quot;shutter_speed&quot;:&quot;0&quot;,&quot;title&quot;:&quot;&quot;}\" data-image-title=\"Zamazany ca\u0142y \u015bwiat\" data-image-description=\"\" data-image-caption=\"\" data-medium-file=\"http:\/\/bezjacka.art.pl\/strona\/wp-content\/uploads\/2012\/11\/bezjacka02.png\" data-large-file=\"http:\/\/bezjacka.art.pl\/strona\/wp-content\/uploads\/2012\/11\/bezjacka02.png\" loading=\"lazy\" width=\"232\" height=\"200\" src=\"http:\/\/bezjacka.art.pl\/strona\/wp-content\/uploads\/2012\/11\/bezjacka02.png\" alt=\"Zamazany ca\u0142y \u015bwiat\" class=\"aligncenter size-full wp-image-1605\" srcset=\"http:\/\/bezjacka.art.pl\/strona\/wp-content\/uploads\/2012\/11\/bezjacka02.png 232w, http:\/\/bezjacka.art.pl\/strona\/wp-content\/uploads\/2012\/11\/bezjacka02-125x107.png 125w, http:\/\/bezjacka.art.pl\/strona\/wp-content\/uploads\/2012\/11\/bezjacka02-220x189.png 220w\" sizes=\"(max-width: 232px) 100vw, 232px\" \/><br \/>\n<\/div><\/div>\n<\/div>\n<p class=\"uwagastrong\">Wygas\u0142y prawa do rozpowszechniania tej kasety &#8211; nie kupuj, kaseta nielegalna &#8211; PIRAT!!!<\/p>\n","protected":false},"excerpt":{"rendered":"<div class=\"entry-summary\">\nwydawca: POMATON premiera: 1994 Wydawnictwo to ukaza\u0142o si\u0119 w ramach serii &#8220;Przeboje&hellip;\n<\/div>\n<div class=\"link-more\"><a href=\"http:\/\/bezjacka.art.pl\/strona\/bez-jacka-zamazany-caly-swiat\/\" class=\"more-link\">Czytaj dalej<span class=\"screen-reader-text\"> &ldquo;BEZ JACKA &#8211; &#8220;Zamazany ca\u0142y \u015bwiat&#8221;&rdquo;<\/span>&hellip;<\/a><\/div>\n","protected":false},"author":1,"featured_media":0,"parent":0,"menu_order":0,"comment_status":"open","ping_status":"open","template":"","meta":{"spay_email":""},"jetpack_shortlink":"https:\/\/wp.me\/P4OIY8-r8","jetpack-related-posts":[{"id":1615,"url":"http:\/\/bezjacka.art.pl\/strona\/nasze-plyty\/","url_meta":{"origin":1682,"position":0},"title":"Wydawnictwa","date":"4 sierpnia 2013","format":false,"excerpt":"Ze wszystkich naszych wydawnictw tylko ostatnie p\u0142yty wydane przez wytw\u00f3rni\u0119 \"Dalmafon\" oraz przez nas samych s\u0105 legalne. Pozosta\u0142e p\u0142yty w zwi\u0105zku z wyga\u015bni\u0119ciem praw do ich rozpowszechniania, utraci\u0142y licencje i je\u017celi gdziekolwiek znajdziecie je Pa\u0144stwo w sprzeda\u017cy, to s\u0105 to wydania nielegalne czyli pirackie. Je\u017celi cho\u0107 troch\u0119 lubicie Pa\u0144stwo nas\u2026","rel":"","context":"Similar post","img":{"alt_text":"","src":"https:\/\/i1.wp.com\/bezjacka.art.pl\/strona\/wp-content\/uploads\/2017\/04\/bj_tlo_09.jpg?resize=350%2C200","width":350,"height":200},"classes":[]},{"id":961,"url":"http:\/\/bezjacka.art.pl\/strona\/zatancz-ze-mna-na-polanie\/","url_meta":{"origin":1682,"position":1},"title":"BEZ JACKA &#8211; &#8220;Zata\u0144cz ze mn\u0105 na polanie&#8221;","date":"28 lipca 2013","format":false,"excerpt":"wydawca: DALMAFON premiera: grudzie\u0144 2000 Pierwsza oficjalna p\u0142yta grupy. Jest to koncert jaki odby\u0142 si\u0119 w \u0142\u00f3dzkiej piwnicy artystycznej \"Przechowalnia\". Znakomicie zmiksowany wysokiej jako\u015bci materia\u0142 ukazuje wsp\u00f3\u0142czesne brzmienie zespo\u0142u, kt\u00f3rego korzenie si\u0119gaj\u0105 lat siedemdziesi\u0105tych. W tym czasie przez zesp\u00f3\u0142 przewin\u0119\u0142o si\u0119 wielu znanych i wy\u015bmienitych muzyk\u00f3w wp\u0142ywaj\u0105cych na brzmienie \"Bez\u2026","rel":"","context":"With 1 comment","img":{"alt_text":"","src":"","width":0,"height":0},"classes":[]},{"id":1684,"url":"http:\/\/bezjacka.art.pl\/strona\/bez-jacka-tartak-93-koncert-nocny\/","url_meta":{"origin":1682,"position":2},"title":"BEZ JACKA &#8211; &#8220;TARTAK &#8217;93. Koncert nocny&#8221;","date":"4 sierpnia 2013","format":false,"excerpt":"wydawca: SDM Nagra\u0144 dokonano w podczas XIII Og\u00f3lnopolskiego Festiwalu Piosenki Studenckiej Wygas\u0142y prawa do rozpowszechniania tej kasety - nie kupuj, kaseta nielegalna - PIRAT!!!","rel":"","context":"Similar post","img":{"alt_text":"","src":"","width":0,"height":0},"classes":[]},{"id":1663,"url":"http:\/\/bezjacka.art.pl\/strona\/ot-tak-po-prostu-tom-2\/","url_meta":{"origin":1682,"position":3},"title":"&#8220;Ot tak, po prostu&#8230;&#8221; tom. 2","date":"4 sierpnia 2013","format":false,"excerpt":"wydawca: DALMAFON premiera: 17 Wrze\u015bnia 2010 Ten projekt powsta\u0142 przypadkowo 4 lata temu na Bazunie podczas jubileuszowego koncertu S\u0142odkiego Ca\u0142usa od Buby. Zesp\u00f3\u0142 S\u0142odki Ca\u0142us zagra\u0142 piosenk\u0119 z repertuaru Bez Jacka, a za\u015bpiewa\u0142 j\u0105 Zbyszek Stefa\u0144ski, lider Bez Jacka. Spodoba\u0142o si\u0119 wszystkim i by\u0142o wiadomo, \u017ce na tym si\u0119 nie\u2026","rel":"","context":"Similar post","img":{"alt_text":"","src":"","width":0,"height":0},"classes":[]},{"id":4053,"url":"http:\/\/bezjacka.art.pl\/strona\/","url_meta":{"origin":1682,"position":4},"title":"Nowa p\u0142yta &#8211; &#8220;Wierz\u0105c w sny&#8221;","date":"9 kwietnia 2017","format":false,"excerpt":"Kochani, wreszcie po latach mo\u017cemy przedstawi\u0107 Wam nasz\u0105 now\u0105 p\u0142yt\u0119. Nosi ona tytu\u0142 \"Wierz\u0105c w sny\". Dobre sny i dobre marzenia, pragnienia spe\u0142niaj\u0105 si\u0119. Sam tego do\u015bwiadczy\u0142em, a ch\u0119\u0107 podzielenia si\u0119 tym z Wami spe\u0142nia si\u0119 wraz z wydaniem tej p\u0142yty. P\u0142yta nasza nagrana jest klasycznie, bez specjalnych efekt\u00f3w dodanych\u2026","rel":"","context":"Similar post","img":{"alt_text":"","src":"https:\/\/i0.wp.com\/bezjacka.art.pl\/strona\/wp-content\/uploads\/2017\/04\/zbig_plyta.png?resize=350%2C200","width":350,"height":200},"classes":[]},{"id":1692,"url":"http:\/\/bezjacka.art.pl\/strona\/bez-jacka-koledy-tradycyjne\/","url_meta":{"origin":1682,"position":5},"title":"BEZ JACKA &#8211; &#8220;Kol\u0119dy tradycyjne&#8221;","date":"5 sierpnia 2013","format":false,"excerpt":"Nagra\u0144 dokonano w Studenckim Studiu Radiowym EGIDA w Katowicach w 1991 roku. Wygas\u0142y prawa do rozpowszechniania tej kasety - nie kupuj, kaseta nielegalna - PIRAT!!!","rel":"","context":"Similar post","img":{"alt_text":"","src":"","width":0,"height":0},"classes":[]}],"jetpack_sharing_enabled":true,"_links":{"self":[{"href":"http:\/\/bezjacka.art.pl\/strona\/wp-json\/wp\/v2\/pages\/1682"}],"collection":[{"href":"http:\/\/bezjacka.art.pl\/strona\/wp-json\/wp\/v2\/pages"}],"about":[{"href":"http:\/\/bezjacka.art.pl\/strona\/wp-json\/wp\/v2\/types\/page"}],"author":[{"embeddable":true,"href":"http:\/\/bezjacka.art.pl\/strona\/wp-json\/wp\/v2\/users\/1"}],"replies":[{"embeddable":true,"href":"http:\/\/bezjacka.art.pl\/strona\/wp-json\/wp\/v2\/comments?post=1682"}],"version-history":[{"count":4,"href":"http:\/\/bezjacka.art.pl\/strona\/wp-json\/wp\/v2\/pages\/1682\/revisions"}],"predecessor-version":[{"id":4142,"href":"http:\/\/bezjacka.art.pl\/strona\/wp-json\/wp\/v2\/pages\/1682\/revisions\/4142"}],"wp:attachment":[{"href":"http:\/\/bezjacka.art.pl\/strona\/wp-json\/wp\/v2\/media?parent=1682"}],"curies":[{"name":"wp","href":"https:\/\/api.w.org\/{rel}","templated":true}]}}