{"id":1684,"date":"2013-08-04T23:59:29","date_gmt":"2013-08-04T21:59:29","guid":{"rendered":"http:\/\/bezjacka.art.pl\/strona\/?page_id=1684"},"modified":"2017-04-09T20:38:54","modified_gmt":"2017-04-09T18:38:54","slug":"bez-jacka-tartak-93-koncert-nocny","status":"publish","type":"page","link":"http:\/\/bezjacka.art.pl\/strona\/bez-jacka-tartak-93-koncert-nocny\/","title":{"rendered":"BEZ JACKA &#8211; &#8220;TARTAK &#8217;93. Koncert nocny&#8221;"},"content":{"rendered":"<h4>wydawca: SDM<\/h4>\n<p>Nagra\u0144 dokonano w podczas XIII Og\u00f3lnopolskiego Festiwalu Piosenki Studenckiej<\/p>\n<hr>\n<div class=\"su-row\">\n  <div class=\"su-column su-column-size-1-2\"><div class=\"su-column-inner su-u-clearfix su-u-trim\">\n<ol>\n<li>Czas zmartwychwstania<\/li>\n<li>Ciamajda<\/li>\n<li>Saskia<\/li>\n<li>Zamazany \u015bwiat<\/li>\n<li>Wiewi\u00f3rka<\/li>\n<li>Madonna<\/li>\n<li>Polanka<\/li>\n<li>Niebezpieczne chwile<\/li>\n<\/ol>\n<p> <\/div><\/div>\n  <div class=\"su-column su-column-size-1-2\"><div class=\"su-column-inner su-u-clearfix su-u-trim\">\n<img data-attachment-id=\"1609\" data-permalink=\"http:\/\/bezjacka.art.pl\/strona\/bezjacka04\/\" data-orig-file=\"http:\/\/bezjacka.art.pl\/strona\/wp-content\/uploads\/2012\/11\/bezjacka04.png\" data-orig-size=\"232,200\" data-comments-opened=\"1\" data-image-meta=\"{&quot;aperture&quot;:&quot;0&quot;,&quot;credit&quot;:&quot;&quot;,&quot;camera&quot;:&quot;&quot;,&quot;caption&quot;:&quot;&quot;,&quot;created_timestamp&quot;:&quot;0&quot;,&quot;copyright&quot;:&quot;&quot;,&quot;focal_length&quot;:&quot;0&quot;,&quot;iso&quot;:&quot;0&quot;,&quot;shutter_speed&quot;:&quot;0&quot;,&quot;title&quot;:&quot;&quot;}\" data-image-title=\"Tartak 93\" data-image-description=\"\" data-image-caption=\"\" data-medium-file=\"http:\/\/bezjacka.art.pl\/strona\/wp-content\/uploads\/2012\/11\/bezjacka04.png\" data-large-file=\"http:\/\/bezjacka.art.pl\/strona\/wp-content\/uploads\/2012\/11\/bezjacka04.png\" loading=\"lazy\" width=\"232\" height=\"200\" class=\"aligncenter size-full wp-image-1609\" alt=\"Tartak 93\" src=\"http:\/\/bezjacka.art.pl\/strona\/wp-content\/uploads\/2012\/11\/bezjacka04.png\" srcset=\"http:\/\/bezjacka.art.pl\/strona\/wp-content\/uploads\/2012\/11\/bezjacka04.png 232w, http:\/\/bezjacka.art.pl\/strona\/wp-content\/uploads\/2012\/11\/bezjacka04-125x107.png 125w, http:\/\/bezjacka.art.pl\/strona\/wp-content\/uploads\/2012\/11\/bezjacka04-220x189.png 220w\" sizes=\"(max-width: 232px) 100vw, 232px\" \/><\/div><\/div>\n<\/div>\n<p class=\"uwagastrong\">Wygas\u0142y prawa do rozpowszechniania tej kasety &#8211; nie kupuj, kaseta nielegalna &#8211; PIRAT!!!<\/p>\n","protected":false},"excerpt":{"rendered":"<div class=\"entry-summary\">\nwydawca: SDM Nagra\u0144 dokonano w podczas XIII Og\u00f3lnopolskiego Festiwalu Piosenki Studenckiej Wygas\u0142y&hellip;\n<\/div>\n<div class=\"link-more\"><a href=\"http:\/\/bezjacka.art.pl\/strona\/bez-jacka-tartak-93-koncert-nocny\/\" class=\"more-link\">Czytaj dalej<span class=\"screen-reader-text\"> &ldquo;BEZ JACKA &#8211; &#8220;TARTAK &#8217;93. Koncert nocny&#8221;&rdquo;<\/span>&hellip;<\/a><\/div>\n","protected":false},"author":1,"featured_media":0,"parent":0,"menu_order":0,"comment_status":"open","ping_status":"open","template":"","meta":{"spay_email":""},"jetpack_shortlink":"https:\/\/wp.me\/P4OIY8-ra","jetpack-related-posts":[{"id":1615,"url":"http:\/\/bezjacka.art.pl\/strona\/nasze-plyty\/","url_meta":{"origin":1684,"position":0},"title":"Wydawnictwa","date":"4 sierpnia 2013","format":false,"excerpt":"Ze wszystkich naszych wydawnictw tylko ostatnie p\u0142yty wydane przez wytw\u00f3rni\u0119 \"Dalmafon\" oraz przez nas samych s\u0105 legalne. Pozosta\u0142e p\u0142yty w zwi\u0105zku z wyga\u015bni\u0119ciem praw do ich rozpowszechniania, utraci\u0142y licencje i je\u017celi gdziekolwiek znajdziecie je Pa\u0144stwo w sprzeda\u017cy, to s\u0105 to wydania nielegalne czyli pirackie. Je\u017celi cho\u0107 troch\u0119 lubicie Pa\u0144stwo nas\u2026","rel":"","context":"Similar post","img":{"alt_text":"","src":"https:\/\/i1.wp.com\/bezjacka.art.pl\/strona\/wp-content\/uploads\/2017\/04\/bj_tlo_09.jpg?resize=350%2C200","width":350,"height":200},"classes":[]},{"id":4053,"url":"http:\/\/bezjacka.art.pl\/strona\/","url_meta":{"origin":1684,"position":1},"title":"Nowa p\u0142yta &#8211; &#8220;Wierz\u0105c w sny&#8221;","date":"9 kwietnia 2017","format":false,"excerpt":"Kochani, wreszcie po latach mo\u017cemy przedstawi\u0107 Wam nasz\u0105 now\u0105 p\u0142yt\u0119. Nosi ona tytu\u0142 \"Wierz\u0105c w sny\". Dobre sny i dobre marzenia, pragnienia spe\u0142niaj\u0105 si\u0119. Sam tego do\u015bwiadczy\u0142em, a ch\u0119\u0107 podzielenia si\u0119 tym z Wami spe\u0142nia si\u0119 wraz z wydaniem tej p\u0142yty. P\u0142yta nasza nagrana jest klasycznie, bez specjalnych efekt\u00f3w dodanych\u2026","rel":"","context":"Similar post","img":{"alt_text":"","src":"https:\/\/i0.wp.com\/bezjacka.art.pl\/strona\/wp-content\/uploads\/2017\/04\/zbig_plyta.png?resize=350%2C200","width":350,"height":200},"classes":[]},{"id":1682,"url":"http:\/\/bezjacka.art.pl\/strona\/bez-jacka-zamazany-caly-swiat\/","url_meta":{"origin":1684,"position":2},"title":"BEZ JACKA &#8211; &#8220;Zamazany ca\u0142y \u015bwiat&#8221;","date":"4 sierpnia 2013","format":false,"excerpt":"wydawca: POMATON premiera: 1994 Wydawnictwo to ukaza\u0142o si\u0119 w ramach serii \"Przeboje Tramp\u00f3w\". Wygas\u0142y prawa do rozpowszechniania tej kasety - nie kupuj, kaseta nielegalna - PIRAT!!!","rel":"","context":"Similar post","img":{"alt_text":"","src":"","width":0,"height":0},"classes":[]},{"id":1692,"url":"http:\/\/bezjacka.art.pl\/strona\/bez-jacka-koledy-tradycyjne\/","url_meta":{"origin":1684,"position":3},"title":"BEZ JACKA &#8211; &#8220;Kol\u0119dy tradycyjne&#8221;","date":"5 sierpnia 2013","format":false,"excerpt":"Nagra\u0144 dokonano w Studenckim Studiu Radiowym EGIDA w Katowicach w 1991 roku. Wygas\u0142y prawa do rozpowszechniania tej kasety - nie kupuj, kaseta nielegalna - PIRAT!!!","rel":"","context":"Similar post","img":{"alt_text":"","src":"","width":0,"height":0},"classes":[]},{"id":776,"url":"http:\/\/bezjacka.art.pl\/strona\/kontakt\/","url_meta":{"origin":1684,"position":4},"title":"Kontakt","date":"1 listopada 2012","format":false,"excerpt":"","rel":"","context":"Similar post","img":{"alt_text":"","src":"https:\/\/i1.wp.com\/bezjacka.art.pl\/strona\/wp-content\/uploads\/2017\/04\/bj_tlo.jpg?resize=350%2C200","width":350,"height":200},"classes":[]},{"id":1694,"url":"http:\/\/bezjacka.art.pl\/strona\/bez-jacka-czas-zmartwychwstania\/","url_meta":{"origin":1684,"position":5},"title":"BEZ JACKA &#8211; &#8220;Czas zmartwychwstania&#8221;","date":"5 sierpnia 2013","format":false,"excerpt":"wydawca: JACEK Music premiera: 1986 Pierwsza p\u0142yta \"Bez Jacka\". Nagra\u0144 dokonano w lutym 1986 roku w studiu Akademickiego Radia \"Pomorze\" w Szczecinie. Wygas\u0142y prawa do rozpowszechniania tej kasety - nie kupuj, kaseta nielegalna - PIRAT!!!","rel":"","context":"Similar post","img":{"alt_text":"","src":"","width":0,"height":0},"classes":[]}],"jetpack_sharing_enabled":true,"_links":{"self":[{"href":"http:\/\/bezjacka.art.pl\/strona\/wp-json\/wp\/v2\/pages\/1684"}],"collection":[{"href":"http:\/\/bezjacka.art.pl\/strona\/wp-json\/wp\/v2\/pages"}],"about":[{"href":"http:\/\/bezjacka.art.pl\/strona\/wp-json\/wp\/v2\/types\/page"}],"author":[{"embeddable":true,"href":"http:\/\/bezjacka.art.pl\/strona\/wp-json\/wp\/v2\/users\/1"}],"replies":[{"embeddable":true,"href":"http:\/\/bezjacka.art.pl\/strona\/wp-json\/wp\/v2\/comments?post=1684"}],"version-history":[{"count":10,"href":"http:\/\/bezjacka.art.pl\/strona\/wp-json\/wp\/v2\/pages\/1684\/revisions"}],"predecessor-version":[{"id":4141,"href":"http:\/\/bezjacka.art.pl\/strona\/wp-json\/wp\/v2\/pages\/1684\/revisions\/4141"}],"wp:attachment":[{"href":"http:\/\/bezjacka.art.pl\/strona\/wp-json\/wp\/v2\/media?parent=1684"}],"curies":[{"name":"wp","href":"https:\/\/api.w.org\/{rel}","templated":true}]}}