{"id":1692,"date":"2013-08-05T00:17:12","date_gmt":"2013-08-04T22:17:12","guid":{"rendered":"http:\/\/bezjacka.art.pl\/strona\/?page_id=1692"},"modified":"2017-04-09T20:49:01","modified_gmt":"2017-04-09T18:49:01","slug":"bez-jacka-koledy-tradycyjne","status":"publish","type":"page","link":"http:\/\/bezjacka.art.pl\/strona\/bez-jacka-koledy-tradycyjne\/","title":{"rendered":"BEZ JACKA &#8211; &#8220;Kol\u0119dy tradycyjne&#8221;"},"content":{"rendered":"<p>Nagra\u0144 dokonano w Studenckim Studiu Radiowym EGIDA w Katowicach w 1991 roku.<\/p>\n<hr>\n<div class=\"su-row\">\n  <div class=\"su-column su-column-size-1-2\"><div class=\"su-column-inner su-u-clearfix su-u-trim\">\n<ol>\n<li>Dzisiaj w Betlejem<\/li>\n<li>Lulaj\u017ce Jezuniu<\/li>\n<li>Przybie\u017celi do Betlejem<\/li>\n<li>Cicha noc<\/li>\n<li>P\u00f3jd\u017amy wszyscy do stajenki<\/li>\n<li>Jezu malusie\u0144ki<\/li>\n<li>Pastora\u0142ka<\/li>\n<li>M\u0119drcy \u015bwiata<\/li>\n<li>Gdy si\u0119 Chrystus rodzi<\/li>\n<li>W \u017c\u0142obie le\u017cy<\/li>\n<li>Oj malu\u015bki, malu\u015bki<\/li>\n<li>W\u015br\u00f3d nocnej ciszy<\/li>\n<\/ol>\n<p> <\/div><\/div>\n  <div class=\"su-column su-column-size-1-2\"><div class=\"su-column-inner su-u-clearfix su-u-trim\">\n<img data-attachment-id=\"1607\" data-permalink=\"http:\/\/bezjacka.art.pl\/strona\/bezjacka03\/\" data-orig-file=\"http:\/\/bezjacka.art.pl\/strona\/wp-content\/uploads\/2012\/11\/bezjacka03.jpg\" data-orig-size=\"202,202\" data-comments-opened=\"1\" data-image-meta=\"{&quot;aperture&quot;:&quot;0&quot;,&quot;credit&quot;:&quot;&quot;,&quot;camera&quot;:&quot;&quot;,&quot;caption&quot;:&quot;&quot;,&quot;created_timestamp&quot;:&quot;0&quot;,&quot;copyright&quot;:&quot;&quot;,&quot;focal_length&quot;:&quot;0&quot;,&quot;iso&quot;:&quot;0&quot;,&quot;shutter_speed&quot;:&quot;0&quot;,&quot;title&quot;:&quot;&quot;}\" data-image-title=\"Kol\u0119dy\" data-image-description=\"\" data-image-caption=\"\" data-medium-file=\"http:\/\/bezjacka.art.pl\/strona\/wp-content\/uploads\/2012\/11\/bezjacka03.jpg\" data-large-file=\"http:\/\/bezjacka.art.pl\/strona\/wp-content\/uploads\/2012\/11\/bezjacka03.jpg\" loading=\"lazy\" width=\"202\" height=\"202\" src=\"http:\/\/bezjacka.art.pl\/strona\/wp-content\/uploads\/2012\/11\/bezjacka03.jpg\" alt=\"Kol\u0119dy\" class=\"aligncenter size-full wp-image-1607\" srcset=\"http:\/\/bezjacka.art.pl\/strona\/wp-content\/uploads\/2012\/11\/bezjacka03.jpg 202w, http:\/\/bezjacka.art.pl\/strona\/wp-content\/uploads\/2012\/11\/bezjacka03-125x125.jpg 125w\" sizes=\"(max-width: 202px) 100vw, 202px\" \/><br \/>\n<\/div><\/div>\n<\/div>\n<p class=\"uwagastrong\">Wygas\u0142y prawa do rozpowszechniania tej kasety &#8211; nie kupuj, kaseta nielegalna &#8211; PIRAT!!!<\/p>\n","protected":false},"excerpt":{"rendered":"<div class=\"entry-summary\">\nNagra\u0144 dokonano w Studenckim Studiu Radiowym EGIDA w Katowicach w 1991 roku.&hellip;\n<\/div>\n<div class=\"link-more\"><a href=\"http:\/\/bezjacka.art.pl\/strona\/bez-jacka-koledy-tradycyjne\/\" class=\"more-link\">Czytaj dalej<span class=\"screen-reader-text\"> &ldquo;BEZ JACKA &#8211; &#8220;Kol\u0119dy tradycyjne&#8221;&rdquo;<\/span>&hellip;<\/a><\/div>\n","protected":false},"author":1,"featured_media":0,"parent":0,"menu_order":0,"comment_status":"open","ping_status":"open","template":"","meta":{"spay_email":""},"jetpack_shortlink":"https:\/\/wp.me\/P4OIY8-ri","jetpack-related-posts":[{"id":1615,"url":"http:\/\/bezjacka.art.pl\/strona\/nasze-plyty\/","url_meta":{"origin":1692,"position":0},"title":"Wydawnictwa","date":"4 sierpnia 2013","format":false,"excerpt":"Ze wszystkich naszych wydawnictw tylko ostatnie p\u0142yty wydane przez wytw\u00f3rni\u0119 \"Dalmafon\" oraz przez nas samych s\u0105 legalne. Pozosta\u0142e p\u0142yty w zwi\u0105zku z wyga\u015bni\u0119ciem praw do ich rozpowszechniania, utraci\u0142y licencje i je\u017celi gdziekolwiek znajdziecie je Pa\u0144stwo w sprzeda\u017cy, to s\u0105 to wydania nielegalne czyli pirackie. Je\u017celi cho\u0107 troch\u0119 lubicie Pa\u0144stwo nas\u2026","rel":"","context":"Similar post","img":{"alt_text":"","src":"https:\/\/i1.wp.com\/bezjacka.art.pl\/strona\/wp-content\/uploads\/2017\/04\/bj_tlo_09.jpg?resize=350%2C200","width":350,"height":200},"classes":[]},{"id":4053,"url":"http:\/\/bezjacka.art.pl\/strona\/","url_meta":{"origin":1692,"position":1},"title":"Nowa p\u0142yta &#8211; &#8220;Wierz\u0105c w sny&#8221;","date":"9 kwietnia 2017","format":false,"excerpt":"Kochani, wreszcie po latach mo\u017cemy przedstawi\u0107 Wam nasz\u0105 now\u0105 p\u0142yt\u0119. Nosi ona tytu\u0142 \"Wierz\u0105c w sny\". Dobre sny i dobre marzenia, pragnienia spe\u0142niaj\u0105 si\u0119. Sam tego do\u015bwiadczy\u0142em, a ch\u0119\u0107 podzielenia si\u0119 tym z Wami spe\u0142nia si\u0119 wraz z wydaniem tej p\u0142yty. P\u0142yta nasza nagrana jest klasycznie, bez specjalnych efekt\u00f3w dodanych\u2026","rel":"","context":"Similar post","img":{"alt_text":"","src":"https:\/\/i0.wp.com\/bezjacka.art.pl\/strona\/wp-content\/uploads\/2017\/04\/zbig_plyta.png?resize=350%2C200","width":350,"height":200},"classes":[]},{"id":1682,"url":"http:\/\/bezjacka.art.pl\/strona\/bez-jacka-zamazany-caly-swiat\/","url_meta":{"origin":1692,"position":2},"title":"BEZ JACKA &#8211; &#8220;Zamazany ca\u0142y \u015bwiat&#8221;","date":"4 sierpnia 2013","format":false,"excerpt":"wydawca: POMATON premiera: 1994 Wydawnictwo to ukaza\u0142o si\u0119 w ramach serii \"Przeboje Tramp\u00f3w\". Wygas\u0142y prawa do rozpowszechniania tej kasety - nie kupuj, kaseta nielegalna - PIRAT!!!","rel":"","context":"Similar post","img":{"alt_text":"","src":"","width":0,"height":0},"classes":[]},{"id":1694,"url":"http:\/\/bezjacka.art.pl\/strona\/bez-jacka-czas-zmartwychwstania\/","url_meta":{"origin":1692,"position":3},"title":"BEZ JACKA &#8211; &#8220;Czas zmartwychwstania&#8221;","date":"5 sierpnia 2013","format":false,"excerpt":"wydawca: JACEK Music premiera: 1986 Pierwsza p\u0142yta \"Bez Jacka\". Nagra\u0144 dokonano w lutym 1986 roku w studiu Akademickiego Radia \"Pomorze\" w Szczecinie. Wygas\u0142y prawa do rozpowszechniania tej kasety - nie kupuj, kaseta nielegalna - PIRAT!!!","rel":"","context":"Similar post","img":{"alt_text":"","src":"","width":0,"height":0},"classes":[]},{"id":1684,"url":"http:\/\/bezjacka.art.pl\/strona\/bez-jacka-tartak-93-koncert-nocny\/","url_meta":{"origin":1692,"position":4},"title":"BEZ JACKA &#8211; &#8220;TARTAK &#8217;93. Koncert nocny&#8221;","date":"4 sierpnia 2013","format":false,"excerpt":"wydawca: SDM Nagra\u0144 dokonano w podczas XIII Og\u00f3lnopolskiego Festiwalu Piosenki Studenckiej Wygas\u0142y prawa do rozpowszechniania tej kasety - nie kupuj, kaseta nielegalna - PIRAT!!!","rel":"","context":"Similar post","img":{"alt_text":"","src":"","width":0,"height":0},"classes":[]},{"id":1680,"url":"http:\/\/bezjacka.art.pl\/strona\/bez-jacka-do-mroku-naglisz-mnie\/","url_meta":{"origin":1692,"position":5},"title":"&#8220;Do mroku naglisz mnie&#8221;","date":"4 sierpnia 2013","format":false,"excerpt":"wydawca: DALMAFON premiera: czerwiec 2003 Materia\u0142 zawarty na kr\u0105\u017cku stanowi uzupe\u0142nienie pierwszej, wydanej trzy lata wcze\u015bniej p\u0142yty \"Zata\u0144cz ze mn\u0105 na polanie\". Materia\u0142 zarejestrowano 11 pa\u017cdziernika 2002 roku w \u0141odzi w \"Pa\u0142acyku na Siedleckiej\".","rel":"","context":"Similar post","img":{"alt_text":"","src":"","width":0,"height":0},"classes":[]}],"jetpack_sharing_enabled":true,"_links":{"self":[{"href":"http:\/\/bezjacka.art.pl\/strona\/wp-json\/wp\/v2\/pages\/1692"}],"collection":[{"href":"http:\/\/bezjacka.art.pl\/strona\/wp-json\/wp\/v2\/pages"}],"about":[{"href":"http:\/\/bezjacka.art.pl\/strona\/wp-json\/wp\/v2\/types\/page"}],"author":[{"embeddable":true,"href":"http:\/\/bezjacka.art.pl\/strona\/wp-json\/wp\/v2\/users\/1"}],"replies":[{"embeddable":true,"href":"http:\/\/bezjacka.art.pl\/strona\/wp-json\/wp\/v2\/comments?post=1692"}],"version-history":[{"count":2,"href":"http:\/\/bezjacka.art.pl\/strona\/wp-json\/wp\/v2\/pages\/1692\/revisions"}],"predecessor-version":[{"id":4143,"href":"http:\/\/bezjacka.art.pl\/strona\/wp-json\/wp\/v2\/pages\/1692\/revisions\/4143"}],"wp:attachment":[{"href":"http:\/\/bezjacka.art.pl\/strona\/wp-json\/wp\/v2\/media?parent=1692"}],"curies":[{"name":"wp","href":"https:\/\/api.w.org\/{rel}","templated":true}]}}