{"id":1696,"date":"2013-08-06T00:24:53","date_gmt":"2013-08-05T22:24:53","guid":{"rendered":"http:\/\/bezjacka.art.pl\/strona\/?page_id=1696"},"modified":"2017-09-14T22:40:38","modified_gmt":"2017-09-14T20:40:38","slug":"kant-2","status":"publish","type":"page","link":"http:\/\/bezjacka.art.pl\/strona\/kant-2\/","title":{"rendered":"KANT"},"content":{"rendered":"<p>W 1976 roku w nagrod\u0119 za zaj\u0119cie pierwszego miejsca w jakim\u015b konkursie, zaproszono zesp\u00f3\u0142 KANT do rozg\u0142o\u015bni Radia Kielce i tam nagrano kilka ich utwor\u00f3w. Po wielu latach, bodaj\u017ce oko\u0142o roku 2004 okaza\u0142o si\u0119, \u017ce kto\u015b wtedy zgra\u0142 to sobie na kaset\u0119 i w\u0142asnie to nagranie kasetowe sta\u0142o si\u0119 &#8220;ta\u015bm\u0105 matk\u0105&#8221;, z kt\u00f3rej powsta\u0142a ta unikatowa p\u0142yta. \u0141\u0105czny nak\u0142ad wyni\u00f3s\u0142 6+12 egz.<\/p>\n<p><a href=\"http:\/\/bezjacka.art.pl\/strona\/wp-content\/uploads\/2013\/08\/kant1.jpg\"><img data-attachment-id=\"1822\" data-permalink=\"http:\/\/bezjacka.art.pl\/strona\/kant-2\/kant1\/\" data-orig-file=\"http:\/\/bezjacka.art.pl\/strona\/wp-content\/uploads\/2013\/08\/kant1.jpg\" data-orig-size=\"500,491\" data-comments-opened=\"1\" data-image-meta=\"{&quot;aperture&quot;:&quot;0&quot;,&quot;credit&quot;:&quot;&quot;,&quot;camera&quot;:&quot;&quot;,&quot;caption&quot;:&quot;&quot;,&quot;created_timestamp&quot;:&quot;0&quot;,&quot;copyright&quot;:&quot;&quot;,&quot;focal_length&quot;:&quot;0&quot;,&quot;iso&quot;:&quot;0&quot;,&quot;shutter_speed&quot;:&quot;0&quot;,&quot;title&quot;:&quot;&quot;}\" data-image-title=\"P\u0142yta KANT (awers)\" data-image-description=\"\" data-image-caption=\"\" data-medium-file=\"http:\/\/bezjacka.art.pl\/strona\/wp-content\/uploads\/2013\/08\/kant1-250x245.jpg\" data-large-file=\"http:\/\/bezjacka.art.pl\/strona\/wp-content\/uploads\/2013\/08\/kant1.jpg\" loading=\"lazy\" width=\"500\" height=\"491\" class=\"aligncenter size-full wp-image-1822\" src=\"http:\/\/bezjacka.art.pl\/strona\/wp-content\/uploads\/2013\/08\/kant1.jpg\" alt=\"P\u0142yta KANT (awers)\" srcset=\"http:\/\/bezjacka.art.pl\/strona\/wp-content\/uploads\/2013\/08\/kant1.jpg 500w, http:\/\/bezjacka.art.pl\/strona\/wp-content\/uploads\/2013\/08\/kant1-250x245.jpg 250w, http:\/\/bezjacka.art.pl\/strona\/wp-content\/uploads\/2013\/08\/kant1-125x122.jpg 125w, http:\/\/bezjacka.art.pl\/strona\/wp-content\/uploads\/2013\/08\/kant1-220x216.jpg 220w\" sizes=\"(max-width: 500px) 100vw, 500px\" \/><\/a><\/p>\n<p>Niestety czas dla zapisu magnetycznego nie by\u0142 \u0142askawy, ale za to ca\u0142a paleta emocji pozosta\u0142a nietkni\u0119ta. Warto\u015bci\u0105 nie do przecenianie jest mo\u017cliwo\u015b\u0107 us\u0142yszenia jak brzmia\u0142y flety Jacka Stefa\u0144skiego.<\/p>\n<p>1. \u015ani si\u0119 lasom las<br \/>\n<div class=\"su-audio\" data-id=\"su_audio_player_69e4e4db015aa\" data-audio=\"http:\/\/bezjacka.art.pl\/strona\/mp3\/KANT_las.mp3\" data-swf=\"http:\/\/bezjacka.art.pl\/strona\/wp-content\/plugins\/shortcodes-ultimate\/vendor\/jplayer\/jplayer.swf\" data-autoplay=\"no\" data-loop=\"no\" style=\"max-width:400px\"><div id=\"su_audio_player_69e4e4db015aa\" class=\"jp-jplayer\"><\/div><div id=\"su_audio_player_69e4e4db015aa_container\" class=\"jp-audio\"><div class=\"jp-type-single\"><div class=\"jp-gui jp-interface\"><div class=\"jp-controls\"><span class=\"jp-play\"><\/span><span class=\"jp-pause\"><\/span><span class=\"jp-stop\"><\/span><span class=\"jp-mute\"><\/span><span class=\"jp-unmute\"><\/span><span class=\"jp-volume-max\"><\/span><\/div><div class=\"jp-progress\"><div class=\"jp-seek-bar\"><div class=\"jp-play-bar\"><\/div><\/div><\/div><div class=\"jp-volume-bar\"><div class=\"jp-volume-bar-value\"><\/div><\/div><div class=\"jp-current-time\"><\/div><div class=\"jp-duration\"><\/div><\/div><div class=\"jp-title\"><\/div><\/div><\/div><\/div>\n2. W malinowym chru\u015bniaku<\/p>\n<div class=\"su-audio\" data-id=\"su_audio_player_69e4e4db015db\" data-audio=\"http:\/\/bezjacka.art.pl\/strona\/mp3\/KANT_malinowy.mp3\" data-swf=\"http:\/\/bezjacka.art.pl\/strona\/wp-content\/plugins\/shortcodes-ultimate\/vendor\/jplayer\/jplayer.swf\" data-autoplay=\"no\" data-loop=\"no\" style=\"max-width:400px\"><div id=\"su_audio_player_69e4e4db015db\" class=\"jp-jplayer\"><\/div><div id=\"su_audio_player_69e4e4db015db_container\" class=\"jp-audio\"><div class=\"jp-type-single\"><div class=\"jp-gui jp-interface\"><div class=\"jp-controls\"><span class=\"jp-play\"><\/span><span class=\"jp-pause\"><\/span><span class=\"jp-stop\"><\/span><span class=\"jp-mute\"><\/span><span class=\"jp-unmute\"><\/span><span class=\"jp-volume-max\"><\/span><\/div><div class=\"jp-progress\"><div class=\"jp-seek-bar\"><div class=\"jp-play-bar\"><\/div><\/div><\/div><div class=\"jp-volume-bar\"><div class=\"jp-volume-bar-value\"><\/div><\/div><div class=\"jp-current-time\"><\/div><div class=\"jp-duration\"><\/div><\/div><div class=\"jp-title\"><\/div><\/div><\/div><\/div>\n3. Zielona nadzieja<\/p>\n<div class=\"su-audio\" data-id=\"su_audio_player_69e4e4db015fa\" data-audio=\"http:\/\/bezjacka.art.pl\/strona\/mp3\/KANT_zielona.mp3\" data-swf=\"http:\/\/bezjacka.art.pl\/strona\/wp-content\/plugins\/shortcodes-ultimate\/vendor\/jplayer\/jplayer.swf\" data-autoplay=\"no\" data-loop=\"no\" style=\"max-width:400px\"><div id=\"su_audio_player_69e4e4db015fa\" class=\"jp-jplayer\"><\/div><div id=\"su_audio_player_69e4e4db015fa_container\" class=\"jp-audio\"><div class=\"jp-type-single\"><div class=\"jp-gui jp-interface\"><div class=\"jp-controls\"><span class=\"jp-play\"><\/span><span class=\"jp-pause\"><\/span><span class=\"jp-stop\"><\/span><span class=\"jp-mute\"><\/span><span class=\"jp-unmute\"><\/span><span class=\"jp-volume-max\"><\/span><\/div><div class=\"jp-progress\"><div class=\"jp-seek-bar\"><div class=\"jp-play-bar\"><\/div><\/div><\/div><div class=\"jp-volume-bar\"><div class=\"jp-volume-bar-value\"><\/div><\/div><div class=\"jp-current-time\"><\/div><div class=\"jp-duration\"><\/div><\/div><div class=\"jp-title\"><\/div><\/div><\/div><\/div>\n4. Na przydro\u017cnym kamieniu<\/p>\n<div class=\"su-audio\" data-id=\"su_audio_player_69e4e4db01614\" data-audio=\"http:\/\/bezjacka.art.pl\/strona\/mp3\/KANT_kamien.mp3\" data-swf=\"http:\/\/bezjacka.art.pl\/strona\/wp-content\/plugins\/shortcodes-ultimate\/vendor\/jplayer\/jplayer.swf\" data-autoplay=\"no\" data-loop=\"no\" style=\"max-width:400px\"><div id=\"su_audio_player_69e4e4db01614\" class=\"jp-jplayer\"><\/div><div id=\"su_audio_player_69e4e4db01614_container\" class=\"jp-audio\"><div class=\"jp-type-single\"><div class=\"jp-gui jp-interface\"><div class=\"jp-controls\"><span class=\"jp-play\"><\/span><span class=\"jp-pause\"><\/span><span class=\"jp-stop\"><\/span><span class=\"jp-mute\"><\/span><span class=\"jp-unmute\"><\/span><span class=\"jp-volume-max\"><\/span><\/div><div class=\"jp-progress\"><div class=\"jp-seek-bar\"><div class=\"jp-play-bar\"><\/div><\/div><\/div><div class=\"jp-volume-bar\"><div class=\"jp-volume-bar-value\"><\/div><\/div><div class=\"jp-current-time\"><\/div><div class=\"jp-duration\"><\/div><\/div><div class=\"jp-title\"><\/div><\/div><\/div><\/div>\n5. Zwiewno\u015b\u0107<\/p>\n<div class=\"su-audio\" data-id=\"su_audio_player_69e4e4db01628\" data-audio=\"http:\/\/bezjacka.art.pl\/strona\/mp3\/KANT_zwiewnosc.mp3\" data-swf=\"http:\/\/bezjacka.art.pl\/strona\/wp-content\/plugins\/shortcodes-ultimate\/vendor\/jplayer\/jplayer.swf\" data-autoplay=\"no\" data-loop=\"no\" style=\"max-width:400px\"><div id=\"su_audio_player_69e4e4db01628\" class=\"jp-jplayer\"><\/div><div id=\"su_audio_player_69e4e4db01628_container\" class=\"jp-audio\"><div class=\"jp-type-single\"><div class=\"jp-gui jp-interface\"><div class=\"jp-controls\"><span class=\"jp-play\"><\/span><span class=\"jp-pause\"><\/span><span class=\"jp-stop\"><\/span><span class=\"jp-mute\"><\/span><span class=\"jp-unmute\"><\/span><span class=\"jp-volume-max\"><\/span><\/div><div class=\"jp-progress\"><div class=\"jp-seek-bar\"><div class=\"jp-play-bar\"><\/div><\/div><\/div><div class=\"jp-volume-bar\"><div class=\"jp-volume-bar-value\"><\/div><\/div><div class=\"jp-current-time\"><\/div><div class=\"jp-duration\"><\/div><\/div><div class=\"jp-title\"><\/div><\/div><\/div><\/div>\n<p>&nbsp;<\/p>\n<p><a href=\"http:\/\/bezjacka.art.pl\/strona\/wp-content\/uploads\/2013\/08\/kant2.jpg\"><img data-attachment-id=\"1823\" data-permalink=\"http:\/\/bezjacka.art.pl\/strona\/kant-2\/kant2\/\" data-orig-file=\"http:\/\/bezjacka.art.pl\/strona\/wp-content\/uploads\/2013\/08\/kant2.jpg\" data-orig-size=\"500,495\" data-comments-opened=\"1\" data-image-meta=\"{&quot;aperture&quot;:&quot;0&quot;,&quot;credit&quot;:&quot;&quot;,&quot;camera&quot;:&quot;&quot;,&quot;caption&quot;:&quot;&quot;,&quot;created_timestamp&quot;:&quot;0&quot;,&quot;copyright&quot;:&quot;&quot;,&quot;focal_length&quot;:&quot;0&quot;,&quot;iso&quot;:&quot;0&quot;,&quot;shutter_speed&quot;:&quot;0&quot;,&quot;title&quot;:&quot;&quot;}\" data-image-title=\"P\u0142yta KANT  (rewers)\" data-image-description=\"\" data-image-caption=\"\" data-medium-file=\"http:\/\/bezjacka.art.pl\/strona\/wp-content\/uploads\/2013\/08\/kant2-250x247.jpg\" data-large-file=\"http:\/\/bezjacka.art.pl\/strona\/wp-content\/uploads\/2013\/08\/kant2-500x494.jpg\" loading=\"lazy\" width=\"500\" height=\"495\" class=\"aligncenter size-full wp-image-1823\" src=\"http:\/\/bezjacka.art.pl\/strona\/wp-content\/uploads\/2013\/08\/kant2.jpg\" alt=\"P\u0142yta KANT (rewers)\" srcset=\"http:\/\/bezjacka.art.pl\/strona\/wp-content\/uploads\/2013\/08\/kant2.jpg 500w, http:\/\/bezjacka.art.pl\/strona\/wp-content\/uploads\/2013\/08\/kant2-125x123.jpg 125w, http:\/\/bezjacka.art.pl\/strona\/wp-content\/uploads\/2013\/08\/kant2-250x247.jpg 250w, http:\/\/bezjacka.art.pl\/strona\/wp-content\/uploads\/2013\/08\/kant2-220x217.jpg 220w\" sizes=\"(max-width: 500px) 100vw, 500px\" \/><\/a><\/p>\n","protected":false},"excerpt":{"rendered":"<div class=\"entry-summary\">\nW 1976 roku w nagrod\u0119 za zaj\u0119cie pierwszego miejsca w jakim\u015b konkursie,&hellip;\n<\/div>\n<div class=\"link-more\"><a href=\"http:\/\/bezjacka.art.pl\/strona\/kant-2\/\" class=\"more-link\">Czytaj dalej<span class=\"screen-reader-text\"> &ldquo;KANT&rdquo;<\/span>&hellip;<\/a><\/div>\n","protected":false},"author":1,"featured_media":0,"parent":0,"menu_order":0,"comment_status":"open","ping_status":"closed","template":"","meta":{"spay_email":""},"jetpack_shortlink":"https:\/\/wp.me\/P4OIY8-rm","jetpack-related-posts":[{"id":799,"url":"http:\/\/bezjacka.art.pl\/strona\/teksty\/","url_meta":{"origin":1696,"position":0},"title":"Teksty","date":"1 listopada 2012","format":false,"excerpt":"Poczytaj, pos\u0142uchaj, zagraj... Znajdziesz tutaj teksty naszych piosenek - jeszcze nie wszystkich, ale za to obok tych najstarszych znajdziesz te\u017c najnowsze (nierzadko premierowe). Wi\u0119kszo\u015bci tekst\u00f3w towarzyszy plik mp3 zawieraj\u0105cy fragment utworu. Pochodz\u0105 one przewa\u017cnie z p\u0142yt \"Zata\u0144cz ze mn\u0105 na polanie\", \"Do mroku naglisz mnie\" i \"Jasiu\". Z czasem ten\u2026","rel":"","context":"Similar post","img":{"alt_text":"","src":"https:\/\/i0.wp.com\/bezjacka.art.pl\/strona\/wp-content\/uploads\/2017\/04\/bj_tlo_11.jpg?resize=350%2C200","width":350,"height":200},"classes":[]},{"id":1692,"url":"http:\/\/bezjacka.art.pl\/strona\/bez-jacka-koledy-tradycyjne\/","url_meta":{"origin":1696,"position":1},"title":"BEZ JACKA &#8211; &#8220;Kol\u0119dy tradycyjne&#8221;","date":"5 sierpnia 2013","format":false,"excerpt":"Nagra\u0144 dokonano w Studenckim Studiu Radiowym EGIDA w Katowicach w 1991 roku. Wygas\u0142y prawa do rozpowszechniania tej kasety - nie kupuj, kaseta nielegalna - PIRAT!!!","rel":"","context":"Similar post","img":{"alt_text":"","src":"","width":0,"height":0},"classes":[]},{"id":1694,"url":"http:\/\/bezjacka.art.pl\/strona\/bez-jacka-czas-zmartwychwstania\/","url_meta":{"origin":1696,"position":2},"title":"BEZ JACKA &#8211; &#8220;Czas zmartwychwstania&#8221;","date":"5 sierpnia 2013","format":false,"excerpt":"wydawca: JACEK Music premiera: 1986 Pierwsza p\u0142yta \"Bez Jacka\". Nagra\u0144 dokonano w lutym 1986 roku w studiu Akademickiego Radia \"Pomorze\" w Szczecinie. Wygas\u0142y prawa do rozpowszechniania tej kasety - nie kupuj, kaseta nielegalna - PIRAT!!!","rel":"","context":"Similar post","img":{"alt_text":"","src":"","width":0,"height":0},"classes":[]},{"id":1663,"url":"http:\/\/bezjacka.art.pl\/strona\/ot-tak-po-prostu-tom-2\/","url_meta":{"origin":1696,"position":3},"title":"&#8220;Ot tak, po prostu&#8230;&#8221; tom. 2","date":"4 sierpnia 2013","format":false,"excerpt":"wydawca: DALMAFON premiera: 17 Wrze\u015bnia 2010 Ten projekt powsta\u0142 przypadkowo 4 lata temu na Bazunie podczas jubileuszowego koncertu S\u0142odkiego Ca\u0142usa od Buby. Zesp\u00f3\u0142 S\u0142odki Ca\u0142us zagra\u0142 piosenk\u0119 z repertuaru Bez Jacka, a za\u015bpiewa\u0142 j\u0105 Zbyszek Stefa\u0144ski, lider Bez Jacka. Spodoba\u0142o si\u0119 wszystkim i by\u0142o wiadomo, \u017ce na tym si\u0119 nie\u2026","rel":"","context":"Similar post","img":{"alt_text":"","src":"","width":0,"height":0},"classes":[]},{"id":1584,"url":"http:\/\/bezjacka.art.pl\/strona\/tomasz-chrzastek\/","url_meta":{"origin":1696,"position":4},"title":"Tomek Chrz\u0105stek &#8211; honorowy cz\u0142onek zespo\u0142u","date":"3 sierpnia 2013","format":false,"excerpt":"Kwestionariusz Prousta G\u0142\u00f3wna cecha mojego charakteru - niezdecydowanie Cechy, kt\u00f3rych szukam u m\u0119\u017cczyzny - inteligencji, chrakteru Cechy, kt\u00f3rych szukam u kobiety - kobieco\u015bci - cokolwiek to znaczy Co ceni\u0119 najbardziej u przyjaci\u00f3\u0142 - to, \u017ce s\u0105 Moja g\u0142\u00f3wna wada - s\u0142aba silna wola Moje ulubione zaj\u0119cie - tw\u00f3rcze nicnierobienie Moje\u2026","rel":"","context":"Similar post","img":{"alt_text":"","src":"https:\/\/i1.wp.com\/bezjacka.art.pl\/strona\/wp-content\/uploads\/2013\/08\/Tomek_2017-632x474.jpg?resize=350%2C200","width":350,"height":200},"classes":[]},{"id":1677,"url":"http:\/\/bezjacka.art.pl\/strona\/bez-jacka-jasiu\/","url_meta":{"origin":1696,"position":5},"title":"BEZ JACKA &#8211; &#8220;Jasiu&#8221;","date":"4 sierpnia 2013","format":false,"excerpt":"wydawca: DALMAFON premiera: 13 Marca 2004 Ostatni zarejestrowany koncert z udzia\u0142em Jana Stefa\u0144skiego zmar\u0142ego przedwcze\u015bnie 14 lutego 1996 roku. Jasiu, by\u0142 dusz\u0105 towarzystwa, koncerty z jego udzia\u0142em mia\u0142y sw\u00f3j niepowtarzalny klimat, poprzez subtelne sol\u00f3wki gitarowe oraz dowcipy opowiadane mi\u0119dzy piosenkami. Ostatni koncert z Jasiem Stefa\u0144skim odby\u0142 si\u0119 25 stycznia 1996\u2026","rel":"","context":"Similar post","img":{"alt_text":"","src":"","width":0,"height":0},"classes":[]}],"jetpack_sharing_enabled":true,"_links":{"self":[{"href":"http:\/\/bezjacka.art.pl\/strona\/wp-json\/wp\/v2\/pages\/1696"}],"collection":[{"href":"http:\/\/bezjacka.art.pl\/strona\/wp-json\/wp\/v2\/pages"}],"about":[{"href":"http:\/\/bezjacka.art.pl\/strona\/wp-json\/wp\/v2\/types\/page"}],"author":[{"embeddable":true,"href":"http:\/\/bezjacka.art.pl\/strona\/wp-json\/wp\/v2\/users\/1"}],"replies":[{"embeddable":true,"href":"http:\/\/bezjacka.art.pl\/strona\/wp-json\/wp\/v2\/comments?post=1696"}],"version-history":[{"count":22,"href":"http:\/\/bezjacka.art.pl\/strona\/wp-json\/wp\/v2\/pages\/1696\/revisions"}],"predecessor-version":[{"id":4150,"href":"http:\/\/bezjacka.art.pl\/strona\/wp-json\/wp\/v2\/pages\/1696\/revisions\/4150"}],"wp:attachment":[{"href":"http:\/\/bezjacka.art.pl\/strona\/wp-json\/wp\/v2\/media?parent=1696"}],"curies":[{"name":"wp","href":"https:\/\/api.w.org\/{rel}","templated":true}]}}