{"id":1744,"date":"2013-08-05T11:19:04","date_gmt":"2013-08-05T09:19:04","guid":{"rendered":"http:\/\/bezjacka.art.pl\/strona\/?page_id=1744"},"modified":"2013-08-05T12:33:46","modified_gmt":"2013-08-05T10:33:46","slug":"kant-zatancz-ze-mna-na-polanie","status":"publish","type":"page","link":"http:\/\/bezjacka.art.pl\/strona\/kant-zatancz-ze-mna-na-polanie\/","title":{"rendered":"Kant &#8211; Zata\u0144cz ze mn\u0105 na polanie"},"content":{"rendered":"<p><img data-attachment-id=\"1752\" data-permalink=\"http:\/\/bezjacka.art.pl\/strona\/kant-zatancz-ze-mna-na-polanie\/bj1\/\" data-orig-file=\"http:\/\/bezjacka.art.pl\/strona\/wp-content\/uploads\/2013\/08\/BJ1.jpg\" data-orig-size=\"900,524\" data-comments-opened=\"1\" data-image-meta=\"{&quot;aperture&quot;:&quot;0&quot;,&quot;credit&quot;:&quot;&quot;,&quot;camera&quot;:&quot;&quot;,&quot;caption&quot;:&quot;&quot;,&quot;created_timestamp&quot;:&quot;0&quot;,&quot;copyright&quot;:&quot;&quot;,&quot;focal_length&quot;:&quot;0&quot;,&quot;iso&quot;:&quot;0&quot;,&quot;shutter_speed&quot;:&quot;0&quot;,&quot;title&quot;:&quot;&quot;}\" data-image-title=\"BJ1\" data-image-description=\"\" data-image-caption=\"\" data-medium-file=\"http:\/\/bezjacka.art.pl\/strona\/wp-content\/uploads\/2013\/08\/BJ1-250x145.jpg\" data-large-file=\"http:\/\/bezjacka.art.pl\/strona\/wp-content\/uploads\/2013\/08\/BJ1-700x407.jpg\" loading=\"lazy\" width=\"900\" height=\"524\" src=\"http:\/\/bezjacka.art.pl\/strona\/wp-content\/uploads\/2013\/08\/BJ1.jpg\" alt=\"BJ1\" class=\"aligncenter size-full wp-image-1752\" srcset=\"http:\/\/bezjacka.art.pl\/strona\/wp-content\/uploads\/2013\/08\/BJ1.jpg 900w, http:\/\/bezjacka.art.pl\/strona\/wp-content\/uploads\/2013\/08\/BJ1-250x145.jpg 250w, http:\/\/bezjacka.art.pl\/strona\/wp-content\/uploads\/2013\/08\/BJ1-700x407.jpg 700w, http:\/\/bezjacka.art.pl\/strona\/wp-content\/uploads\/2013\/08\/BJ1-125x72.jpg 125w, http:\/\/bezjacka.art.pl\/strona\/wp-content\/uploads\/2013\/08\/BJ1-220x128.jpg 220w\" sizes=\"(max-width: 900px) 100vw, 900px\" \/><\/p>\n<p>Ci\u0105g dalszy<\/p>\n<p><img data-attachment-id=\"1753\" data-permalink=\"http:\/\/bezjacka.art.pl\/strona\/kant-zatancz-ze-mna-na-polanie\/bj2\/\" data-orig-file=\"http:\/\/bezjacka.art.pl\/strona\/wp-content\/uploads\/2013\/08\/BJ2..jpg\" data-orig-size=\"800,1816\" data-comments-opened=\"1\" data-image-meta=\"{&quot;aperture&quot;:&quot;0&quot;,&quot;credit&quot;:&quot;&quot;,&quot;camera&quot;:&quot;&quot;,&quot;caption&quot;:&quot;&quot;,&quot;created_timestamp&quot;:&quot;0&quot;,&quot;copyright&quot;:&quot;&quot;,&quot;focal_length&quot;:&quot;0&quot;,&quot;iso&quot;:&quot;0&quot;,&quot;shutter_speed&quot;:&quot;0&quot;,&quot;title&quot;:&quot;&quot;}\" data-image-title=\"BJ2.\" data-image-description=\"\" data-image-caption=\"\" data-medium-file=\"http:\/\/bezjacka.art.pl\/strona\/wp-content\/uploads\/2013\/08\/BJ2.-250x567.jpg\" data-large-file=\"http:\/\/bezjacka.art.pl\/strona\/wp-content\/uploads\/2013\/08\/BJ2.-700x1589.jpg\" loading=\"lazy\" width=\"800\" height=\"1816\" src=\"http:\/\/bezjacka.art.pl\/strona\/wp-content\/uploads\/2013\/08\/BJ2..jpg\" alt=\"BJ2.\" class=\"aligncenter size-full wp-image-1753\" srcset=\"http:\/\/bezjacka.art.pl\/strona\/wp-content\/uploads\/2013\/08\/BJ2..jpg 800w, http:\/\/bezjacka.art.pl\/strona\/wp-content\/uploads\/2013\/08\/BJ2.-250x567.jpg 250w, http:\/\/bezjacka.art.pl\/strona\/wp-content\/uploads\/2013\/08\/BJ2.-700x1589.jpg 700w, http:\/\/bezjacka.art.pl\/strona\/wp-content\/uploads\/2013\/08\/BJ2.-125x283.jpg 125w, http:\/\/bezjacka.art.pl\/strona\/wp-content\/uploads\/2013\/08\/BJ2.-220x499.jpg 220w\" sizes=\"(max-width: 800px) 100vw, 800px\" \/><\/p>\n","protected":false},"excerpt":{"rendered":"<div class=\"entry-summary\">\nCi\u0105g dalszy\n<\/div>\n<div class=\"link-more\"><a href=\"http:\/\/bezjacka.art.pl\/strona\/kant-zatancz-ze-mna-na-polanie\/\" class=\"more-link\">Czytaj dalej<span class=\"screen-reader-text\"> &ldquo;Kant &#8211; Zata\u0144cz ze mn\u0105 na polanie&rdquo;<\/span>&hellip;<\/a><\/div>\n","protected":false},"author":1,"featured_media":0,"parent":0,"menu_order":0,"comment_status":"open","ping_status":"open","template":"template.page.fullwidth.php","meta":{"spay_email":""},"jetpack_shortlink":"https:\/\/wp.me\/P4OIY8-s8","jetpack-related-posts":[{"id":961,"url":"http:\/\/bezjacka.art.pl\/strona\/zatancz-ze-mna-na-polanie\/","url_meta":{"origin":1744,"position":0},"title":"BEZ JACKA &#8211; &#8220;Zata\u0144cz ze mn\u0105 na polanie&#8221;","date":"28 lipca 2013","format":false,"excerpt":"wydawca: DALMAFON premiera: grudzie\u0144 2000 Pierwsza oficjalna p\u0142yta grupy. Jest to koncert jaki odby\u0142 si\u0119 w \u0142\u00f3dzkiej piwnicy artystycznej \"Przechowalnia\". Znakomicie zmiksowany wysokiej jako\u015bci materia\u0142 ukazuje wsp\u00f3\u0142czesne brzmienie zespo\u0142u, kt\u00f3rego korzenie si\u0119gaj\u0105 lat siedemdziesi\u0105tych. W tym czasie przez zesp\u00f3\u0142 przewin\u0119\u0142o si\u0119 wielu znanych i wy\u015bmienitych muzyk\u00f3w wp\u0142ywaj\u0105cych na brzmienie \"Bez\u2026","rel":"","context":"With 1 comment","img":{"alt_text":"","src":"","width":0,"height":0},"classes":[]},{"id":1615,"url":"http:\/\/bezjacka.art.pl\/strona\/nasze-plyty\/","url_meta":{"origin":1744,"position":1},"title":"Wydawnictwa","date":"4 sierpnia 2013","format":false,"excerpt":"Ze wszystkich naszych wydawnictw tylko ostatnie p\u0142yty wydane przez wytw\u00f3rni\u0119 \"Dalmafon\" oraz przez nas samych s\u0105 legalne. Pozosta\u0142e p\u0142yty w zwi\u0105zku z wyga\u015bni\u0119ciem praw do ich rozpowszechniania, utraci\u0142y licencje i je\u017celi gdziekolwiek znajdziecie je Pa\u0144stwo w sprzeda\u017cy, to s\u0105 to wydania nielegalne czyli pirackie. Je\u017celi cho\u0107 troch\u0119 lubicie Pa\u0144stwo nas\u2026","rel":"","context":"Similar post","img":{"alt_text":"","src":"https:\/\/i1.wp.com\/bezjacka.art.pl\/strona\/wp-content\/uploads\/2017\/04\/bj_tlo_09.jpg?resize=350%2C200","width":350,"height":200},"classes":[]},{"id":1680,"url":"http:\/\/bezjacka.art.pl\/strona\/bez-jacka-do-mroku-naglisz-mnie\/","url_meta":{"origin":1744,"position":2},"title":"&#8220;Do mroku naglisz mnie&#8221;","date":"4 sierpnia 2013","format":false,"excerpt":"wydawca: DALMAFON premiera: czerwiec 2003 Materia\u0142 zawarty na kr\u0105\u017cku stanowi uzupe\u0142nienie pierwszej, wydanej trzy lata wcze\u015bniej p\u0142yty \"Zata\u0144cz ze mn\u0105 na polanie\". Materia\u0142 zarejestrowano 11 pa\u017cdziernika 2002 roku w \u0141odzi w \"Pa\u0142acyku na Siedleckiej\".","rel":"","context":"Similar post","img":{"alt_text":"","src":"","width":0,"height":0},"classes":[]},{"id":799,"url":"http:\/\/bezjacka.art.pl\/strona\/teksty\/","url_meta":{"origin":1744,"position":3},"title":"Teksty","date":"1 listopada 2012","format":false,"excerpt":"Poczytaj, pos\u0142uchaj, zagraj... Znajdziesz tutaj teksty naszych piosenek - jeszcze nie wszystkich, ale za to obok tych najstarszych znajdziesz te\u017c najnowsze (nierzadko premierowe). Wi\u0119kszo\u015bci tekst\u00f3w towarzyszy plik mp3 zawieraj\u0105cy fragment utworu. Pochodz\u0105 one przewa\u017cnie z p\u0142yt \"Zata\u0144cz ze mn\u0105 na polanie\", \"Do mroku naglisz mnie\" i \"Jasiu\". Z czasem ten\u2026","rel":"","context":"Similar post","img":{"alt_text":"","src":"https:\/\/i0.wp.com\/bezjacka.art.pl\/strona\/wp-content\/uploads\/2017\/04\/bj_tlo_11.jpg?resize=350%2C200","width":350,"height":200},"classes":[]},{"id":1670,"url":"http:\/\/bezjacka.art.pl\/strona\/bez-jacka-z-chorem-i-orkiestra\/","url_meta":{"origin":1744,"position":4},"title":"Bez Jacka z ch\u00f3rem i orkiestr\u0105","date":"4 sierpnia 2013","format":false,"excerpt":"Bez Jacka z ch\u00f3rem Voce Angeli i Krakowsk\u0105 Orkiestra Kameraln\u0105. wydawca: DALMAFON premiera: 14 Sierpnia 2009 O ile nie wydarzy si\u0119 jaki\u015b kataklizm, na \"Bieszczadzkich Anio\u0142ach\" uka\u017ce si\u0119 nasza najnowsza p\u0142yta. Na p\u0142ycie przedstawiamy nagrania dokonane w czasie koncertu w Nowej Hucie. Podczas tego koncertu zagrali\u015bmy wsp\u00f3lnie z ch\u00f3rem Voce\u2026","rel":"","context":"Similar post","img":{"alt_text":"","src":"","width":0,"height":0},"classes":[]},{"id":1696,"url":"http:\/\/bezjacka.art.pl\/strona\/kant-2\/","url_meta":{"origin":1744,"position":5},"title":"KANT","date":"6 sierpnia 2013","format":false,"excerpt":"W 1976 roku w nagrod\u0119 za zaj\u0119cie pierwszego miejsca w jakim\u015b konkursie, zaproszono zesp\u00f3\u0142 KANT do rozg\u0142o\u015bni Radia Kielce i tam nagrano kilka ich utwor\u00f3w. Po wielu latach, bodaj\u017ce oko\u0142o roku 2004 okaza\u0142o si\u0119, \u017ce kto\u015b wtedy zgra\u0142 to sobie na kaset\u0119 i w\u0142asnie to nagranie kasetowe sta\u0142o si\u0119 \"ta\u015bm\u0105\u2026","rel":"","context":"With 1 comment","img":{"alt_text":"","src":"","width":0,"height":0},"classes":[]}],"jetpack_sharing_enabled":true,"_links":{"self":[{"href":"http:\/\/bezjacka.art.pl\/strona\/wp-json\/wp\/v2\/pages\/1744"}],"collection":[{"href":"http:\/\/bezjacka.art.pl\/strona\/wp-json\/wp\/v2\/pages"}],"about":[{"href":"http:\/\/bezjacka.art.pl\/strona\/wp-json\/wp\/v2\/types\/page"}],"author":[{"embeddable":true,"href":"http:\/\/bezjacka.art.pl\/strona\/wp-json\/wp\/v2\/users\/1"}],"replies":[{"embeddable":true,"href":"http:\/\/bezjacka.art.pl\/strona\/wp-json\/wp\/v2\/comments?post=1744"}],"version-history":[{"count":10,"href":"http:\/\/bezjacka.art.pl\/strona\/wp-json\/wp\/v2\/pages\/1744\/revisions"}],"predecessor-version":[{"id":1782,"href":"http:\/\/bezjacka.art.pl\/strona\/wp-json\/wp\/v2\/pages\/1744\/revisions\/1782"}],"wp:attachment":[{"href":"http:\/\/bezjacka.art.pl\/strona\/wp-json\/wp\/v2\/media?parent=1744"}],"curies":[{"name":"wp","href":"https:\/\/api.w.org\/{rel}","templated":true}]}}