{"id":1761,"date":"2013-08-05T11:53:47","date_gmt":"2013-08-05T09:53:47","guid":{"rendered":"http:\/\/bezjacka.art.pl\/strona\/?page_id=1761"},"modified":"2013-08-05T11:59:54","modified_gmt":"2013-08-05T09:59:54","slug":"kant-przedstawiamy","status":"publish","type":"page","link":"http:\/\/bezjacka.art.pl\/strona\/kant-przedstawiamy\/","title":{"rendered":"Kant &#8211; przedstawiamy Zesp\u00f3\u0142 &#8220;Kant&#8221;"},"content":{"rendered":"<p><a href=\"http:\/\/bezjacka.art.pl\/strona\/wp-content\/uploads\/2013\/08\/Kant.jpg\"><img data-attachment-id=\"1764\" data-permalink=\"http:\/\/bezjacka.art.pl\/strona\/kant-przedstawiamy\/kant-3\/\" data-orig-file=\"http:\/\/bezjacka.art.pl\/strona\/wp-content\/uploads\/2013\/08\/Kant.jpg\" data-orig-size=\"900,420\" data-comments-opened=\"1\" data-image-meta=\"{&quot;aperture&quot;:&quot;0&quot;,&quot;credit&quot;:&quot;&quot;,&quot;camera&quot;:&quot;&quot;,&quot;caption&quot;:&quot;&quot;,&quot;created_timestamp&quot;:&quot;0&quot;,&quot;copyright&quot;:&quot;&quot;,&quot;focal_length&quot;:&quot;0&quot;,&quot;iso&quot;:&quot;0&quot;,&quot;shutter_speed&quot;:&quot;0&quot;,&quot;title&quot;:&quot;&quot;}\" data-image-title=\"Kant\" data-image-description=\"\" data-image-caption=\"\" data-medium-file=\"http:\/\/bezjacka.art.pl\/strona\/wp-content\/uploads\/2013\/08\/Kant-250x116.jpg\" data-large-file=\"http:\/\/bezjacka.art.pl\/strona\/wp-content\/uploads\/2013\/08\/Kant-700x326.jpg\" loading=\"lazy\" width=\"900\" height=\"420\" src=\"http:\/\/bezjacka.art.pl\/strona\/wp-content\/uploads\/2013\/08\/Kant.jpg\" alt=\"Kant\" class=\"aligncenter size-full wp-image-1764\" srcset=\"http:\/\/bezjacka.art.pl\/strona\/wp-content\/uploads\/2013\/08\/Kant.jpg 900w, http:\/\/bezjacka.art.pl\/strona\/wp-content\/uploads\/2013\/08\/Kant-250x116.jpg 250w, http:\/\/bezjacka.art.pl\/strona\/wp-content\/uploads\/2013\/08\/Kant-700x326.jpg 700w, http:\/\/bezjacka.art.pl\/strona\/wp-content\/uploads\/2013\/08\/Kant-125x58.jpg 125w, http:\/\/bezjacka.art.pl\/strona\/wp-content\/uploads\/2013\/08\/Kant-220x102.jpg 220w\" sizes=\"(max-width: 900px) 100vw, 900px\" \/><\/a><\/p>\n","protected":false},"excerpt":{"rendered":"<div class=\"link-more\"><a href=\"http:\/\/bezjacka.art.pl\/strona\/kant-przedstawiamy\/\" class=\"more-link\">Czytaj dalej<span class=\"screen-reader-text\"> &ldquo;Kant &#8211; przedstawiamy Zesp\u00f3\u0142 &#8220;Kant&#8221;&rdquo;<\/span>&hellip;<\/a><\/div>\n","protected":false},"author":1,"featured_media":0,"parent":0,"menu_order":0,"comment_status":"open","ping_status":"open","template":"template.page.fullwidth.php","meta":{"spay_email":""},"jetpack_shortlink":"https:\/\/wp.me\/P4OIY8-sp","jetpack-related-posts":[{"id":1696,"url":"http:\/\/bezjacka.art.pl\/strona\/kant-2\/","url_meta":{"origin":1761,"position":0},"title":"KANT","date":"6 sierpnia 2013","format":false,"excerpt":"W 1976 roku w nagrod\u0119 za zaj\u0119cie pierwszego miejsca w jakim\u015b konkursie, zaproszono zesp\u00f3\u0142 KANT do rozg\u0142o\u015bni Radia Kielce i tam nagrano kilka ich utwor\u00f3w. Po wielu latach, bodaj\u017ce oko\u0142o roku 2004 okaza\u0142o si\u0119, \u017ce kto\u015b wtedy zgra\u0142 to sobie na kaset\u0119 i w\u0142asnie to nagranie kasetowe sta\u0142o si\u0119 \"ta\u015bm\u0105\u2026","rel":"","context":"With 1 comment","img":{"alt_text":"","src":"","width":0,"height":0},"classes":[]},{"id":1758,"url":"http:\/\/bezjacka.art.pl\/strona\/kant-ballady-rabarbarowych-chlopakow\/","url_meta":{"origin":1761,"position":1},"title":"Kant &#8211; Ballady &#8220;rabarbarowych ch\u0142opak\u00f3w&#8221;","date":"5 sierpnia 2013","format":false,"excerpt":"","rel":"","context":"Similar post","img":{"alt_text":"","src":"","width":0,"height":0},"classes":[]},{"id":1744,"url":"http:\/\/bezjacka.art.pl\/strona\/kant-zatancz-ze-mna-na-polanie\/","url_meta":{"origin":1761,"position":2},"title":"Kant &#8211; Zata\u0144cz ze mn\u0105 na polanie","date":"5 sierpnia 2013","format":false,"excerpt":"Ci\u0105g dalszy","rel":"","context":"Similar post","img":{"alt_text":"","src":"","width":0,"height":0},"classes":[]},{"id":1615,"url":"http:\/\/bezjacka.art.pl\/strona\/nasze-plyty\/","url_meta":{"origin":1761,"position":3},"title":"Wydawnictwa","date":"4 sierpnia 2013","format":false,"excerpt":"Ze wszystkich naszych wydawnictw tylko ostatnie p\u0142yty wydane przez wytw\u00f3rni\u0119 \"Dalmafon\" oraz przez nas samych s\u0105 legalne. Pozosta\u0142e p\u0142yty w zwi\u0105zku z wyga\u015bni\u0119ciem praw do ich rozpowszechniania, utraci\u0142y licencje i je\u017celi gdziekolwiek znajdziecie je Pa\u0144stwo w sprzeda\u017cy, to s\u0105 to wydania nielegalne czyli pirackie. Je\u017celi cho\u0107 troch\u0119 lubicie Pa\u0144stwo nas\u2026","rel":"","context":"Similar post","img":{"alt_text":"","src":"https:\/\/i1.wp.com\/bezjacka.art.pl\/strona\/wp-content\/uploads\/2017\/04\/bj_tlo_09.jpg?resize=350%2C200","width":350,"height":200},"classes":[]},{"id":2775,"url":"http:\/\/bezjacka.art.pl\/strona\/linki\/","url_meta":{"origin":1761,"position":4},"title":"Linki","date":"6 sierpnia 2013","format":false,"excerpt":"Zaprzyja\u017anieni z nami wykonawcy Czerwony Tulipan\u00a0- lubimy ich wszystkich, pozdrawiamy www.czerwonytulipan.olsztyn.pl Wolna Grupa Bukowina\u00a0- przyja\u017animy si\u0119 z nimi od zawsze http:\/\/www.wolnagrupabukowina.pl\/ Adam Ziemianin\u00a0- fantastyczny poeta, \u015bwietny kompan www.ziemianin.art.pl Raz Dwa Trzy\u00a0- bardzo ich cenimy i s\u0142uchamy www.zespolrazdwatrzy.pl SDM\u00a0- nasi przyjaciele, kawa\u0142 wsp\u00f3lnej historii http:\/\/sdm-myszkowski.com\/ S\u0142odki Ca\u0142us od Buby\u00a0- nasi krajanie,\u2026","rel":"","context":"Similar post","img":{"alt_text":"","src":"https:\/\/i0.wp.com\/bezjacka.art.pl\/strona\/wp-content\/uploads\/2017\/04\/bj_tlo_08.jpg?resize=350%2C200","width":350,"height":200},"classes":[]},{"id":4053,"url":"http:\/\/bezjacka.art.pl\/strona\/","url_meta":{"origin":1761,"position":5},"title":"Nowa p\u0142yta &#8211; &#8220;Wierz\u0105c w sny&#8221;","date":"9 kwietnia 2017","format":false,"excerpt":"Kochani, wreszcie po latach mo\u017cemy przedstawi\u0107 Wam nasz\u0105 now\u0105 p\u0142yt\u0119. Nosi ona tytu\u0142 \"Wierz\u0105c w sny\". Dobre sny i dobre marzenia, pragnienia spe\u0142niaj\u0105 si\u0119. Sam tego do\u015bwiadczy\u0142em, a ch\u0119\u0107 podzielenia si\u0119 tym z Wami spe\u0142nia si\u0119 wraz z wydaniem tej p\u0142yty. P\u0142yta nasza nagrana jest klasycznie, bez specjalnych efekt\u00f3w dodanych\u2026","rel":"","context":"Similar post","img":{"alt_text":"","src":"https:\/\/i0.wp.com\/bezjacka.art.pl\/strona\/wp-content\/uploads\/2017\/04\/zbig_plyta.png?resize=350%2C200","width":350,"height":200},"classes":[]}],"jetpack_sharing_enabled":true,"_links":{"self":[{"href":"http:\/\/bezjacka.art.pl\/strona\/wp-json\/wp\/v2\/pages\/1761"}],"collection":[{"href":"http:\/\/bezjacka.art.pl\/strona\/wp-json\/wp\/v2\/pages"}],"about":[{"href":"http:\/\/bezjacka.art.pl\/strona\/wp-json\/wp\/v2\/types\/page"}],"author":[{"embeddable":true,"href":"http:\/\/bezjacka.art.pl\/strona\/wp-json\/wp\/v2\/users\/1"}],"replies":[{"embeddable":true,"href":"http:\/\/bezjacka.art.pl\/strona\/wp-json\/wp\/v2\/comments?post=1761"}],"version-history":[{"count":4,"href":"http:\/\/bezjacka.art.pl\/strona\/wp-json\/wp\/v2\/pages\/1761\/revisions"}],"predecessor-version":[{"id":1767,"href":"http:\/\/bezjacka.art.pl\/strona\/wp-json\/wp\/v2\/pages\/1761\/revisions\/1767"}],"wp:attachment":[{"href":"http:\/\/bezjacka.art.pl\/strona\/wp-json\/wp\/v2\/media?parent=1761"}],"curies":[{"name":"wp","href":"https:\/\/api.w.org\/{rel}","templated":true}]}}